{"id":1125,"date":"2022-07-18T15:13:19","date_gmt":"2022-07-18T13:13:19","guid":{"rendered":"https:\/\/www.arteiasi.ro\/texpoart\/?page_id=1125"},"modified":"2025-11-18T12:32:47","modified_gmt":"2025-11-18T10:32:47","slug":"calendar","status":"publish","type":"page","link":"https:\/\/www.arteiasi.ro\/texpoart\/?page_id=1125","title":{"rendered":"Calendar"},"content":{"rendered":"\n\n\t<p>Registration period: <strong>15 March &#8211; 1 April 2026<\/strong><\/p>\n<p>The results of the selection: <strong>22 April 2026<\/strong><\/p>\n<p>The period for sending the works: <strong>22 April &#8211; 15 May2026<\/strong><\/p>\n<p>Exhibition period: <strong>\u00a0June 10 &#8211; 30, 2026<\/strong><\/p>\n<p>Reshipment of the artworks period: <strong>July 1 &#8211; 20, 2026<\/strong><\/p>\n<p>&nbsp;<\/p>\n<p>&nbsp;<\/p>\n\t<p>&#8212;-<\/p>\n<p><strong>TexpoART<\/strong> \u00a0is open to professionals and master students in the field of Textile Arts with art works of medium size, made in the last 3 years.<\/p>\n<p>Any textile techniques and any materials, traditional or unconventional, with witch the artists can configure their own interpretation of the idea of NEW START in a contemporary formula are accepted.<\/p>\n<p>The <strong>Textile Art International Triennial <em>TexpoART <\/em><\/strong>is sponsored by the National University of Arts &#8220;George Enescu&#8221; and the Union of Visual Artists in Romania and will take place between 10 &#8211; 30 JUNE 2026 in the Art Galleries of the ROMANIAN UNION OF VISUAL ARTISTS\u00a0 IA\u0218I BRANCH (U.A.P.R &#8211; Ia\u0219i) (<a href=\"https:\/\/uapriasi.ro\/galerii\/\">https:\/\/uapriasi.ro\/galerii\/<\/a>) and the &#8220;Aparte&#8221; Gallery of U.N.A.G.E. Ia\u0219i (<a href=\"https:\/\/aparte.arteiasi.ro\/\">https:\/\/aparte.arteiasi.ro\/<\/a>).<\/p>\n\n","protected":false},"excerpt":{"rendered":"<p>Registration period: 15 March &#8211; 1 April 2026 The results of the selection: 22 April 2026 The period for sending the works: 22 April &#8211; 15 May2026 Exhibition period: \u00a0June 10 &#8211; 30, 2026 Reshipment of the artworks period: July 1 &#8211; 20, 2026 &nbsp; &nbsp; &#8212;- TexpoART \u00a0is open to professionals and master students &#8230; <a title=\"Calendar\" class=\"read-more\" href=\"https:\/\/www.arteiasi.ro\/texpoart\/?page_id=1125\" aria-label=\"Read more about Calendar\">Read more<\/a><\/p>\n","protected":false},"author":1,"featured_media":0,"parent":0,"menu_order":0,"comment_status":"closed","ping_status":"closed","template":"","meta":{"footnotes":""},"class_list":["post-1125","page","type-page","status-publish"],"yoast_head":"<!-- This site is optimized with the Yoast SEO plugin v27.5 - https:\/\/yoast.com\/product\/yoast-seo-wordpress\/ -->\n<title>Calendar - Triennial of Textile Arts, Romania<\/title>\n<meta name=\"robots\" content=\"index, follow, max-snippet:-1, max-image-preview:large, max-video-preview:-1\" \/>\n<link rel=\"canonical\" href=\"https:\/\/www.arteiasi.ro\/texpoart\/?page_id=1125\" \/>\n<meta property=\"og:locale\" content=\"en_US\" \/>\n<meta property=\"og:type\" content=\"article\" \/>\n<meta property=\"og:title\" content=\"Calendar - Triennial of Textile Arts, Romania\" \/>\n<meta property=\"og:description\" content=\"Registration period: 15 March &#8211; 1 April 2026 The results of the selection: 22 April 2026 The period for sending the works: 22 April &#8211; 15 May2026 Exhibition period: \u00a0June 10 &#8211; 30, 2026 Reshipment of the artworks period: July 1 &#8211; 20, 2026 &nbsp; &nbsp; &#8212;- TexpoART \u00a0is open to professionals and master students ... Read more\" \/>\n<meta property=\"og:url\" content=\"https:\/\/www.arteiasi.ro\/texpoart\/?page_id=1125\" \/>\n<meta property=\"og:site_name\" content=\"Triennial of Textile Arts, Romania\" \/>\n<meta property=\"article:publisher\" content=\"https:\/\/ro-ro.facebook.com\/Texpoart\/\" \/>\n<meta property=\"article:modified_time\" content=\"2025-11-18T10:32:47+00:00\" \/>\n<meta name=\"twitter:card\" content=\"summary_large_image\" \/>\n<meta name=\"twitter:label1\" content=\"Est. reading time\" \/>\n\t<meta name=\"twitter:data1\" content=\"1 minute\" \/>\n<script type=\"application\/ld+json\" class=\"yoast-schema-graph\">{\"@context\":\"https:\\\/\\\/schema.org\",\"@graph\":[{\"@type\":\"WebPage\",\"@id\":\"https:\\\/\\\/www.arteiasi.ro\\\/texpoart\\\/?page_id=1125\",\"url\":\"https:\\\/\\\/www.arteiasi.ro\\\/texpoart\\\/?page_id=1125\",\"name\":\"Calendar - Triennial of Textile Arts, Romania\",\"isPartOf\":{\"@id\":\"http:\\\/\\\/www.arteiasi.ro\\\/texpoart\\\/#website\"},\"datePublished\":\"2022-07-18T13:13:19+00:00\",\"dateModified\":\"2025-11-18T10:32:47+00:00\",\"breadcrumb\":{\"@id\":\"https:\\\/\\\/www.arteiasi.ro\\\/texpoart\\\/?page_id=1125#breadcrumb\"},\"inLanguage\":\"en-US\",\"potentialAction\":[{\"@type\":\"ReadAction\",\"target\":[\"https:\\\/\\\/www.arteiasi.ro\\\/texpoart\\\/?page_id=1125\"]}]},{\"@type\":\"BreadcrumbList\",\"@id\":\"https:\\\/\\\/www.arteiasi.ro\\\/texpoart\\\/?page_id=1125#breadcrumb\",\"itemListElement\":[{\"@type\":\"ListItem\",\"position\":1,\"name\":\"Home\",\"item\":\"https:\\\/\\\/www.arteiasi.ro\\\/texpoart\\\/\"},{\"@type\":\"ListItem\",\"position\":2,\"name\":\"Calendar\"}]},{\"@type\":\"WebSite\",\"@id\":\"http:\\\/\\\/www.arteiasi.ro\\\/texpoart\\\/#website\",\"url\":\"http:\\\/\\\/www.arteiasi.ro\\\/texpoart\\\/\",\"name\":\"Triennial of Textile Arts, Romania\",\"description\":\"Ia\u0219i, Trienala interna\u021bional\u0103 de art\u0103 textil\u0103\",\"potentialAction\":[{\"@type\":\"SearchAction\",\"target\":{\"@type\":\"EntryPoint\",\"urlTemplate\":\"http:\\\/\\\/www.arteiasi.ro\\\/texpoart\\\/?s={search_term_string}\"},\"query-input\":{\"@type\":\"PropertyValueSpecification\",\"valueRequired\":true,\"valueName\":\"search_term_string\"}}],\"inLanguage\":\"en-US\"}]}<\/script>\n<!-- \/ Yoast SEO plugin. -->","yoast_head_json":{"title":"Calendar - Triennial of Textile Arts, Romania","robots":{"index":"index","follow":"follow","max-snippet":"max-snippet:-1","max-image-preview":"max-image-preview:large","max-video-preview":"max-video-preview:-1"},"canonical":"https:\/\/www.arteiasi.ro\/texpoart\/?page_id=1125","og_locale":"en_US","og_type":"article","og_title":"Calendar - Triennial of Textile Arts, Romania","og_description":"Registration period: 15 March &#8211; 1 April 2026 The results of the selection: 22 April 2026 The period for sending the works: 22 April &#8211; 15 May2026 Exhibition period: \u00a0June 10 &#8211; 30, 2026 Reshipment of the artworks period: July 1 &#8211; 20, 2026 &nbsp; &nbsp; &#8212;- TexpoART \u00a0is open to professionals and master students ... Read more","og_url":"https:\/\/www.arteiasi.ro\/texpoart\/?page_id=1125","og_site_name":"Triennial of Textile Arts, Romania","article_publisher":"https:\/\/ro-ro.facebook.com\/Texpoart\/","article_modified_time":"2025-11-18T10:32:47+00:00","twitter_card":"summary_large_image","twitter_misc":{"Est. reading time":"1 minute"},"schema":{"@context":"https:\/\/schema.org","@graph":[{"@type":"WebPage","@id":"https:\/\/www.arteiasi.ro\/texpoart\/?page_id=1125","url":"https:\/\/www.arteiasi.ro\/texpoart\/?page_id=1125","name":"Calendar - Triennial of Textile Arts, Romania","isPartOf":{"@id":"http:\/\/www.arteiasi.ro\/texpoart\/#website"},"datePublished":"2022-07-18T13:13:19+00:00","dateModified":"2025-11-18T10:32:47+00:00","breadcrumb":{"@id":"https:\/\/www.arteiasi.ro\/texpoart\/?page_id=1125#breadcrumb"},"inLanguage":"en-US","potentialAction":[{"@type":"ReadAction","target":["https:\/\/www.arteiasi.ro\/texpoart\/?page_id=1125"]}]},{"@type":"BreadcrumbList","@id":"https:\/\/www.arteiasi.ro\/texpoart\/?page_id=1125#breadcrumb","itemListElement":[{"@type":"ListItem","position":1,"name":"Home","item":"https:\/\/www.arteiasi.ro\/texpoart\/"},{"@type":"ListItem","position":2,"name":"Calendar"}]},{"@type":"WebSite","@id":"http:\/\/www.arteiasi.ro\/texpoart\/#website","url":"http:\/\/www.arteiasi.ro\/texpoart\/","name":"Triennial of Textile Arts, Romania","description":"Ia\u0219i, Trienala interna\u021bional\u0103 de art\u0103 textil\u0103","potentialAction":[{"@type":"SearchAction","target":{"@type":"EntryPoint","urlTemplate":"http:\/\/www.arteiasi.ro\/texpoart\/?s={search_term_string}"},"query-input":{"@type":"PropertyValueSpecification","valueRequired":true,"valueName":"search_term_string"}}],"inLanguage":"en-US"}]}},"_links":{"self":[{"href":"https:\/\/www.arteiasi.ro\/texpoart\/index.php?rest_route=\/wp\/v2\/pages\/1125","targetHints":{"allow":["GET"]}}],"collection":[{"href":"https:\/\/www.arteiasi.ro\/texpoart\/index.php?rest_route=\/wp\/v2\/pages"}],"about":[{"href":"https:\/\/www.arteiasi.ro\/texpoart\/index.php?rest_route=\/wp\/v2\/types\/page"}],"author":[{"embeddable":true,"href":"https:\/\/www.arteiasi.ro\/texpoart\/index.php?rest_route=\/wp\/v2\/users\/1"}],"replies":[{"embeddable":true,"href":"https:\/\/www.arteiasi.ro\/texpoart\/index.php?rest_route=%2Fwp%2Fv2%2Fcomments&post=1125"}],"version-history":[{"count":6,"href":"https:\/\/www.arteiasi.ro\/texpoart\/index.php?rest_route=\/wp\/v2\/pages\/1125\/revisions"}],"predecessor-version":[{"id":1409,"href":"https:\/\/www.arteiasi.ro\/texpoart\/index.php?rest_route=\/wp\/v2\/pages\/1125\/revisions\/1409"}],"wp:attachment":[{"href":"https:\/\/www.arteiasi.ro\/texpoart\/index.php?rest_route=%2Fwp%2Fv2%2Fmedia&parent=1125"}],"curies":[{"name":"wp","href":"https:\/\/api.w.org\/{rel}","templated":true}]}}