{"id":1076,"date":"2022-07-04T15:29:21","date_gmt":"2022-07-04T13:29:21","guid":{"rendered":"https:\/\/www.arteiasi.ro\/texpoart\/?page_id=1076"},"modified":"2026-03-17T13:42:40","modified_gmt":"2026-03-17T11:42:40","slug":"participants-copy","status":"publish","type":"page","link":"https:\/\/www.arteiasi.ro\/texpoart\/?page_id=1076","title":{"rendered":"About TexpoART"},"content":{"rendered":"\n\n\t<p>The main theme of this edition of the 2026 <strong>Textile Art International Triennial\u00a0<\/strong>is <em><strong>Order and Chaos<\/strong><\/em>, a concept that propose a new attitude toward the contemporary context, that reflects the tension, dynamism and transformations of today&#8217;s world .<\/p>\n<p>Transposed into textile art, creative adaptation efforts involve unconventional approaches or exceeding the limits of traditionalism &#8211; either as a technique or as a system of compositional organization -, capturing the dynamics and transformations of the contemporary world in the artistic adventure of creation.<\/p>\n<p>We do not know where today&#8217;s society or art is going on, but the hope remains in positive metamorphoses and spectacular evolution, specific to the human spirit, overcoming the obstacles inherent in any progress.<\/p>\n<p><strong>TexpoART<\/strong> is open to professionals and master students in the field of Textile Arts with art works of medium size, made in the last 3 years.<\/p>\n<p>Any textile techniques and any materials, traditional or unconventional, with witch the artists can configure their own interpretation of the idea of ORDER and CHAOS in a contemporary formula are accepted.<\/p>\n<p>Before you apply, please read the <strong><a href=\"https:\/\/www.arteiasi.ro\/texpoart\/?page_id=1125&amp;fl_builder\">calendar<\/a><\/strong> and <strong><a href=\"https:\/\/www.arteiasi.ro\/texpoart\/?page_id=556\">regulations<\/a><\/strong> for the 2026 edition.<\/p>\n<p><a href=\"https:\/\/www.arteiasi.ro\/texpoart\/?page_id=1183\">Explore the previous edition of Texpoart<\/a>.<\/p>\n\n","protected":false},"excerpt":{"rendered":"<p>The main theme of this edition of the 2026 Textile Art International Triennial\u00a0is Order and Chaos, a concept that propose a new attitude toward the contemporary context, that reflects the tension, dynamism and transformations of today&#8217;s world . Transposed into textile art, creative adaptation efforts involve unconventional approaches or exceeding the limits of traditionalism &#8211; &#8230; <a title=\"About TexpoART\" class=\"read-more\" href=\"https:\/\/www.arteiasi.ro\/texpoart\/?page_id=1076\" aria-label=\"Read more about About TexpoART\">Read more<\/a><\/p>\n","protected":false},"author":1,"featured_media":0,"parent":0,"menu_order":0,"comment_status":"closed","ping_status":"closed","template":"","meta":{"footnotes":""},"class_list":["post-1076","page","type-page","status-publish"],"yoast_head":"<!-- This site is optimized with the Yoast SEO plugin v27.5 - https:\/\/yoast.com\/product\/yoast-seo-wordpress\/ -->\n<title>About TexpoART -<\/title>\n<meta name=\"description\" content=\"Textile Art International Triennial TexpoART, Iasi, Romania is open to professionals and master students in the field of Textile Arts with art works made in the last 3 years.\" \/>\n<meta name=\"robots\" content=\"index, follow, max-snippet:-1, max-image-preview:large, max-video-preview:-1\" \/>\n<link rel=\"canonical\" href=\"https:\/\/www.arteiasi.ro\/texpoart\/?page_id=1076\" \/>\n<meta property=\"og:locale\" content=\"en_US\" \/>\n<meta property=\"og:type\" content=\"article\" \/>\n<meta property=\"og:title\" content=\"About TexpoART -\" \/>\n<meta property=\"og:description\" content=\"Textile Art International Triennial TexpoART, Iasi, Romania is open to professionals and master students in the field of Textile Arts with art works made in the last 3 years.\" \/>\n<meta property=\"og:url\" content=\"https:\/\/www.arteiasi.ro\/texpoart\/?page_id=1076\" \/>\n<meta property=\"og:site_name\" content=\"Triennial of Textile Arts, Romania\" \/>\n<meta property=\"article:publisher\" content=\"https:\/\/ro-ro.facebook.com\/Texpoart\/\" \/>\n<meta property=\"article:modified_time\" content=\"2026-03-17T11:42:40+00:00\" \/>\n<meta name=\"twitter:card\" content=\"summary_large_image\" \/>\n<meta name=\"twitter:label1\" content=\"Est. reading time\" \/>\n\t<meta name=\"twitter:data1\" content=\"1 minute\" \/>\n<script type=\"application\/ld+json\" class=\"yoast-schema-graph\">{\"@context\":\"https:\\\/\\\/schema.org\",\"@graph\":[{\"@type\":\"WebPage\",\"@id\":\"https:\\\/\\\/www.arteiasi.ro\\\/texpoart\\\/?page_id=1076\",\"url\":\"https:\\\/\\\/www.arteiasi.ro\\\/texpoart\\\/?page_id=1076\",\"name\":\"About TexpoART -\",\"isPartOf\":{\"@id\":\"http:\\\/\\\/www.arteiasi.ro\\\/texpoart\\\/#website\"},\"datePublished\":\"2022-07-04T13:29:21+00:00\",\"dateModified\":\"2026-03-17T11:42:40+00:00\",\"description\":\"Textile Art International Triennial TexpoART, Iasi, Romania is open to professionals and master students in the field of Textile Arts with art works made in the last 3 years.\",\"breadcrumb\":{\"@id\":\"https:\\\/\\\/www.arteiasi.ro\\\/texpoart\\\/?page_id=1076#breadcrumb\"},\"inLanguage\":\"en-US\",\"potentialAction\":[{\"@type\":\"ReadAction\",\"target\":[\"https:\\\/\\\/www.arteiasi.ro\\\/texpoart\\\/?page_id=1076\"]}]},{\"@type\":\"BreadcrumbList\",\"@id\":\"https:\\\/\\\/www.arteiasi.ro\\\/texpoart\\\/?page_id=1076#breadcrumb\",\"itemListElement\":[{\"@type\":\"ListItem\",\"position\":1,\"name\":\"Home\",\"item\":\"https:\\\/\\\/www.arteiasi.ro\\\/texpoart\\\/\"},{\"@type\":\"ListItem\",\"position\":2,\"name\":\"About TexpoART\"}]},{\"@type\":\"WebSite\",\"@id\":\"http:\\\/\\\/www.arteiasi.ro\\\/texpoart\\\/#website\",\"url\":\"http:\\\/\\\/www.arteiasi.ro\\\/texpoart\\\/\",\"name\":\"Triennial of Textile Arts, Romania\",\"description\":\"Ia\u0219i, Trienala interna\u021bional\u0103 de art\u0103 textil\u0103\",\"potentialAction\":[{\"@type\":\"SearchAction\",\"target\":{\"@type\":\"EntryPoint\",\"urlTemplate\":\"http:\\\/\\\/www.arteiasi.ro\\\/texpoart\\\/?s={search_term_string}\"},\"query-input\":{\"@type\":\"PropertyValueSpecification\",\"valueRequired\":true,\"valueName\":\"search_term_string\"}}],\"inLanguage\":\"en-US\"}]}<\/script>\n<!-- \/ Yoast SEO plugin. -->","yoast_head_json":{"title":"About TexpoART -","description":"Textile Art International Triennial TexpoART, Iasi, Romania is open to professionals and master students in the field of Textile Arts with art works made in the last 3 years.","robots":{"index":"index","follow":"follow","max-snippet":"max-snippet:-1","max-image-preview":"max-image-preview:large","max-video-preview":"max-video-preview:-1"},"canonical":"https:\/\/www.arteiasi.ro\/texpoart\/?page_id=1076","og_locale":"en_US","og_type":"article","og_title":"About TexpoART -","og_description":"Textile Art International Triennial TexpoART, Iasi, Romania is open to professionals and master students in the field of Textile Arts with art works made in the last 3 years.","og_url":"https:\/\/www.arteiasi.ro\/texpoart\/?page_id=1076","og_site_name":"Triennial of Textile Arts, Romania","article_publisher":"https:\/\/ro-ro.facebook.com\/Texpoart\/","article_modified_time":"2026-03-17T11:42:40+00:00","twitter_card":"summary_large_image","twitter_misc":{"Est. reading time":"1 minute"},"schema":{"@context":"https:\/\/schema.org","@graph":[{"@type":"WebPage","@id":"https:\/\/www.arteiasi.ro\/texpoart\/?page_id=1076","url":"https:\/\/www.arteiasi.ro\/texpoart\/?page_id=1076","name":"About TexpoART -","isPartOf":{"@id":"http:\/\/www.arteiasi.ro\/texpoart\/#website"},"datePublished":"2022-07-04T13:29:21+00:00","dateModified":"2026-03-17T11:42:40+00:00","description":"Textile Art International Triennial TexpoART, Iasi, Romania is open to professionals and master students in the field of Textile Arts with art works made in the last 3 years.","breadcrumb":{"@id":"https:\/\/www.arteiasi.ro\/texpoart\/?page_id=1076#breadcrumb"},"inLanguage":"en-US","potentialAction":[{"@type":"ReadAction","target":["https:\/\/www.arteiasi.ro\/texpoart\/?page_id=1076"]}]},{"@type":"BreadcrumbList","@id":"https:\/\/www.arteiasi.ro\/texpoart\/?page_id=1076#breadcrumb","itemListElement":[{"@type":"ListItem","position":1,"name":"Home","item":"https:\/\/www.arteiasi.ro\/texpoart\/"},{"@type":"ListItem","position":2,"name":"About TexpoART"}]},{"@type":"WebSite","@id":"http:\/\/www.arteiasi.ro\/texpoart\/#website","url":"http:\/\/www.arteiasi.ro\/texpoart\/","name":"Triennial of Textile Arts, Romania","description":"Ia\u0219i, Trienala interna\u021bional\u0103 de art\u0103 textil\u0103","potentialAction":[{"@type":"SearchAction","target":{"@type":"EntryPoint","urlTemplate":"http:\/\/www.arteiasi.ro\/texpoart\/?s={search_term_string}"},"query-input":{"@type":"PropertyValueSpecification","valueRequired":true,"valueName":"search_term_string"}}],"inLanguage":"en-US"}]}},"_links":{"self":[{"href":"https:\/\/www.arteiasi.ro\/texpoart\/index.php?rest_route=\/wp\/v2\/pages\/1076","targetHints":{"allow":["GET"]}}],"collection":[{"href":"https:\/\/www.arteiasi.ro\/texpoart\/index.php?rest_route=\/wp\/v2\/pages"}],"about":[{"href":"https:\/\/www.arteiasi.ro\/texpoart\/index.php?rest_route=\/wp\/v2\/types\/page"}],"author":[{"embeddable":true,"href":"https:\/\/www.arteiasi.ro\/texpoart\/index.php?rest_route=\/wp\/v2\/users\/1"}],"replies":[{"embeddable":true,"href":"https:\/\/www.arteiasi.ro\/texpoart\/index.php?rest_route=%2Fwp%2Fv2%2Fcomments&post=1076"}],"version-history":[{"count":14,"href":"https:\/\/www.arteiasi.ro\/texpoart\/index.php?rest_route=\/wp\/v2\/pages\/1076\/revisions"}],"predecessor-version":[{"id":1473,"href":"https:\/\/www.arteiasi.ro\/texpoart\/index.php?rest_route=\/wp\/v2\/pages\/1076\/revisions\/1473"}],"wp:attachment":[{"href":"https:\/\/www.arteiasi.ro\/texpoart\/index.php?rest_route=%2Fwp%2Fv2%2Fmedia&parent=1076"}],"curies":[{"name":"wp","href":"https:\/\/api.w.org\/{rel}","templated":true}]}}