{"id":1040,"date":"2022-05-14T12:12:25","date_gmt":"2022-05-14T10:12:25","guid":{"rendered":"https:\/\/www.arteiasi.ro\/texpoart\/?page_id=1040"},"modified":"2026-03-17T13:08:36","modified_gmt":"2026-03-17T11:08:36","slug":"home2-copy","status":"publish","type":"page","link":"https:\/\/www.arteiasi.ro\/texpoart\/","title":{"rendered":"TexpoART 2026"},"content":{"rendered":"\n<h2>\n\t\t<a href=\"https:\/\/www.arteiasi.ro\/texpoart\/?page_id=1076\" title=\"&nbsp;\"  target=\"_self\">\n\t\t\t<\/a><a href=\"https:\/\/www.arteiasi.ro\/texpoart\/?page_id=1076\" title=\"About\">&nbsp; <br \/><\/a>\t\t\n\t<\/h2>\n\t<p>The Textile Art International Triennial is a major exhibition event that brings to Ia\u0219i works by artists representing all continents. Organized under the patronage of the &#8220;George Enescu&#8221; National University of Arts in collaboration with the Romanian Artists&#8217; Union, Texpoart has become the largest and most important event, dedicated to contemporary textile art, in Romania.<\/p>\n\t\t\t<a href=\"https:\/\/www.arteiasi.ro\/texpoart\/?page_id=1076\"  target=\"_self\">\n\t\t\t\t\t\t\tFind more\n\t\t\t<\/a>\n<figure itemscope itemtype=\"https:\/\/schema.org\/ImageObject\">\n\t\t\t\t<img decoding=\"async\" src=\"http:\/\/www.arteiasi.ro\/texpoart\/wp-content\/uploads\/2017\/12\/texpoart-catalog2-tiparit_Page_013.jpg\" alt=\"texpoart catalog2-tiparit_Page_013\" title=\"texpoart catalog2-tiparit_Page_013\" onerror=\"this.style.display='none'\" loading=\"lazy\" \/>\n\t<\/figure>\n<h2>\n\t\t\tCalendar\t<\/h2>\n\t<p>Registration period:\u00a0<strong>15 March &#8211; 1 April 2026<\/strong><\/p>\n<p>The results of the selection:\u00a0<strong>22 April 2026<\/strong><\/p>\n<p>The period for sending the works:\u00a0<strong>22 April &#8211; 15 May 2026<\/strong><\/p>\n<p>Exhibition period:\u00a0<strong>10 &#8211; 30 June 2026<\/strong><\/p>\n<p>Reshipment of the works period:\u00a0<strong>1 &#8211; 20 July 2026<\/strong><\/p>\n\t\t\t<a href=\"https:\/\/www.arteiasi.ro\/texpoart\/?page_id=1125&#038;fl_builder\"  target=\"_self\">\n\t\t\t\t\t\t\tFind more\n\t\t\t<\/a>\n<h2>\n\t\t<a href=\"https:\/\/www.arteiasi.ro\/texpoart\/?page_id=556\" title=\"Call for Entries 2026\"  target=\"_self\">\n\t\t\tCall for Entries 2026\t\t<\/a>\n\t<\/h2>\n\t<p>For its 7th edition, Texpoart proposes the concept of <strong>ORDER AND CHAOS<\/strong>\u00a0as theme of artistic debate.<\/p>\n\t\t\t<a href=\"https:\/\/www.arteiasi.ro\/texpoart\/?page_id=556\"  target=\"_self\">\n\t\t\t\t\t\t\tFind more\n\t\t\t<\/a>\n\n","protected":false},"excerpt":{"rendered":"<p>&nbsp; The Textile Art International Triennial is a major exhibition event that brings to Ia\u0219i works by artists representing all continents. Organized under the patronage of the &#8220;George Enescu&#8221; National University of Arts in collaboration with the Romanian Artists&#8217; Union, Texpoart has become the largest and most important event, dedicated to contemporary textile art, in &#8230; <a title=\"TexpoART 2026\" class=\"read-more\" href=\"https:\/\/www.arteiasi.ro\/texpoart\/\" aria-label=\"Read more about TexpoART 2026\">Read more<\/a><\/p>\n","protected":false},"author":1,"featured_media":0,"parent":0,"menu_order":0,"comment_status":"closed","ping_status":"closed","template":"","meta":{"footnotes":""},"class_list":["post-1040","page","type-page","status-publish"],"yoast_head":"<!-- This site is optimized with the Yoast SEO plugin v27.3 - https:\/\/yoast.com\/product\/yoast-seo-wordpress\/ -->\n<title>TexpoART 2026 - Triennial of Textile Arts, Romania<\/title>\n<meta name=\"description\" content=\"Texpoart 2026, Triennial of Textile Arts Triennial of Textile Arts, Romania\" \/>\n<meta name=\"robots\" content=\"index, follow, max-snippet:-1, max-image-preview:large, max-video-preview:-1\" \/>\n<link rel=\"canonical\" href=\"https:\/\/www.arteiasi.ro\/texpoart\/\" \/>\n<meta property=\"og:locale\" content=\"en_US\" \/>\n<meta property=\"og:type\" content=\"article\" \/>\n<meta property=\"og:title\" content=\"TexpoART 2026 - Triennial of Textile Arts, Romania\" \/>\n<meta property=\"og:description\" content=\"Texpoart 2026, Triennial of Textile Arts Triennial of Textile Arts, Romania\" \/>\n<meta property=\"og:url\" content=\"https:\/\/www.arteiasi.ro\/texpoart\/\" \/>\n<meta property=\"og:site_name\" content=\"Triennial of Textile Arts, Romania\" \/>\n<meta property=\"article:publisher\" content=\"https:\/\/ro-ro.facebook.com\/Texpoart\/\" \/>\n<meta property=\"article:modified_time\" content=\"2026-03-17T11:08:36+00:00\" \/>\n<meta property=\"og:image\" content=\"http:\/\/www.arteiasi.ro\/texpoart\/wp-content\/uploads\/2017\/12\/texpoart-catalog2-tiparit_Page_013.jpg\" \/>\n<meta name=\"twitter:card\" content=\"summary_large_image\" \/>\n<meta name=\"twitter:label1\" content=\"Est. reading time\" \/>\n\t<meta name=\"twitter:data1\" content=\"1 minute\" \/>\n<script type=\"application\/ld+json\" class=\"yoast-schema-graph\">{\"@context\":\"https:\\\/\\\/schema.org\",\"@graph\":[{\"@type\":\"WebPage\",\"@id\":\"https:\\\/\\\/www.arteiasi.ro\\\/texpoart\\\/\",\"url\":\"https:\\\/\\\/www.arteiasi.ro\\\/texpoart\\\/\",\"name\":\"TexpoART 2026 - Triennial of Textile Arts, Romania\",\"isPartOf\":{\"@id\":\"http:\\\/\\\/www.arteiasi.ro\\\/texpoart\\\/#website\"},\"primaryImageOfPage\":{\"@id\":\"https:\\\/\\\/www.arteiasi.ro\\\/texpoart\\\/#primaryimage\"},\"image\":{\"@id\":\"https:\\\/\\\/www.arteiasi.ro\\\/texpoart\\\/#primaryimage\"},\"thumbnailUrl\":\"http:\\\/\\\/www.arteiasi.ro\\\/texpoart\\\/wp-content\\\/uploads\\\/2017\\\/12\\\/texpoart-catalog2-tiparit_Page_013.jpg\",\"datePublished\":\"2022-05-14T10:12:25+00:00\",\"dateModified\":\"2026-03-17T11:08:36+00:00\",\"description\":\"Texpoart 2026, Triennial of Textile Arts Triennial of Textile Arts, Romania\",\"breadcrumb\":{\"@id\":\"https:\\\/\\\/www.arteiasi.ro\\\/texpoart\\\/#breadcrumb\"},\"inLanguage\":\"en-US\",\"potentialAction\":[{\"@type\":\"ReadAction\",\"target\":[\"https:\\\/\\\/www.arteiasi.ro\\\/texpoart\\\/\"]}]},{\"@type\":\"ImageObject\",\"inLanguage\":\"en-US\",\"@id\":\"https:\\\/\\\/www.arteiasi.ro\\\/texpoart\\\/#primaryimage\",\"url\":\"https:\\\/\\\/www.arteiasi.ro\\\/texpoart\\\/wp-content\\\/uploads\\\/2017\\\/12\\\/texpoart-catalog2-tiparit_Page_013.jpg\",\"contentUrl\":\"https:\\\/\\\/www.arteiasi.ro\\\/texpoart\\\/wp-content\\\/uploads\\\/2017\\\/12\\\/texpoart-catalog2-tiparit_Page_013.jpg\",\"width\":912,\"height\":831},{\"@type\":\"BreadcrumbList\",\"@id\":\"https:\\\/\\\/www.arteiasi.ro\\\/texpoart\\\/#breadcrumb\",\"itemListElement\":[{\"@type\":\"ListItem\",\"position\":1,\"name\":\"Home\",\"item\":\"https:\\\/\\\/www.arteiasi.ro\\\/texpoart\\\/\"},{\"@type\":\"ListItem\",\"position\":2,\"name\":\"TexpoART 2026\"}]},{\"@type\":\"WebSite\",\"@id\":\"http:\\\/\\\/www.arteiasi.ro\\\/texpoart\\\/#website\",\"url\":\"http:\\\/\\\/www.arteiasi.ro\\\/texpoart\\\/\",\"name\":\"Triennial of Textile Arts, Romania\",\"description\":\"Ia\u0219i, Trienala interna\u021bional\u0103 de art\u0103 textil\u0103\",\"potentialAction\":[{\"@type\":\"SearchAction\",\"target\":{\"@type\":\"EntryPoint\",\"urlTemplate\":\"http:\\\/\\\/www.arteiasi.ro\\\/texpoart\\\/?s={search_term_string}\"},\"query-input\":{\"@type\":\"PropertyValueSpecification\",\"valueRequired\":true,\"valueName\":\"search_term_string\"}}],\"inLanguage\":\"en-US\"}]}<\/script>\n<!-- \/ Yoast SEO plugin. -->","yoast_head_json":{"title":"TexpoART 2026 - Triennial of Textile Arts, Romania","description":"Texpoart 2026, Triennial of Textile Arts Triennial of Textile Arts, Romania","robots":{"index":"index","follow":"follow","max-snippet":"max-snippet:-1","max-image-preview":"max-image-preview:large","max-video-preview":"max-video-preview:-1"},"canonical":"https:\/\/www.arteiasi.ro\/texpoart\/","og_locale":"en_US","og_type":"article","og_title":"TexpoART 2026 - Triennial of Textile Arts, Romania","og_description":"Texpoart 2026, Triennial of Textile Arts Triennial of Textile Arts, Romania","og_url":"https:\/\/www.arteiasi.ro\/texpoart\/","og_site_name":"Triennial of Textile Arts, Romania","article_publisher":"https:\/\/ro-ro.facebook.com\/Texpoart\/","article_modified_time":"2026-03-17T11:08:36+00:00","og_image":[{"url":"http:\/\/www.arteiasi.ro\/texpoart\/wp-content\/uploads\/2017\/12\/texpoart-catalog2-tiparit_Page_013.jpg","type":"","width":"","height":""}],"twitter_card":"summary_large_image","twitter_misc":{"Est. reading time":"1 minute"},"schema":{"@context":"https:\/\/schema.org","@graph":[{"@type":"WebPage","@id":"https:\/\/www.arteiasi.ro\/texpoart\/","url":"https:\/\/www.arteiasi.ro\/texpoart\/","name":"TexpoART 2026 - Triennial of Textile Arts, Romania","isPartOf":{"@id":"http:\/\/www.arteiasi.ro\/texpoart\/#website"},"primaryImageOfPage":{"@id":"https:\/\/www.arteiasi.ro\/texpoart\/#primaryimage"},"image":{"@id":"https:\/\/www.arteiasi.ro\/texpoart\/#primaryimage"},"thumbnailUrl":"http:\/\/www.arteiasi.ro\/texpoart\/wp-content\/uploads\/2017\/12\/texpoart-catalog2-tiparit_Page_013.jpg","datePublished":"2022-05-14T10:12:25+00:00","dateModified":"2026-03-17T11:08:36+00:00","description":"Texpoart 2026, Triennial of Textile Arts Triennial of Textile Arts, Romania","breadcrumb":{"@id":"https:\/\/www.arteiasi.ro\/texpoart\/#breadcrumb"},"inLanguage":"en-US","potentialAction":[{"@type":"ReadAction","target":["https:\/\/www.arteiasi.ro\/texpoart\/"]}]},{"@type":"ImageObject","inLanguage":"en-US","@id":"https:\/\/www.arteiasi.ro\/texpoart\/#primaryimage","url":"https:\/\/www.arteiasi.ro\/texpoart\/wp-content\/uploads\/2017\/12\/texpoart-catalog2-tiparit_Page_013.jpg","contentUrl":"https:\/\/www.arteiasi.ro\/texpoart\/wp-content\/uploads\/2017\/12\/texpoart-catalog2-tiparit_Page_013.jpg","width":912,"height":831},{"@type":"BreadcrumbList","@id":"https:\/\/www.arteiasi.ro\/texpoart\/#breadcrumb","itemListElement":[{"@type":"ListItem","position":1,"name":"Home","item":"https:\/\/www.arteiasi.ro\/texpoart\/"},{"@type":"ListItem","position":2,"name":"TexpoART 2026"}]},{"@type":"WebSite","@id":"http:\/\/www.arteiasi.ro\/texpoart\/#website","url":"http:\/\/www.arteiasi.ro\/texpoart\/","name":"Triennial of Textile Arts, Romania","description":"Ia\u0219i, Trienala interna\u021bional\u0103 de art\u0103 textil\u0103","potentialAction":[{"@type":"SearchAction","target":{"@type":"EntryPoint","urlTemplate":"http:\/\/www.arteiasi.ro\/texpoart\/?s={search_term_string}"},"query-input":{"@type":"PropertyValueSpecification","valueRequired":true,"valueName":"search_term_string"}}],"inLanguage":"en-US"}]}},"_links":{"self":[{"href":"https:\/\/www.arteiasi.ro\/texpoart\/index.php?rest_route=\/wp\/v2\/pages\/1040","targetHints":{"allow":["GET"]}}],"collection":[{"href":"https:\/\/www.arteiasi.ro\/texpoart\/index.php?rest_route=\/wp\/v2\/pages"}],"about":[{"href":"https:\/\/www.arteiasi.ro\/texpoart\/index.php?rest_route=\/wp\/v2\/types\/page"}],"author":[{"embeddable":true,"href":"https:\/\/www.arteiasi.ro\/texpoart\/index.php?rest_route=\/wp\/v2\/users\/1"}],"replies":[{"embeddable":true,"href":"https:\/\/www.arteiasi.ro\/texpoart\/index.php?rest_route=%2Fwp%2Fv2%2Fcomments&post=1040"}],"version-history":[{"count":16,"href":"https:\/\/www.arteiasi.ro\/texpoart\/index.php?rest_route=\/wp\/v2\/pages\/1040\/revisions"}],"predecessor-version":[{"id":1471,"href":"https:\/\/www.arteiasi.ro\/texpoart\/index.php?rest_route=\/wp\/v2\/pages\/1040\/revisions\/1471"}],"wp:attachment":[{"href":"https:\/\/www.arteiasi.ro\/texpoart\/index.php?rest_route=%2Fwp%2Fv2%2Fmedia&parent=1040"}],"curies":[{"name":"wp","href":"https:\/\/api.w.org\/{rel}","templated":true}]}}