{"id":9794,"date":"2022-06-13T16:50:42","date_gmt":"2022-06-13T16:50:42","guid":{"rendered":"https:\/\/www.arteiasi.ro\/?page_id=9794"},"modified":"2022-06-13T17:39:05","modified_gmt":"2022-06-13T17:39:05","slug":"centre-de-cercetare","status":"publish","type":"page","link":"https:\/\/www.arteiasi.ro\/en\/faculty-of-theatre\/centre-de-cercetare\/","title":{"rendered":"Research centre"},"content":{"rendered":"<p><div class=\"fusion-fullwidth fullwidth-box fusion-builder-row-1 fusion-flex-container nonhundred-percent-fullwidth non-hundred-percent-height-scrolling\" style=\"--awb-border-radius-top-left:0px;--awb-border-radius-top-right:0px;--awb-border-radius-bottom-right:0px;--awb-border-radius-bottom-left:0px;--awb-flex-wrap:wrap;\" ><div class=\"fusion-builder-row fusion-row fusion-flex-align-items-flex-start fusion-flex-content-wrap\" style=\"max-width:1222px;margin-left: calc(-4% \/ 2 );margin-right: calc(-4% \/ 2 );\"><div class=\"fusion-layout-column fusion_builder_column fusion-builder-column-0 fusion_builder_column_1_1 1_1 fusion-flex-column\" style=\"--awb-bg-size:cover;--awb-width-large:100%;--awb-margin-top-large:0px;--awb-spacing-right-large:1.92%;--awb-margin-bottom-large:0px;--awb-spacing-left-large:1.92%;--awb-width-medium:100%;--awb-spacing-right-medium:1.92%;--awb-spacing-left-medium:1.92%;--awb-width-small:100%;--awb-spacing-right-small:1.92%;--awb-spacing-left-small:1.92%;\"><div class=\"fusion-column-wrapper fusion-flex-justify-content-flex-start fusion-content-layout-column\"><div class=\"fusion-text fusion-text-1\" style=\"--awb-text-transform:none;\"><p><strong><a href=\"https:\/\/www.arteiasi.ro\/wp-content\/uploads\/2021\/12\/teatruf7.jpg\"><img decoding=\"async\" class=\"img-margine-top alignright wp-image-6082\" src=\"https:\/\/www.arteiasi.ro\/wp-content\/uploads\/2021\/12\/teatruf7.jpg\" alt=\"\" width=\"400\" height=\"215\" \/><\/a><\/strong><strong>Centre for Research and artistic creation, Art of the theatre \u2013 study and creation, <\/strong>was created in 2003 in the Theatre Department. The objectives of research and creation of all the members of the centre are related to:<\/p>\n<ul>\n<li>the training of specialists able to carry out high-level theoretical and practical research in the field of theatrical art, in the spirit of university reform and the integration of romanian education in european academic structures;<\/li>\n<li>participation in national and international scientific and artistic cooperation programs through joint grants\/research projects;<\/li>\n<li>the initiation and development of research and artistic creation projects with applicability in different areas of community life (education, social dialog, use of free time for the benefit of quality of life, etc.);<\/li>\n<li>highlighting the results of the research by organizing scientific communication sessions, national and international symposiums, national and international artistic tours, creative camps, organizing festivals of performing art, exhibitions (scenography, posters, puppets, masks, costumes), debates, workshops;<\/li>\n<li>organizing theatrical art events involving the scenic experiment, in the context of the evolution of european theatre art (experimental performances, syncretic performances, performances after classical and modern dramaturgy);<\/li>\n<li>providing advice and expertise;<\/li>\n<li>editing scientific publications and stage creation.<\/li>\n<\/ul>\n<p>Starting with 2004, within the Research Center, the <a href=\"https:\/\/artes-teatru.ro\" target=\"_blank\" rel=\"noopener\"><strong>Journal Theatrical Colloquia<\/strong><\/a>, is published, through the equal participation of young researchers, but also of some consecrated personalities of the Romanian and international theatrical life, a magazine indexed by BDI.<\/p>\n<p>The <a href=\"https:\/\/artes-teatru.ro\" target=\"_blank\" rel=\"noopener\">conferences organized by the Faculty of Theatre<\/a>, started in 2015, are addressed to university professors, researchers, students, master students and PhD students interested and specialized in the field of Theatre and performance arts.<\/p>\n<\/div><div class=\"accordian fusion-accordian\" style=\"--awb-border-size:1px;--awb-icon-size:18px;--awb-content-font-size:18px;--awb-icon-alignment:right;--awb-hover-color:#f9f9fb;--awb-border-color:#ffffff;--awb-background-color:#ffffff;--awb-divider-color:#e2e2e2;--awb-divider-hover-color:#e2e2e2;--awb-icon-color:#3e3e3e;--awb-title-color:#3b3b3c;--awb-content-color:#3b3b3c;--awb-icon-box-color:#212934;--awb-toggle-hover-accent-color:#adadad;--awb-title-font-family:&quot;Aileron SemiBold&quot;;--awb-title-font-weight:400;--awb-title-font-style:normal;--awb-title-font-size:21px;--awb-content-font-family:&quot;PT Sans&quot;;--awb-content-font-style:normal;--awb-content-font-weight:400;\"><div class=\"panel-group fusion-toggle-icon-right fusion-toggle-icon-unboxed\" id=\"accordion-9794-1\"><div class=\"fusion-panel panel-default panel-40006b12a35dc3fb8 fusion-toggle-has-divider\"><div class=\"panel-heading\"><h4 class=\"panel-title toggle\" id=\"toggle_40006b12a35dc3fb8\"><a aria-expanded=\"false\" aria-controls=\"40006b12a35dc3fb8\" role=\"button\" data-toggle=\"collapse\" data-parent=\"#accordion-9794-1\" data-target=\"#40006b12a35dc3fb8\" href=\"#40006b12a35dc3fb8\"><span class=\"fusion-toggle-icon-wrapper\" aria-hidden=\"true\"><i class=\"fa-fusion-box active-icon awb-icon-minus\" aria-hidden=\"true\"><\/i><i class=\"fa-fusion-box inactive-icon awb-icon-plus\" aria-hidden=\"true\"><\/i><\/span><span class=\"fusion-toggle-heading\">Members<\/span><\/a><\/h4><\/div><div id=\"40006b12a35dc3fb8\" class=\"panel-collapse collapse \" aria-labelledby=\"toggle_40006b12a35dc3fb8\"><div class=\"panel-body toggle-content fusion-clearfix\">\n<div class=\"u_row\">\n<div class=\"vc_row wpb_row vc_row-fluid\">\n<div class=\"wpb_column vc_column_container vc_col-sm-12\">\n<div class=\"vc_column-inner\">\n<div class=\"wpb_wrapper\">\n<div class=\"wpb_text_column wpb_content_element \">\n<div class=\"wpb_wrapper\">\n<p><strong>Scientific Council: <\/strong><\/p>\n<ul>\n<li>Prof. PhD. habil. Aurelian B\u0103l\u0103i\u0163\u0103<\/li>\n<li>Prof. PhD. habil. Raluca Bujoreanu \u2013 Hu\u021banu<\/li>\n<li>Prof. PhD. habil. Anca Doina Ciobotaru<\/li>\n<li>Prof. PhD. habil. Octavian Jighirgiu<\/li>\n<li>Prof. PhD. habil. Anca Rusu<\/li>\n<li>Lecturer PhD. habil. Ioana Petcu \u2013 secretar<\/li>\n<li>Lecturer PhD. habil. Antonela Cornici<\/li>\n<li>Lecturer PhD. habil. Adrian Buliga<\/li>\n<\/ul>\n<p><strong>Hononary members:<\/strong><\/p>\n<ul>\n<li>Prof. PhD. Sorina B\u0103l\u0103nescu<\/li>\n<li>Prof. PhD. Constantin Paiu<\/li>\n<li>Prof. PhD. Mihaela Arsenescu Werner<\/li>\n<li>Prof. PhD. Emil Co\u015feru<\/li>\n<li>Assoc. prof. PhD. Gavril Constantin Siri\u021beanu<\/li>\n<\/ul>\n<p><strong>Members:<\/strong><\/p>\n<ul>\n<li>Prof. PhD. habil. Aurelian B\u0103l\u0103i\u0163\u0103<\/li>\n<li>Prof. PhD. habil. Raluca Bujoreanu \u2013 Hu\u021banu<\/li>\n<li>Prof. PhD. habil. Anca Doina Ciobotaru<\/li>\n<li>Prof. PhD. Ciprian Hu\u0163anu<\/li>\n<li>Prof. PhD. habil. Octavian Jighirgiu<\/li>\n<li>Prof. PhD. habil. Anca Rusu<\/li>\n<li>Prof. PhD. Ion Mircioag\u0103<\/li>\n<li>Asoc. prof. PhD. Doru Aftanasiu<\/li>\n<li>Asoc. prof. PhD. Lorette Enache<\/li>\n<li>Asoc. prof. PhD. Ligia Grozdan<\/li>\n<li>Asoc. prof. PhD. Oana Sandu<\/li>\n<li>Asoc. prof. PhD. Irina Scutariu<\/li>\n<li>Asoc. prof. PhD. Doru Zaharia<\/li>\n<li>Asoc. prof. PhD. Alexandru Radu Petrescu<\/li>\n<li>Lecturer PhD. habil. C\u0103lin Ciobotari<\/li>\n<li>Lecturer PhD. Carmen Antochi<\/li>\n<li>Lecturer PhD. Ioana Bujoreanu<\/li>\n<li>Lecturer PhD. Adrian Buliga<\/li>\n<li>Lecturer PhD. Dumitriana Condurache<\/li>\n<li>Lecturer PhD. Tamara Constantinescu<\/li>\n<li>Lecturer PhD. Antonella Cornici<\/li>\n<li>LLecturer PhD. Emanuel Florentin<\/li>\n<li>Lecturer PhD. Ioana Petcu<\/li>\n<li>Lecturer PhD. Cristina Todi<\/li>\n<li>Lecturer PhD. Anca Ciofu<\/li>\n<li>Asist. prof. PhD. Cristi Avram<\/li>\n<li>Asist. prof. PhD. Florin Caracala<\/li>\n<li>Asist. prof. PhD. Alice \u2013 Ioana Florentin<\/li>\n<li>Asist. prof. PhD. Iulia Moraru<\/li>\n<\/ul>\n<p><strong>Associate members<\/strong><\/p>\n<ul>\n<li>CS I dr. Gabriela Haja \u2013 Institut of Philology, Ia\u0219i<\/li>\n<li>Toma Hogea &#8211; actor<\/li>\n<li>Irina Dabija \u2013 professor<\/li>\n<li>Cristina R\u0103dulescu \u2013 filolog, National Theatre of Ia\u0219i<\/li>\n<li>Nic Ularu &#8211; scenograf<\/li>\n<li>Carmen H\u0103isan \u2013 actor<\/li>\n<li>Ecaterina Ciofu \u2013 actor freelancer<\/li>\n<li>Mihai Cornea \u2013 actor freelancer<\/li>\n<li>Tiberiu Gabor Bitere \u2013 actor<\/li>\n<li>Dumitru Georgescu \u2013 actor<\/li>\n<li>Ioana Iordache \u2013 actor<\/li>\n<li>Andrei Emilian \u2013 actor freelancer<\/li>\n<\/ul>\n<\/div>\n<\/div>\n<\/div>\n<\/div>\n<\/div>\n<\/div>\n<\/div>\n<\/div><\/div><\/div><div class=\"fusion-panel panel-default panel-4edd8cc13b53ae27d fusion-toggle-has-divider\"><div class=\"panel-heading\"><h4 class=\"panel-title toggle\" id=\"toggle_4edd8cc13b53ae27d\"><a aria-expanded=\"false\" aria-controls=\"4edd8cc13b53ae27d\" role=\"button\" data-toggle=\"collapse\" data-parent=\"#accordion-9794-1\" data-target=\"#4edd8cc13b53ae27d\" href=\"#4edd8cc13b53ae27d\"><span class=\"fusion-toggle-icon-wrapper\" aria-hidden=\"true\"><i class=\"fa-fusion-box active-icon awb-icon-minus\" aria-hidden=\"true\"><\/i><i class=\"fa-fusion-box inactive-icon awb-icon-plus\" aria-hidden=\"true\"><\/i><\/span><span class=\"fusion-toggle-heading\">Research directions<\/span><\/a><\/h4><\/div><div id=\"4edd8cc13b53ae27d\" class=\"panel-collapse collapse \" aria-labelledby=\"toggle_4edd8cc13b53ae27d\"><div class=\"panel-body toggle-content fusion-clearfix\">\n<ol>\n<li>Theoretical studies<\/li>\n<li>Artistic creation and research projects \u2013 workshop\u00a0 performances, applications, installations<\/li>\n<li>Consultan\u021b \u2013 granted to partners in pre-university, university and <span class=\"Y2IQFc\" lang=\"en\">non-governmental organizations<\/span><\/li>\n<li><span class=\"Y2IQFc\" lang=\"en\">Development of theatrical pedagogy strategies and teaching materials<\/span><\/li>\n<li><span class=\"Y2IQFc\" lang=\"en\">Structuring funded projects and promoting<\/span><strong>.<\/strong><\/li>\n<\/ol>\n<\/div><\/div><\/div><\/div><\/div><\/div><\/div><\/div><\/div><div class=\"fusion-fullwidth fullwidth-box fusion-builder-row-2 fusion-flex-container nonhundred-percent-fullwidth non-hundred-percent-height-scrolling\" style=\"--awb-border-radius-top-left:0px;--awb-border-radius-top-right:0px;--awb-border-radius-bottom-right:0px;--awb-border-radius-bottom-left:0px;--awb-flex-wrap:wrap;\" ><div class=\"fusion-builder-row fusion-row fusion-flex-align-items-flex-start fusion-flex-content-wrap\" style=\"max-width:1222px;margin-left: calc(-4% \/ 2 );margin-right: calc(-4% \/ 2 );\"><div class=\"fusion-layout-column fusion_builder_column fusion-builder-column-1 fusion_builder_column_1_1 1_1 fusion-flex-column\" style=\"--awb-bg-size:cover;--awb-width-large:100%;--awb-margin-top-large:0px;--awb-spacing-right-large:1.92%;--awb-margin-bottom-large:0px;--awb-spacing-left-large:1.92%;--awb-width-medium:100%;--awb-spacing-right-medium:1.92%;--awb-spacing-left-medium:1.92%;--awb-width-small:100%;--awb-spacing-right-small:1.92%;--awb-spacing-left-small:1.92%;\"><div class=\"fusion-column-wrapper fusion-flex-justify-content-flex-start fusion-content-layout-column\"><div class=\"fusion-text fusion-text-2\"><\/div><\/div><\/div><\/div><\/div><\/p>\n","protected":false},"excerpt":{"rendered":"","protected":false},"author":3,"featured_media":0,"parent":7961,"menu_order":145,"comment_status":"closed","ping_status":"closed","template":"","meta":{"inline_featured_image":false,"footnotes":""},"class_list":["post-9794","page","type-page","status-publish","hentry"],"yoast_head":"<!-- This site is optimized with the Yoast SEO plugin v27.5 - https:\/\/yoast.com\/product\/yoast-seo-wordpress\/ -->\n<title>Research centre - Universitatea Na\u021bional\u0103 de Arte &quot;George Enescu&quot; Ia\u0219i<\/title>\n<meta name=\"robots\" content=\"index, follow, max-snippet:-1, max-image-preview:large, max-video-preview:-1\" \/>\n<link rel=\"canonical\" href=\"https:\/\/www.arteiasi.ro\/en\/faculty-of-theatre\/centre-de-cercetare\/\" \/>\n<meta property=\"og:locale\" content=\"en_US\" \/>\n<meta property=\"og:type\" content=\"article\" \/>\n<meta property=\"og:title\" content=\"Research centre - Universitatea Na\u021bional\u0103 de Arte &quot;George Enescu&quot; Ia\u0219i\" \/>\n<meta property=\"og:url\" content=\"https:\/\/www.arteiasi.ro\/en\/faculty-of-theatre\/centre-de-cercetare\/\" \/>\n<meta property=\"og:site_name\" content=\"Universitatea Na\u021bional\u0103 de Arte &quot;George Enescu&quot; Ia\u0219i\" \/>\n<meta property=\"article:modified_time\" content=\"2022-06-13T17:39:05+00:00\" \/>\n<meta property=\"og:image\" content=\"https:\/\/www.arteiasi.ro\/wp-content\/uploads\/2021\/12\/teatruf7.jpg\" \/>\n<meta name=\"twitter:card\" content=\"summary_large_image\" \/>\n<script type=\"application\/ld+json\" class=\"yoast-schema-graph\">{\"@context\":\"https:\\\/\\\/schema.org\",\"@graph\":[{\"@type\":\"WebPage\",\"@id\":\"https:\\\/\\\/www.arteiasi.ro\\\/en\\\/faculty-of-theatre\\\/centre-de-cercetare\\\/\",\"url\":\"https:\\\/\\\/www.arteiasi.ro\\\/en\\\/faculty-of-theatre\\\/centre-de-cercetare\\\/\",\"name\":\"Research centre - Universitatea Na\u021bional\u0103 de Arte &quot;George Enescu&quot; Ia\u0219i\",\"isPartOf\":{\"@id\":\"https:\\\/\\\/www.arteiasi.ro\\\/en\\\/#website\"},\"primaryImageOfPage\":{\"@id\":\"https:\\\/\\\/www.arteiasi.ro\\\/en\\\/faculty-of-theatre\\\/centre-de-cercetare\\\/#primaryimage\"},\"image\":{\"@id\":\"https:\\\/\\\/www.arteiasi.ro\\\/en\\\/faculty-of-theatre\\\/centre-de-cercetare\\\/#primaryimage\"},\"thumbnailUrl\":\"https:\\\/\\\/www.arteiasi.ro\\\/wp-content\\\/uploads\\\/2021\\\/12\\\/teatruf7.jpg\",\"datePublished\":\"2022-06-13T16:50:42+00:00\",\"dateModified\":\"2022-06-13T17:39:05+00:00\",\"breadcrumb\":{\"@id\":\"https:\\\/\\\/www.arteiasi.ro\\\/en\\\/faculty-of-theatre\\\/centre-de-cercetare\\\/#breadcrumb\"},\"inLanguage\":\"en-US\",\"potentialAction\":[{\"@type\":\"ReadAction\",\"target\":[\"https:\\\/\\\/www.arteiasi.ro\\\/en\\\/faculty-of-theatre\\\/centre-de-cercetare\\\/\"]}]},{\"@type\":\"ImageObject\",\"inLanguage\":\"en-US\",\"@id\":\"https:\\\/\\\/www.arteiasi.ro\\\/en\\\/faculty-of-theatre\\\/centre-de-cercetare\\\/#primaryimage\",\"url\":\"https:\\\/\\\/www.arteiasi.ro\\\/wp-content\\\/uploads\\\/2021\\\/12\\\/teatruf7.jpg\",\"contentUrl\":\"https:\\\/\\\/www.arteiasi.ro\\\/wp-content\\\/uploads\\\/2021\\\/12\\\/teatruf7.jpg\"},{\"@type\":\"BreadcrumbList\",\"@id\":\"https:\\\/\\\/www.arteiasi.ro\\\/en\\\/faculty-of-theatre\\\/centre-de-cercetare\\\/#breadcrumb\",\"itemListElement\":[{\"@type\":\"ListItem\",\"position\":1,\"name\":\"Home\",\"item\":\"https:\\\/\\\/www.arteiasi.ro\\\/en\\\/\"},{\"@type\":\"ListItem\",\"position\":2,\"name\":\"Faculty of Theatre\",\"item\":\"https:\\\/\\\/www.arteiasi.ro\\\/en\\\/faculty-of-theatre\\\/\"},{\"@type\":\"ListItem\",\"position\":3,\"name\":\"Research centre\"}]},{\"@type\":\"WebSite\",\"@id\":\"https:\\\/\\\/www.arteiasi.ro\\\/en\\\/#website\",\"url\":\"https:\\\/\\\/www.arteiasi.ro\\\/en\\\/\",\"name\":\"Universitatea Na\u021bional\u0103 de Arte &quot;George Enescu&quot; Ia\u0219i\",\"description\":\"\",\"potentialAction\":[{\"@type\":\"SearchAction\",\"target\":{\"@type\":\"EntryPoint\",\"urlTemplate\":\"https:\\\/\\\/www.arteiasi.ro\\\/en\\\/?s={search_term_string}\"},\"query-input\":{\"@type\":\"PropertyValueSpecification\",\"valueRequired\":true,\"valueName\":\"search_term_string\"}}],\"inLanguage\":\"en-US\"}]}<\/script>\n<!-- \/ Yoast SEO plugin. -->","yoast_head_json":{"title":"Research centre - Universitatea Na\u021bional\u0103 de Arte &quot;George Enescu&quot; Ia\u0219i","robots":{"index":"index","follow":"follow","max-snippet":"max-snippet:-1","max-image-preview":"max-image-preview:large","max-video-preview":"max-video-preview:-1"},"canonical":"https:\/\/www.arteiasi.ro\/en\/faculty-of-theatre\/centre-de-cercetare\/","og_locale":"en_US","og_type":"article","og_title":"Research centre - Universitatea Na\u021bional\u0103 de Arte &quot;George Enescu&quot; Ia\u0219i","og_url":"https:\/\/www.arteiasi.ro\/en\/faculty-of-theatre\/centre-de-cercetare\/","og_site_name":"Universitatea Na\u021bional\u0103 de Arte &quot;George Enescu&quot; Ia\u0219i","article_modified_time":"2022-06-13T17:39:05+00:00","og_image":[{"url":"https:\/\/www.arteiasi.ro\/wp-content\/uploads\/2021\/12\/teatruf7.jpg","type":"","width":"","height":""}],"twitter_card":"summary_large_image","schema":{"@context":"https:\/\/schema.org","@graph":[{"@type":"WebPage","@id":"https:\/\/www.arteiasi.ro\/en\/faculty-of-theatre\/centre-de-cercetare\/","url":"https:\/\/www.arteiasi.ro\/en\/faculty-of-theatre\/centre-de-cercetare\/","name":"Research centre - Universitatea Na\u021bional\u0103 de Arte &quot;George Enescu&quot; Ia\u0219i","isPartOf":{"@id":"https:\/\/www.arteiasi.ro\/en\/#website"},"primaryImageOfPage":{"@id":"https:\/\/www.arteiasi.ro\/en\/faculty-of-theatre\/centre-de-cercetare\/#primaryimage"},"image":{"@id":"https:\/\/www.arteiasi.ro\/en\/faculty-of-theatre\/centre-de-cercetare\/#primaryimage"},"thumbnailUrl":"https:\/\/www.arteiasi.ro\/wp-content\/uploads\/2021\/12\/teatruf7.jpg","datePublished":"2022-06-13T16:50:42+00:00","dateModified":"2022-06-13T17:39:05+00:00","breadcrumb":{"@id":"https:\/\/www.arteiasi.ro\/en\/faculty-of-theatre\/centre-de-cercetare\/#breadcrumb"},"inLanguage":"en-US","potentialAction":[{"@type":"ReadAction","target":["https:\/\/www.arteiasi.ro\/en\/faculty-of-theatre\/centre-de-cercetare\/"]}]},{"@type":"ImageObject","inLanguage":"en-US","@id":"https:\/\/www.arteiasi.ro\/en\/faculty-of-theatre\/centre-de-cercetare\/#primaryimage","url":"https:\/\/www.arteiasi.ro\/wp-content\/uploads\/2021\/12\/teatruf7.jpg","contentUrl":"https:\/\/www.arteiasi.ro\/wp-content\/uploads\/2021\/12\/teatruf7.jpg"},{"@type":"BreadcrumbList","@id":"https:\/\/www.arteiasi.ro\/en\/faculty-of-theatre\/centre-de-cercetare\/#breadcrumb","itemListElement":[{"@type":"ListItem","position":1,"name":"Home","item":"https:\/\/www.arteiasi.ro\/en\/"},{"@type":"ListItem","position":2,"name":"Faculty of Theatre","item":"https:\/\/www.arteiasi.ro\/en\/faculty-of-theatre\/"},{"@type":"ListItem","position":3,"name":"Research centre"}]},{"@type":"WebSite","@id":"https:\/\/www.arteiasi.ro\/en\/#website","url":"https:\/\/www.arteiasi.ro\/en\/","name":"Universitatea Na\u021bional\u0103 de Arte &quot;George Enescu&quot; Ia\u0219i","description":"","potentialAction":[{"@type":"SearchAction","target":{"@type":"EntryPoint","urlTemplate":"https:\/\/www.arteiasi.ro\/en\/?s={search_term_string}"},"query-input":{"@type":"PropertyValueSpecification","valueRequired":true,"valueName":"search_term_string"}}],"inLanguage":"en-US"}]}},"_links":{"self":[{"href":"https:\/\/www.arteiasi.ro\/en\/wp-json\/wp\/v2\/pages\/9794","targetHints":{"allow":["GET"]}}],"collection":[{"href":"https:\/\/www.arteiasi.ro\/en\/wp-json\/wp\/v2\/pages"}],"about":[{"href":"https:\/\/www.arteiasi.ro\/en\/wp-json\/wp\/v2\/types\/page"}],"author":[{"embeddable":true,"href":"https:\/\/www.arteiasi.ro\/en\/wp-json\/wp\/v2\/users\/3"}],"replies":[{"embeddable":true,"href":"https:\/\/www.arteiasi.ro\/en\/wp-json\/wp\/v2\/comments?post=9794"}],"version-history":[{"count":4,"href":"https:\/\/www.arteiasi.ro\/en\/wp-json\/wp\/v2\/pages\/9794\/revisions"}],"predecessor-version":[{"id":9798,"href":"https:\/\/www.arteiasi.ro\/en\/wp-json\/wp\/v2\/pages\/9794\/revisions\/9798"}],"up":[{"embeddable":true,"href":"https:\/\/www.arteiasi.ro\/en\/wp-json\/wp\/v2\/pages\/7961"}],"wp:attachment":[{"href":"https:\/\/www.arteiasi.ro\/en\/wp-json\/wp\/v2\/media?parent=9794"}],"curies":[{"name":"wp","href":"https:\/\/api.w.org\/{rel}","templated":true}]}}