{"id":9726,"date":"2022-06-02T18:24:18","date_gmt":"2022-06-02T18:24:18","guid":{"rendered":"https:\/\/www.arteiasi.ro\/?page_id=9726"},"modified":"2022-06-02T18:33:25","modified_gmt":"2022-06-02T18:33:25","slug":"research-centers","status":"publish","type":"page","link":"https:\/\/www.arteiasi.ro\/en\/faculty-of-visual-arts-and-design-2\/research-centers\/","title":{"rendered":"Research centers"},"content":{"rendered":"<div class=\"fusion-fullwidth fullwidth-box fusion-builder-row-1 fusion-flex-container nonhundred-percent-fullwidth non-hundred-percent-height-scrolling\" style=\"--awb-border-radius-top-left:0px;--awb-border-radius-top-right:0px;--awb-border-radius-bottom-right:0px;--awb-border-radius-bottom-left:0px;--awb-flex-wrap:wrap;\" ><div class=\"fusion-builder-row fusion-row fusion-flex-align-items-flex-start fusion-flex-content-wrap\" style=\"max-width:1222px;margin-left: calc(-4% \/ 2 );margin-right: calc(-4% \/ 2 );\"><div class=\"fusion-layout-column fusion_builder_column fusion-builder-column-0 fusion_builder_column_1_1 1_1 fusion-flex-column\" style=\"--awb-bg-blend:overlay;--awb-bg-size:cover;--awb-width-large:100%;--awb-margin-top-large:0px;--awb-spacing-right-large:1.92%;--awb-margin-bottom-large:0px;--awb-spacing-left-large:1.92%;--awb-width-medium:100%;--awb-spacing-right-medium:1.92%;--awb-spacing-left-medium:1.92%;--awb-width-small:100%;--awb-spacing-right-small:1.92%;--awb-spacing-left-small:1.92%;\"><div class=\"fusion-column-wrapper fusion-flex-justify-content-flex-start fusion-content-layout-column\"><div class=\"fusion-text fusion-text-1\" style=\"--awb-text-transform:none;\"><p><a href=\"https:\/\/www.arteiasi.ro\/wp-content\/uploads\/2021\/12\/centre-cercetare1.jpg\"><img decoding=\"async\" class=\"img-margine alignright wp-image-5959\" src=\"https:\/\/www.arteiasi.ro\/wp-content\/uploads\/2021\/12\/centre-cercetare1.jpg\" alt=\"\" width=\"400\" height=\"270\" \/><\/a>The activity of scientific research harmoniously combines with the activity of artistic creation, this being the specificity of the artistic higher education.<\/p>\n<p>The research and artistic creation in the Faculty of Visual Arts and Design in Iasi is materialized in various types of activities (participation in exhibitions, creative camps, symposiums, national and international conferences, publication of articles in specialized journals) and in grants for research\/national artistic creation obtained through competition (CNCSIS, CEEX, other national cultural programs) or grants for research\/international cultural programs. The research topics within the PhD and master theses are part of the research\/creative themes within the research and creation centers, reflected in the content of the publications owned by the centers.<\/p>\n<p>Among the publications edited by the teachers of the Faculty can be mentioned: The magazine &#8220;<strong>Anastasis \u2013 Cercetare \u00een Cultura \u0219i Arta medieval\u0103<\/strong>\u201d [of \u201cVasile Dragut\u201d Research Centre of Medieval Art] and \u201c<strong>Studies in Visual Arts and Communication \u2013 an international journal<\/strong>\u201d, printed online and included in international databases (ERIH PLUS, CEEOL, SCOPUS-Elsevier, EBSCO, SCIPIO, SIS, DOAJ), as well as the series of books \u201c<strong>Vector \u2013 critical research in context<\/strong>\u201d.<\/p>\n<\/div><div class=\"accordian fusion-accordian\" style=\"--awb-border-size:1px;--awb-icon-size:18px;--awb-content-font-size:18px;--awb-icon-alignment:right;--awb-hover-color:#f9f9fb;--awb-border-color:#ffffff;--awb-background-color:#ffffff;--awb-divider-color:#e2e2e2;--awb-divider-hover-color:#e2e2e2;--awb-icon-color:#3e3e3e;--awb-title-color:#3b3b3c;--awb-content-color:#3b3b3c;--awb-icon-box-color:#212934;--awb-toggle-hover-accent-color:#adadad;--awb-title-font-family:&quot;Aileron SemiBold&quot;;--awb-title-font-weight:400;--awb-title-font-style:normal;--awb-title-font-size:21px;--awb-title-line-height:1.36;--awb-content-font-family:&quot;PT Sans&quot;;--awb-content-font-style:normal;--awb-content-font-weight:400;\"><div class=\"panel-group fusion-toggle-icon-right fusion-toggle-icon-unboxed\" id=\"accordion-9726-1\"><div class=\"fusion-panel panel-default panel-bb315c8154f6f624a fusion-toggle-has-divider\" style=\"--awb-title-color:#3b3b3c;--awb-content-color:#3b3b3c;\"><div class=\"panel-heading\"><h4 class=\"panel-title toggle\" id=\"toggle_bb315c8154f6f624a\"><a aria-expanded=\"false\" aria-controls=\"bb315c8154f6f624a\" role=\"button\" data-toggle=\"collapse\" data-parent=\"#accordion-9726-1\" data-target=\"#bb315c8154f6f624a\" href=\"#bb315c8154f6f624a\"><span class=\"fusion-toggle-icon-wrapper\" aria-hidden=\"true\"><i class=\"fa-fusion-box active-icon awb-icon-minus\" aria-hidden=\"true\"><\/i><i class=\"fa-fusion-box inactive-icon awb-icon-plus\" aria-hidden=\"true\"><\/i><\/span><span class=\"fusion-toggle-heading\">Research centers<\/span><\/a><\/h4><\/div><div id=\"bb315c8154f6f624a\" class=\"panel-collapse collapse \" aria-labelledby=\"toggle_bb315c8154f6f624a\"><div class=\"panel-body toggle-content fusion-clearfix\">\n<p><strong>AESTHETICS AND ARTISTIC CREATION<\/strong><\/p>\n<p><a href=\"http:\/\/www.arteiasi.ro\/cear\" target=\"_blank\" rel=\"noopener\">http:\/\/www.arteiasi.ro\/cear<\/a>\/<\/p>\n<p><strong>Director<\/strong>: Assoc. Prof. PhD Cristian Nae<\/p>\n<p>Competence areas:<br \/>\nThe theoretical direction focuses on the exhibition studies as well as on the comparative analysis of visual image and culture and the use of critical theory in the theorization and writing of contemporary art history.<\/p>\n<p><strong>\u00a0\u201eCREART\u201d \u2013 CONSERVATION, RESTORATION AND APPLIED ARTS<\/strong><br \/>\ncreart [at] arteiasi.ro<br \/>\n<strong>Director<\/strong>: Prof. PhD Carmen Solomonea<\/p>\n<p>Competence areas:<\/p>\n<ul>\n<li>the science of conservation and restoration;<\/li>\n<li>education and training of specialists in the field of conservation and restoration, old artistic techniques, and technologies;<\/li>\n<li>strategies to highlight the national cultural heritage, architecture, and applied arts \u2013 dialog between traditional and contemporary practices in art, design, and industry;<\/li>\n<li>experimental aspects for the transposition of artistic techniques into contemporary architecture.<\/li>\n<\/ul>\n<p><strong>\u201cVASILE DRAGUT\u201d RESEARCH CENTRE OF MEDIEVAL ART<\/strong><br \/>\n<a href=\"http:\/\/www.arteiasi.ro\/cam\/\" target=\"_blank\" rel=\"noopener\">http:\/\/www.arteiasi.ro\/cam<\/a>\/<br \/>\ncentrulvasiledragut[at]arteiasi.ro<\/p>\n<p><strong>Director<\/strong>: Prof. PhD Codrina Ioni\u021b\u0103<\/p>\n<p>Competence areas: History of medieval art, Architecture, and medieval art.<\/p>\n<p><a href=\"http:\/\/anastasis-review.ro\/\" target=\"_blank\" rel=\"noopener\">Anastasis<\/a> review is indexed in important scientific databases.<\/p>\n<p><strong>CONTEMPORARY PHOTOGRAPHY CENTRE IN IASI<\/strong><\/p>\n<p><a href=\"http:\/\/www.c-f-c.ro\/\" target=\"_blank\" rel=\"noopener\">c-f-c.ro<\/a><br \/>\n<a href=\"mailto:contact@c-f-c.ro\">contact@c-f-c.ro<\/a><br \/>\n<strong>Contact<\/strong>: Str. Rece nr. 5, Ia\u015fi, RO; Telefon: +40.723.508.738.<\/p>\n<p>It is a platform for reflection on the environment of contemporary photography and the dynamic image, as well as on their relationship with the current political, social, economic, and cultural context. One of the main objectives of C_F_C is the production of contemporary image, the coagulation of the Romanian contemporary photography scene and its integration into the international context.<\/p>\n<p><strong> CENTRE FOR RESEARCH, DEVELOPMENT, INNOVATION AND TECHNOLOGY TRANSFER, INNOVISART<\/strong><br \/>\n<a href=\"http:\/\/innovisart.arteiasi.ro\/\" target=\"_blank\" rel=\"noopener\">innovisart.arteiasi.ro<\/a><br \/>\nhttps:\/\/www.facebook.com\/Innovisart-Research-Centre-103485918299364<br \/>\nflorian.grigoras@gmail.com<br \/>\n<strong>Director<\/strong><strong>:\u00a0<\/strong>Prof. PhD Florin Grigora\u0219<\/p>\n<p>It is a research unit focused mainly on applied research and its valorisation through development, innovation, and technological transfer. CCDITTI also carries out fundamental research necessary for the definition, research, design of products that will be developed and implemented as an application.<\/p>\n<p><strong>PAINTING CONTEMPORARY VISUAL PRACTICES RESEARCH CENTRE<\/strong><br \/>\n<a href=\"http:\/\/ccp.arteiasi.ro\/\" target=\"_blank\" rel=\"noopener\">ccp.arteiasi.ro<\/a><br \/>\n<strong>Director: <\/strong>Assoc. Prof. PhD Zamfira B\u00eerzu<br \/>\nBoard: Asist. Prof. PhD Ioana Palamar, Asist. univ. dr. Adrian Cri\u0219maru<\/p>\n<p>The centre aims to relaunch the interest in the practice of painting as a current medium of artistic expression, in the context of the interdisciplinary character of contemporary art. The declared area of interest of C.C.P. is painting, but the assumed work strategy also includes collaborations with artists from other medial areas (sculpture, graphics, performance, happening, etc.) and with people working in collateral fields (psychology, nutrition, sports, etc.) which will allow a better understanding of the complexity of the contemporary artistic phenomenon.<\/p>\n<\/div><\/div><\/div><div class=\"fusion-panel panel-default panel-bcd61a0f12c4026fa fusion-toggle-has-divider\" style=\"--awb-title-color:#3b3b3c;--awb-content-color:#3b3b3c;\"><div class=\"panel-heading\"><h4 class=\"panel-title toggle\" id=\"toggle_bcd61a0f12c4026fa\"><a aria-expanded=\"false\" aria-controls=\"bcd61a0f12c4026fa\" role=\"button\" data-toggle=\"collapse\" data-parent=\"#accordion-9726-1\" data-target=\"#bcd61a0f12c4026fa\" href=\"#bcd61a0f12c4026fa\"><span class=\"fusion-toggle-icon-wrapper\" aria-hidden=\"true\"><i class=\"fa-fusion-box active-icon awb-icon-minus\" aria-hidden=\"true\"><\/i><i class=\"fa-fusion-box inactive-icon awb-icon-plus\" aria-hidden=\"true\"><\/i><\/span><span class=\"fusion-toggle-heading\">Granturi de cercetare<\/span><\/a><\/h4><\/div><div id=\"bcd61a0f12c4026fa\" class=\"panel-collapse collapse \" aria-labelledby=\"toggle_bcd61a0f12c4026fa\"><div class=\"panel-body toggle-content fusion-clearfix\">\n<p>GRANTURI SI PROIECTE DE CERCETARE NATIONALE SI INTERNATIONALE<\/p>\n<p><strong>1. Retea colaborativa online in invatamantul superior artistic romanesc pentru compatibilitatea absolventului de design grafic si industrial pe piata muncii<\/strong><\/p>\n<p>Universitatea de Arte \u201cGeorge Enescu\u201d din Ia\u015fi a demarat proiectul intitulat \u201cRe\u0163ea colaborativ\u0103 online \u00een \u00eenv\u0103\u0163\u0103m\u00e2ntul superior artistic rom\u00e2nesc pentru compatibilitatea absolventului de design grafic \u015fi industrial pe pia\u0163a muncii\u201d \u2013 POSDRU\/86\/1.2\/S\/63661 cofinan\u0163at de FONDUL SOCIAL EUROPEAN,Programul Opera\u0163ional Sectorial Dezvoltarea Resurselor Umane 2007 \u2013 2013<\/p>\n<p>Axa prioritar\u0103 1 \u201cEduca\u0163ia \u015fi formarea profesional\u0103 \u00een sprijinul cre\u015fterii economice \u015fi dezvolt\u0103rii societ\u0103\u0163ii bazate pe cunoa\u015ftere\u201d<br \/>\nDomeniul major de interven\u0163ie 1.2 \u201cCalitate \u00een \u00eenv\u0103\u0163\u0103m\u00e2ntul superior\u201d<br \/>\n<strong>Parteneri:<\/strong>\u00a0Universitatea de Arte George Enescu Iasi, Universitatea Nationala de Arte Bucuresti, Siveco Romania S.A.<\/p>\n<p>Director proiect Conf. univ. dr. Florin Grigoras<\/p>\n<p><strong>2. GRANT CNCSIS tip PN-II-PD nr. 104\/13.08.2010<\/strong>\u00a0\u2013 Reprezentare \u015fi ac\u0163iune. Consecin\u0163e estetice ale aplic\u0103rii teoriei actelor de limbaj in analiza artei conceptuale<\/p>\n<p><a href=\"https:\/\/www.arteiasi.ro\/www.arteiasi.ro\/ita%20-%20Cercetare\">www.arteiasi.ro\/ita \u2013 Cercetare<\/a><\/p>\n<p>Proiectul propune o schimbare de perspectiva si metodologie in analiza artei conceptuale, inteleasa atat ca ca fenomen istoric cat si ca atitudine artistica in sens general. Sub raport filosofic, proiectul vizeaza definirea esentei art-istorice a artei conceptuale prin intermediul calitatilor sale para-estetice si prin functia sa pregnant comunicationala. De asemenea, se urmareste o examinare ontologica a artei conceptuale, prin incadrarea sa intr-o filosofie a actiunii. Propunandu-si sa contureze un cadru filosofic explicativ pentru utilizarea actelor de limbaj in cadrul artei conceptuale, cercetarea de fata initiaza o investigatie a conditiilor socio-culturale de producere si receptare a artei conceptuale ca act de limbaj, a contextului institutional in care acestea au loc (lumea artei) si a consecintelor lor estetice.<\/p>\n<p>The project proposes a shift in the perspectives and methodology of analyzing conceptual art, as a narrowly understood historical phenomenon and as an artistic attitude in a broader sense. Philosophically, the project intends to define the art-historical essence of conceptual art by means of its para-aesthetic features and its communicational function. It also adresses it ontologically by interpreting it in the framework of a philosophy of action. Aiming at providing an explanatory philosophical framework for the use of speech-acts in conceptual art, the present reseach initiates an investigation into the conditions of production and reception of conceptual art as speech-act, of their specific institutional context (the artworld) and of their aesthetic consequences.<\/p>\n<p>Project director: Ph. D. Lecturer Cristian Nae<\/p>\n<p><strong>2. CERCETARI TEORETICE SI EXPERIMENTALE PRIVIND UTILIZAREA MATERIALELOR ECOLOGICE IN DOMENIUL DESIGNULUI (THEORETICAL AND EXPERIMENTAL RESEARCH CONCERNING THE ECOLOGICAL MATERIALS IN DESIGN AREA) Grant CNCSIS \u2013 Program Idei \u2013 PN-II-ID-PCE-2007-1 (Cod 1226\/2007)<\/strong><\/p>\n<p>Proiectul urmareste dezvoltarea cunoasterii prin cercetare pentru rezolvarea unor probleme complexe, de frontiera, cu o abordare interdisciplinara in domeniul ecodesignului. Avand in vedere faptul ca designul de produs este un factor hotarator si educativ pentru industria producatoare de bunuri de larg consum, in conditiile in care exista preocupari reale in lume legate de utilizarea materialelor ecologice, proiectul propune crearea unei baze de date necesare in proiectarea unor noi tipuri de bunuri de larg consum, din materiale ecologice, cu tehnologii al caror impact asupra mediului este mai putin daunator. Baza de date creata astfel va permite extinderea cunostintelor si cresterea capacitatii de cercetare, cu implicatii favorabile asupra competitivitatii internationale romanesti. Proiectul incurajeaza formarea cercetatorilor din domeniul designului care sa tina cont de importanta ecodesignului, sporind calitatea stiintifica a cercetarilor din acest domeniu. Teoretic designul se regaseste in toate activitatile, motiv pentru care proiectul va avea ca obiective studierea ecodesignului, materialelor, tehnologiilor, regulile de proiectare ale produselor ecologice, viata produselor, circuitul acestora in natura. Baza de date va fi creata in urma unor ample activitati de documentare, fiind vizate mai multe domenii de activitate, studii de caz, noi concepte de produse ecologice.<br \/>\nThe project is intented to develop knoledge trough research, for solving complex edge problems, with an interdisciplinary, in the domain of ecodesign. Considering that retail design is a decisive and educative factor, for the retail industry, in the conditions in which there is a real concern worldwide on using the eco-frindly materials. The project is supposed to create a database needed to design new type of retail products, made out of eco-friendly materials, using technology that doesn\u2019t harm the envoirment. The database thus created will allow extending knoledge and raise the research capacity, with favorable implications on romania international copetitivity. The project is intended to encourage the formation of design research that would consider the importance of ecodesign, rasing the scientific quality of the research in this domain. The design theoretically is present in all activities, that is why the project will studies ecodesign, materials, technologies, ecological products design rules, products life, and their cicle in natural invoirment. The database will be created following vaste documenting activities, in many domains, case studies, and new ecologycal products concepts.<br \/>\nEchipa de cercetatori antrenati in proiect: Conf. dr. ing. Pralea Jeni \u2013 Director proiect, Conf. univ. dr. Sficlea Magda Ligia, Lector univ. dr. Pop Monica, Asistent univ. Buraga Silviu, Prep. univ. Soltuz Elena.<\/p>\n<p><strong>3.CERCETAREA MULTIDISCIPLINAR\u0102 \u015eI MONITORIZAREA UNOR MONUMENTE \u00ceN CURS DE RESTAURARE Program CEEX, Durata: 2005-2008<\/strong><\/p>\n<p>Institutia conducatoare INSTITUTUL NATIONAL DE CERCETARE DEZVOLTARE PENTRU OPTOELECTRONICA \u2013 INOE 2000 Bucuresti, director din partea Universit\u0103\u0163ii de Arte Ia\u015fi, lector univ. dr. Octaviana Marinca\u015f<\/p>\n<p><strong>4.RETEA FORMATIV-COLABORATIVA PENTRU CONCEPTIA ASISTATA BAZATA PE MANAGEMENTUL DURATEI DE VIATA A PRODUSELOR<\/strong><\/p>\n<p>Centrul Na\u0163ional de Management Programe \u2013 CNMP, Programul 4: Parteneriate \u00een Domeniile Prioritare, Direc\u0163ia de cercetare 4, Tipul proiectului PC<br \/>\nParteneri: Universitatea Tehnica Gh. Asachi Ia\u015fi, SC RETROM SA Pa\u015fcani, ADA Computers Bucure\u015fti, Universitatea \u015etefan Cel Mare Suceava, Universitate de Arte George Enescu Ia\u015fi (director conf. dr. ing. Pralea Jeni)<\/p>\n<\/div><\/div><\/div><\/div><\/div><\/div><\/div><\/div><\/div>\n","protected":false},"excerpt":{"rendered":"","protected":false},"author":3,"featured_media":0,"parent":7977,"menu_order":254,"comment_status":"closed","ping_status":"closed","template":"","meta":{"inline_featured_image":false,"footnotes":""},"class_list":["post-9726","page","type-page","status-publish","hentry"],"yoast_head":"<!-- This site is optimized with the Yoast SEO plugin v27.4 - https:\/\/yoast.com\/product\/yoast-seo-wordpress\/ -->\n<title>Research centers - Universitatea Na\u021bional\u0103 de Arte &quot;George Enescu&quot; Ia\u0219i<\/title>\n<meta name=\"description\" content=\"artistic and scientific research and artistic creation\" \/>\n<meta name=\"robots\" content=\"index, follow, max-snippet:-1, max-image-preview:large, max-video-preview:-1\" \/>\n<link rel=\"canonical\" href=\"https:\/\/www.arteiasi.ro\/en\/faculty-of-visual-arts-and-design-2\/research-centers\/\" \/>\n<meta property=\"og:locale\" content=\"en_US\" \/>\n<meta property=\"og:type\" content=\"article\" \/>\n<meta property=\"og:title\" content=\"Research centers - Universitatea Na\u021bional\u0103 de Arte &quot;George Enescu&quot; Ia\u0219i\" \/>\n<meta property=\"og:description\" content=\"artistic and scientific research and artistic creation\" \/>\n<meta property=\"og:url\" content=\"https:\/\/www.arteiasi.ro\/en\/faculty-of-visual-arts-and-design-2\/research-centers\/\" \/>\n<meta property=\"og:site_name\" content=\"Universitatea Na\u021bional\u0103 de Arte &quot;George Enescu&quot; Ia\u0219i\" \/>\n<meta property=\"article:modified_time\" content=\"2022-06-02T18:33:25+00:00\" \/>\n<meta property=\"og:image\" content=\"https:\/\/www.arteiasi.ro\/wp-content\/uploads\/2021\/12\/centre-cercetare1.jpg\" \/>\n<meta name=\"twitter:card\" content=\"summary_large_image\" \/>\n<script type=\"application\/ld+json\" class=\"yoast-schema-graph\">{\"@context\":\"https:\\\/\\\/schema.org\",\"@graph\":[{\"@type\":\"WebPage\",\"@id\":\"https:\\\/\\\/www.arteiasi.ro\\\/en\\\/faculty-of-visual-arts-and-design-2\\\/research-centers\\\/\",\"url\":\"https:\\\/\\\/www.arteiasi.ro\\\/en\\\/faculty-of-visual-arts-and-design-2\\\/research-centers\\\/\",\"name\":\"Research centers - Universitatea Na\u021bional\u0103 de Arte &quot;George Enescu&quot; Ia\u0219i\",\"isPartOf\":{\"@id\":\"https:\\\/\\\/www.arteiasi.ro\\\/en\\\/#website\"},\"primaryImageOfPage\":{\"@id\":\"https:\\\/\\\/www.arteiasi.ro\\\/en\\\/faculty-of-visual-arts-and-design-2\\\/research-centers\\\/#primaryimage\"},\"image\":{\"@id\":\"https:\\\/\\\/www.arteiasi.ro\\\/en\\\/faculty-of-visual-arts-and-design-2\\\/research-centers\\\/#primaryimage\"},\"thumbnailUrl\":\"https:\\\/\\\/www.arteiasi.ro\\\/wp-content\\\/uploads\\\/2021\\\/12\\\/centre-cercetare1.jpg\",\"datePublished\":\"2022-06-02T18:24:18+00:00\",\"dateModified\":\"2022-06-02T18:33:25+00:00\",\"description\":\"artistic and scientific research and artistic creation\",\"breadcrumb\":{\"@id\":\"https:\\\/\\\/www.arteiasi.ro\\\/en\\\/faculty-of-visual-arts-and-design-2\\\/research-centers\\\/#breadcrumb\"},\"inLanguage\":\"en-US\",\"potentialAction\":[{\"@type\":\"ReadAction\",\"target\":[\"https:\\\/\\\/www.arteiasi.ro\\\/en\\\/faculty-of-visual-arts-and-design-2\\\/research-centers\\\/\"]}]},{\"@type\":\"ImageObject\",\"inLanguage\":\"en-US\",\"@id\":\"https:\\\/\\\/www.arteiasi.ro\\\/en\\\/faculty-of-visual-arts-and-design-2\\\/research-centers\\\/#primaryimage\",\"url\":\"https:\\\/\\\/www.arteiasi.ro\\\/wp-content\\\/uploads\\\/2021\\\/12\\\/centre-cercetare1.jpg\",\"contentUrl\":\"https:\\\/\\\/www.arteiasi.ro\\\/wp-content\\\/uploads\\\/2021\\\/12\\\/centre-cercetare1.jpg\"},{\"@type\":\"BreadcrumbList\",\"@id\":\"https:\\\/\\\/www.arteiasi.ro\\\/en\\\/faculty-of-visual-arts-and-design-2\\\/research-centers\\\/#breadcrumb\",\"itemListElement\":[{\"@type\":\"ListItem\",\"position\":1,\"name\":\"Home\",\"item\":\"https:\\\/\\\/www.arteiasi.ro\\\/en\\\/\"},{\"@type\":\"ListItem\",\"position\":2,\"name\":\"Faculty of Visual Arts and Design\",\"item\":\"https:\\\/\\\/www.arteiasi.ro\\\/en\\\/faculty-of-visual-arts-and-design-2\\\/\"},{\"@type\":\"ListItem\",\"position\":3,\"name\":\"Research centers\"}]},{\"@type\":\"WebSite\",\"@id\":\"https:\\\/\\\/www.arteiasi.ro\\\/en\\\/#website\",\"url\":\"https:\\\/\\\/www.arteiasi.ro\\\/en\\\/\",\"name\":\"Universitatea Na\u021bional\u0103 de Arte &quot;George Enescu&quot; Ia\u0219i\",\"description\":\"\",\"potentialAction\":[{\"@type\":\"SearchAction\",\"target\":{\"@type\":\"EntryPoint\",\"urlTemplate\":\"https:\\\/\\\/www.arteiasi.ro\\\/en\\\/?s={search_term_string}\"},\"query-input\":{\"@type\":\"PropertyValueSpecification\",\"valueRequired\":true,\"valueName\":\"search_term_string\"}}],\"inLanguage\":\"en-US\"}]}<\/script>\n<!-- \/ Yoast SEO plugin. -->","yoast_head_json":{"title":"Research centers - Universitatea Na\u021bional\u0103 de Arte &quot;George Enescu&quot; Ia\u0219i","description":"artistic and scientific research and artistic creation","robots":{"index":"index","follow":"follow","max-snippet":"max-snippet:-1","max-image-preview":"max-image-preview:large","max-video-preview":"max-video-preview:-1"},"canonical":"https:\/\/www.arteiasi.ro\/en\/faculty-of-visual-arts-and-design-2\/research-centers\/","og_locale":"en_US","og_type":"article","og_title":"Research centers - Universitatea Na\u021bional\u0103 de Arte &quot;George Enescu&quot; Ia\u0219i","og_description":"artistic and scientific research and artistic creation","og_url":"https:\/\/www.arteiasi.ro\/en\/faculty-of-visual-arts-and-design-2\/research-centers\/","og_site_name":"Universitatea Na\u021bional\u0103 de Arte &quot;George Enescu&quot; Ia\u0219i","article_modified_time":"2022-06-02T18:33:25+00:00","og_image":[{"url":"https:\/\/www.arteiasi.ro\/wp-content\/uploads\/2021\/12\/centre-cercetare1.jpg","type":"","width":"","height":""}],"twitter_card":"summary_large_image","schema":{"@context":"https:\/\/schema.org","@graph":[{"@type":"WebPage","@id":"https:\/\/www.arteiasi.ro\/en\/faculty-of-visual-arts-and-design-2\/research-centers\/","url":"https:\/\/www.arteiasi.ro\/en\/faculty-of-visual-arts-and-design-2\/research-centers\/","name":"Research centers - Universitatea Na\u021bional\u0103 de Arte &quot;George Enescu&quot; Ia\u0219i","isPartOf":{"@id":"https:\/\/www.arteiasi.ro\/en\/#website"},"primaryImageOfPage":{"@id":"https:\/\/www.arteiasi.ro\/en\/faculty-of-visual-arts-and-design-2\/research-centers\/#primaryimage"},"image":{"@id":"https:\/\/www.arteiasi.ro\/en\/faculty-of-visual-arts-and-design-2\/research-centers\/#primaryimage"},"thumbnailUrl":"https:\/\/www.arteiasi.ro\/wp-content\/uploads\/2021\/12\/centre-cercetare1.jpg","datePublished":"2022-06-02T18:24:18+00:00","dateModified":"2022-06-02T18:33:25+00:00","description":"artistic and scientific research and artistic creation","breadcrumb":{"@id":"https:\/\/www.arteiasi.ro\/en\/faculty-of-visual-arts-and-design-2\/research-centers\/#breadcrumb"},"inLanguage":"en-US","potentialAction":[{"@type":"ReadAction","target":["https:\/\/www.arteiasi.ro\/en\/faculty-of-visual-arts-and-design-2\/research-centers\/"]}]},{"@type":"ImageObject","inLanguage":"en-US","@id":"https:\/\/www.arteiasi.ro\/en\/faculty-of-visual-arts-and-design-2\/research-centers\/#primaryimage","url":"https:\/\/www.arteiasi.ro\/wp-content\/uploads\/2021\/12\/centre-cercetare1.jpg","contentUrl":"https:\/\/www.arteiasi.ro\/wp-content\/uploads\/2021\/12\/centre-cercetare1.jpg"},{"@type":"BreadcrumbList","@id":"https:\/\/www.arteiasi.ro\/en\/faculty-of-visual-arts-and-design-2\/research-centers\/#breadcrumb","itemListElement":[{"@type":"ListItem","position":1,"name":"Home","item":"https:\/\/www.arteiasi.ro\/en\/"},{"@type":"ListItem","position":2,"name":"Faculty of Visual Arts and Design","item":"https:\/\/www.arteiasi.ro\/en\/faculty-of-visual-arts-and-design-2\/"},{"@type":"ListItem","position":3,"name":"Research centers"}]},{"@type":"WebSite","@id":"https:\/\/www.arteiasi.ro\/en\/#website","url":"https:\/\/www.arteiasi.ro\/en\/","name":"Universitatea Na\u021bional\u0103 de Arte &quot;George Enescu&quot; Ia\u0219i","description":"","potentialAction":[{"@type":"SearchAction","target":{"@type":"EntryPoint","urlTemplate":"https:\/\/www.arteiasi.ro\/en\/?s={search_term_string}"},"query-input":{"@type":"PropertyValueSpecification","valueRequired":true,"valueName":"search_term_string"}}],"inLanguage":"en-US"}]}},"_links":{"self":[{"href":"https:\/\/www.arteiasi.ro\/en\/wp-json\/wp\/v2\/pages\/9726","targetHints":{"allow":["GET"]}}],"collection":[{"href":"https:\/\/www.arteiasi.ro\/en\/wp-json\/wp\/v2\/pages"}],"about":[{"href":"https:\/\/www.arteiasi.ro\/en\/wp-json\/wp\/v2\/types\/page"}],"author":[{"embeddable":true,"href":"https:\/\/www.arteiasi.ro\/en\/wp-json\/wp\/v2\/users\/3"}],"replies":[{"embeddable":true,"href":"https:\/\/www.arteiasi.ro\/en\/wp-json\/wp\/v2\/comments?post=9726"}],"version-history":[{"count":6,"href":"https:\/\/www.arteiasi.ro\/en\/wp-json\/wp\/v2\/pages\/9726\/revisions"}],"predecessor-version":[{"id":9749,"href":"https:\/\/www.arteiasi.ro\/en\/wp-json\/wp\/v2\/pages\/9726\/revisions\/9749"}],"up":[{"embeddable":true,"href":"https:\/\/www.arteiasi.ro\/en\/wp-json\/wp\/v2\/pages\/7977"}],"wp:attachment":[{"href":"https:\/\/www.arteiasi.ro\/en\/wp-json\/wp\/v2\/media?parent=9726"}],"curies":[{"name":"wp","href":"https:\/\/api.w.org\/{rel}","templated":true}]}}