{"id":9688,"date":"2022-05-31T11:26:47","date_gmt":"2022-05-31T11:26:47","guid":{"rendered":"https:\/\/www.arteiasi.ro\/?page_id=9688"},"modified":"2022-05-31T14:09:25","modified_gmt":"2022-05-31T14:09:25","slug":"institutional-development-projects-fdi","status":"publish","type":"page","link":"https:\/\/www.arteiasi.ro\/en\/research\/national-and-international-projects\/institutional-development-projects-fdi\/","title":{"rendered":"Institutional development projects (FDI)"},"content":{"rendered":"<div class=\"fusion-fullwidth fullwidth-box fusion-builder-row-1 fusion-flex-container nonhundred-percent-fullwidth non-hundred-percent-height-scrolling\" style=\"--awb-border-radius-top-left:0px;--awb-border-radius-top-right:0px;--awb-border-radius-bottom-right:0px;--awb-border-radius-bottom-left:0px;--awb-flex-wrap:wrap;\" ><div class=\"fusion-builder-row fusion-row fusion-flex-align-items-flex-start fusion-flex-content-wrap\" style=\"max-width:1222px;margin-left: calc(-4% \/ 2 );margin-right: calc(-4% \/ 2 );\"><div class=\"fusion-layout-column fusion_builder_column fusion-builder-column-0 fusion_builder_column_1_1 1_1 fusion-flex-column\" style=\"--awb-bg-size:cover;--awb-width-large:100%;--awb-margin-top-large:0px;--awb-spacing-right-large:1.92%;--awb-margin-bottom-large:0px;--awb-spacing-left-large:1.92%;--awb-width-medium:100%;--awb-spacing-right-medium:1.92%;--awb-spacing-left-medium:1.92%;--awb-width-small:100%;--awb-spacing-right-small:1.92%;--awb-spacing-left-small:1.92%;\"><div class=\"fusion-column-wrapper fusion-flex-justify-content-flex-start fusion-content-layout-column\"><div class=\"fusion-text fusion-text-1\"><p>Financed by the Ministry of Education, the projects aim to increase the institutional capacity and improve the quality of the national higher education system. Discover our research and institutional development projects, depending on the field.<\/p>\n<\/div><div class=\"accordian fusion-accordian\" style=\"--awb-border-size:1px;--awb-icon-size:18px;--awb-content-font-size:18px;--awb-icon-alignment:right;--awb-hover-color:#f9f9fb;--awb-border-color:#ffffff;--awb-background-color:#ffffff;--awb-divider-color:#e2e2e2;--awb-divider-hover-color:#e2e2e2;--awb-icon-color:#3e3e3e;--awb-title-color:#3b3b3c;--awb-content-color:#3b3b3c;--awb-icon-box-color:#212934;--awb-toggle-hover-accent-color:#adadad;--awb-title-font-family:&quot;Aileron SemiBold&quot;;--awb-title-font-weight:400;--awb-title-font-style:normal;--awb-title-font-size:21px;--awb-content-font-family:&quot;PT Sans&quot;;--awb-content-font-style:normal;--awb-content-font-weight:400;\"><div class=\"panel-group fusion-toggle-icon-right fusion-toggle-icon-unboxed\" id=\"accordion-9688-1\"><div class=\"fusion-panel panel-default panel-cb64312bbbaec4ee7 fusion-toggle-has-divider\"><div class=\"panel-heading\"><h4 class=\"panel-title toggle\" id=\"toggle_cb64312bbbaec4ee7\"><a aria-expanded=\"false\" aria-controls=\"cb64312bbbaec4ee7\" role=\"button\" data-toggle=\"collapse\" data-parent=\"#accordion-9688-1\" data-target=\"#cb64312bbbaec4ee7\" href=\"#cb64312bbbaec4ee7\"><span class=\"fusion-toggle-icon-wrapper\" aria-hidden=\"true\"><i class=\"fa-fusion-box active-icon awb-icon-minus\" aria-hidden=\"true\"><\/i><i class=\"fa-fusion-box inactive-icon awb-icon-plus\" aria-hidden=\"true\"><\/i><\/span><span class=\"fusion-toggle-heading\">2021<\/span><\/a><\/h4><\/div><div id=\"cb64312bbbaec4ee7\" class=\"panel-collapse collapse \" aria-labelledby=\"toggle_cb64312bbbaec4ee7\"><div class=\"panel-body toggle-content fusion-clearfix\">\n<p>Domain 1<br \/>\n<strong>Title<\/strong>: The art of being yourself. Promoting artistic education through measures to facilitate the access to higher education and integration on the labour market;<br \/>\n<strong>Coordinator<\/strong>: Lecturer PhD Sandra Mavhima;<br \/>\n<strong>Goal<\/strong>: Increasing social inclusion at UNAGE level BY CARRYING OUT INTEGRATED ACTIVITIES that STIMULATE ACCESS TO HIGHER EDUCATION OF HIGH SCHOOL STUDENTS FROM DISADVANTAGED AREAS OF the North-East REGION and by correlating the competences acquired in the university with the requirements on the labour market.<\/p>\n<p>Domain 2<br \/>\n<strong>Title<\/strong>: Consolidating and equipping the new program Painting \u2013 Fine Arts (taught in English) of FAVD \u2013UNAGE Iasi<br \/>\n<strong>Coordinator<\/strong>: Assoc. Prof. PhDCristian Ungureanu<br \/>\n<strong>Goal<\/strong>: The aim of the project is to develop and promote the academic offer of UNAGE, at the undergraduate level (currently), with the intention of developing the new program Painting\u2013 Fine Arts (taught in English) at the master and PhD level, by connecting efficiently to the standards and competencies of the european artistic university education (especially) and of other continents as well.<\/p>\n<p>Domain 3<br \/>\n<strong>Title<\/strong>: The broad base of activities and practices in arts &#8211; the special extended base;<br \/>\n<strong>Coordinator<\/strong>: Lecturer PhD Catalin Soreanu;<br \/>\n<strong>Goal<\/strong>: The project aims to stimulate and streamline the exhibition activities carried out in the Special Gallery, as a basis of practice for the students of UNAGE Iasi, part of the interdisciplinary teaching process, with a focus on the dissemination and internationalization of the results. Activities intended to broaden the logistics base, to promote the gallery, as well as to organize educational artistic events are proposed;<br \/>\n<a href=\"https:\/\/arteiasiro-my.sharepoint.com\/:b:\/g\/personal\/arhiva_unage_unage_ro\/EROwMzHBBIFHjjRgLNIm_pMBFa-CQYmCz8nySE3UuThS9g?e=FDAw1R\" target=\"_blank\" rel=\"noopener\">Raport sintetic FDI-2021-0093 [PDF]<\/a><\/p>\n<p>Domain 4<br \/>\n<strong>Title<\/strong>: Entrepreneurial strategies in the field of arts \u2013 opportunities and risks;<br \/>\n<strong>Coordinator<\/strong>: Lecturer PhD Andrei Enoiu;<br \/>\n<strong>Goal<\/strong>: Providing an optimal climate for the students and graduates of UNAGE Iasi to initiate and develop the entrepreneurial activities, by creating a dedicated online center and platforms, organizing conferences\/workshops\/masterclasses with successful entrepreneurs\/sponsors and training sessions within NGOs, in the field of the arts.<br \/>\n<a href=\"https:\/\/arteiasiro-my.sharepoint.com\/:b:\/g\/personal\/arhiva_unage_unage_ro\/EYQckiGEHB1Fro5cBVIhQREBkuXDq4l6zx-M_dc-JiZyjw?e=6r4Qfl\" target=\"_blank\" rel=\"noopener\">Raport sintetic FDI-2021-0153 [PDF]<\/a><\/p>\n<p>Domain 5<br \/>\n<strong>Titlu<\/strong>: Afterschool: collaborative ways of continuous training in the field of visual arts adapted to the challenges of the open societies;<br \/>\n<strong>Coordinator<\/strong>: Assoc. Prof. PhD. Cristian Nae;<br \/>\n<strong>Goal<\/strong>: Development, diversification and efficiency of theoretical, didactic, applicative and psycho-pedagogical skills, as well as the teaching-learning-evaluation modalities in the artistic field within the Faculty of Visual Arts and Design of UNAGE Iasi by encouraging the exchange of experience on the methodologies of communication and evaluation of the results of artistic research processes used both in the academic environment and among professionals in the artistic field, as well as by developing the skills of tele-education in the sense of manifesting an innovative methodological behavior at the pedagogical and artistic level in accordance with the principles of open knowledge, between May and December 2021;<\/p>\n<p>Domain 6<br \/>\n<strong>Title<\/strong>: DOCTART \u2013 Centre of information resources of PhD schools from UNAGE Iasi;<br \/>\n<strong>Coordinator<\/strong>: Prof. PhD Matei Bejenaru;<br \/>\n<strong>Goal<\/strong>: Creating a framework for the development of artistic research within the PhD schools of the \u201cGeorge Enescu\u201d National University of Arts in Iasi (UNAGE Iasi) by establishing a centre of information resources, organizing series of international conferences of PhD schools, and setting up a space for the exhibition of projects of PhD artistic research.<br \/>\n<a href=\"https:\/\/arteiasiro-my.sharepoint.com\/:b:\/g\/personal\/arhiva_unage_unage_ro\/ERw8LPrDSt1PvmyaBJCC9Y0BKuJtWlSlQX0eapqilMWKSw?e=FBjb9y\" target=\"_blank\" rel=\"noopener\">Raport sintetic FDI-2021-0286 [PDF]<\/a><\/p>\n<\/div><\/div><\/div><div class=\"fusion-panel panel-default panel-d4979ca651298dbbb fusion-toggle-has-divider\"><div class=\"panel-heading\"><h4 class=\"panel-title toggle\" id=\"toggle_d4979ca651298dbbb\"><a aria-expanded=\"false\" aria-controls=\"d4979ca651298dbbb\" role=\"button\" data-toggle=\"collapse\" data-parent=\"#accordion-9688-1\" data-target=\"#d4979ca651298dbbb\" href=\"#d4979ca651298dbbb\"><span class=\"fusion-toggle-icon-wrapper\" aria-hidden=\"true\"><i class=\"fa-fusion-box active-icon awb-icon-minus\" aria-hidden=\"true\"><\/i><i class=\"fa-fusion-box inactive-icon awb-icon-plus\" aria-hidden=\"true\"><\/i><\/span><span class=\"fusion-toggle-heading\">2020<\/span><\/a><\/h4><\/div><div id=\"d4979ca651298dbbb\" class=\"panel-collapse collapse \" aria-labelledby=\"toggle_d4979ca651298dbbb\"><div class=\"panel-body toggle-content fusion-clearfix\">\n<p>Domain 1<br \/>\n<strong>Title<\/strong>: Artistic field \u2013 perspectives and opportunities<br \/>\n<strong>Coordinator<\/strong>: Lect.univ.dr. Andrei Enoiu;<br \/>\n<strong>Goal<\/strong>: The aim of the project is to counsel and guide students from high school education institutions, by organizing communication sessions and training courses, in order to encourage the continuation of their studies, at the &#8220;George Enescu&#8221; National University of Arts in Iasi.<br \/>\n<a href=\"https:\/\/arteiasiro-my.sharepoint.com\/:b:\/g\/personal\/arhiva_unage_unage_ro\/EV5MLbgWhoBNjGcWtbhH-UwBap35wXu-H4Z3UNfe4yPY_w?e=rB7fev\">Raport sintetic [PDF]<\/a><\/p>\n<p>Domain 2<br \/>\n<strong>Title<\/strong>: Promotion and development of a new academic program in English;<br \/>\n<strong>Coordinator<\/strong>: Conf.univ.dr. Cristian Ungureanu;<br \/>\n<strong>Scop<\/strong>: The aim of the project is to promote and develop the academic offer of UNAGE by efficiently adapting to the standards and competences of the European and international artistic university education.<br \/>\n<a href=\"https:\/\/arteiasiro-my.sharepoint.com\/:b:\/g\/personal\/arhiva_unage_unage_ro\/EZnO6w6fNPhHmP3aps1QbL4BGQbHT60hXbTkUQGlY0CYDA?e=6HAQVk\">Raport sintetic [PDF]<\/a><\/p>\n<p>Domain 3<br \/>\n<strong>Title<\/strong>: The basis of activities and practices in arts \u2013 apARTe;<br \/>\n<strong>Coordinator<\/strong>: Lect.univ.dr. Catalin Soreanu;<br \/>\n<strong>Goal<\/strong>: The project proposes to stimulate and streamline the exhibition activities carried out in the ApARTe Gallery, as part of the didactic process of acquiring interdisciplinary knowledge specific to contemporary arts. There are proposed activities of reconditioning, equipment and promotion of the gallery, as well as the organization of educational artistic events.<\/p>\n<p>Domain 4<br \/>\n<strong>Title<\/strong>: Entrepreneurial society of students \u2013 visual arts and design, strengthening an educational climate adapted to labour market changes;<br \/>\n<strong>Coordinator<\/strong>: Conf.univ.dr. Dan Acostioaie;<br \/>\n<strong>Goal<\/strong>: Familiarizing a number of 150 students, master students and graduates with the anteprenorial environment in the artistic field, multiplying the employment perspectives in parallel with stimulating new entrepreneurial student initiatives, taking into account a better connection to the labor market of UNAGE, by organizing a series of activities by SAS-AVD, between April and November 2020.<br \/>\n<a href=\"https:\/\/arteiasiro-my.sharepoint.com\/:b:\/g\/personal\/arhiva_unage_unage_ro\/EYOeT7Od2sFNkWNlU65P-UEBCbEnyLcxo8fJv9OBaI9AWg?e=0fNuzF\">Raport sintetic [PDF]<\/a><\/p>\n<p>Domain 5<br \/>\n<strong>Title<\/strong>: Quality in the university teaching process by using multimedial teaching material on eLearning platforms;<br \/>\n<strong>Coordinator<\/strong>: Prof.univ.dr. Florin Grigoras;<br \/>\n<strong>Goal<\/strong>: Improving the quality of the teaching activity in UNAGE Iasi by developing didactic material in multimedia format, integrated on its own eLearning Platform.<br \/>\n<a href=\"https:\/\/arteiasiro-my.sharepoint.com\/:b:\/g\/personal\/arhiva_unage_unage_ro\/EU9havPIqChHv-fOhQp19w8BiC_QlSJiemsz1j-cWmtaxA?e=aq4nPe\">Raport sintetic [PDF]<\/a><\/p>\n<p>Domain 6<br \/>\n<strong>Title<\/strong>: Art and research \u2013 contemporary challenges;<br \/>\n<strong>Coordinator<\/strong>: Prof.univ.dr. Anca Ciobotaru;<br \/>\n<strong>Goal<\/strong>: Institutional development in the direction of doctoral studies by supporting the activities of optimizing the process of correlation of the artistic creation with that of excellence research, and ensuring the sustainability of the projects carried out within the Doctoral Schools and the Research and Artistic Creation Centers.<br \/>\n<a href=\"https:\/\/arteiasiro-my.sharepoint.com\/:b:\/g\/personal\/arhiva_unage_unage_ro\/EcP1rbcqlohLo_M0E1MsvSgBt1KIoHrbnOX519KT2If07w?e=i1TdjT\">Raport sintetic [PDF]<\/a><\/p>\n<\/div><\/div><\/div><div class=\"fusion-panel panel-default panel-0a39893534851e316 fusion-toggle-has-divider\"><div class=\"panel-heading\"><h4 class=\"panel-title toggle\" id=\"toggle_0a39893534851e316\"><a aria-expanded=\"false\" aria-controls=\"0a39893534851e316\" role=\"button\" data-toggle=\"collapse\" data-parent=\"#accordion-9688-1\" data-target=\"#0a39893534851e316\" href=\"#0a39893534851e316\"><span class=\"fusion-toggle-icon-wrapper\" aria-hidden=\"true\"><i class=\"fa-fusion-box active-icon awb-icon-minus\" aria-hidden=\"true\"><\/i><i class=\"fa-fusion-box inactive-icon awb-icon-plus\" aria-hidden=\"true\"><\/i><\/span><span class=\"fusion-toggle-heading\">2019<\/span><\/a><\/h4><\/div><div id=\"0a39893534851e316\" class=\"panel-collapse collapse \" aria-labelledby=\"toggle_0a39893534851e316\"><div class=\"panel-body toggle-content fusion-clearfix\">\n<p>Domeniul 1<br \/>\n<strong>Titlu<\/strong>: Campanie de identificare si atragere a tinerilor proveniti, in special, din medii defavorizate;<br \/>\n<strong>Coordonator<\/strong>: Conf.univ.dr. Doru Zaharia;<br \/>\n<strong>Scop<\/strong>: Realizarea unei colabor\u0103ri pe termen mediu \u0219i lung cu Inspectoratele \u0218colare Jude\u021bene pentru identificarea institu\u021biilor de \u00eenv\u0103\u021b\u0103m\u00e2nt liceal \u00een care se afl\u0103 posibili candida\u021bi, provenind din localit\u0103\u021bi rurale ce au institu\u021bii liceale, ora\u0219e mici \u0219i medii defavorizate cu poten\u021bial pentru domenii specifice ale UNAGE Ia\u0219i \u0219i organizarea de \u00eent\u00e2lniri cu ace\u0219tia \u00een jude\u021bele Bac\u0103u, Boto\u0219ani, Ia\u0219i, Neam\u021b, Vaslui \u0219i Suceava.<\/p>\n<p>Domeniul 2<br \/>\n<strong>Titlu<\/strong>: Colaborare universitara transfrontaliera prin dialogul Scolilor doctorale din cadrul Consortiului CUMRU;<br \/>\n<strong>Coordonator<\/strong>: Prof.univ.dr. Florin Grigoras;<br \/>\n<strong>Scop<\/strong>: Proiectul este destinat cresterii dimensiunii internationale a UNAGE Iasi prin intensificarea colaborarii din cadrul consortiului transfrontalier CUMRU, anume stimularea dialogului dintre scolile doctorale ce apartin universitatilor membre ale consortiului.<\/p>\n<p>Domeniul 5<br \/>\n<strong>Titlu<\/strong>: Implementarea noilor tehnologii in procesul didactic;<br \/>\n<strong>Coordonator<\/strong>: Lect.univ.dr. Andrei Enoiu;<br \/>\n<strong>Scop<\/strong>: Revigorarea materialului didactic utilizat.<\/p>\n<p><a href=\"https:\/\/arteiasiro-my.sharepoint.com\/:b:\/g\/personal\/arhiva_unage_unage_ro\/ESUarOOD8gBLq7Kgp2AiDHwBsGaFySoRwNte8KydWb2tyQ?e=HnLjON\">Rapoarte sintetice FDI 2019 [PDF]<\/a><\/p>\n<\/div><\/div><\/div><div class=\"fusion-panel panel-default panel-52b17e1cbe90c0803 fusion-toggle-has-divider\"><div class=\"panel-heading\"><h4 class=\"panel-title toggle\" id=\"toggle_52b17e1cbe90c0803\"><a aria-expanded=\"false\" aria-controls=\"52b17e1cbe90c0803\" role=\"button\" data-toggle=\"collapse\" data-parent=\"#accordion-9688-1\" data-target=\"#52b17e1cbe90c0803\" href=\"#52b17e1cbe90c0803\"><span class=\"fusion-toggle-icon-wrapper\" aria-hidden=\"true\"><i class=\"fa-fusion-box active-icon awb-icon-minus\" aria-hidden=\"true\"><\/i><i class=\"fa-fusion-box inactive-icon awb-icon-plus\" aria-hidden=\"true\"><\/i><\/span><span class=\"fusion-toggle-heading\">2018<\/span><\/a><\/h4><\/div><div id=\"52b17e1cbe90c0803\" class=\"panel-collapse collapse \" aria-labelledby=\"toggle_52b17e1cbe90c0803\"><div class=\"panel-body toggle-content fusion-clearfix\">\n<p>Domeniul 2<br \/>\n<strong>Titlu<\/strong>: Acreditarea de noi programe academice \u00een limba englez\u0103;<br \/>\n<strong>Coordonator<\/strong>: conf.univ.dr. Cristian Ungureanu;<br \/>\n<strong>Scop<\/strong>: Scopul proiectului este acela de a dezvolta oferta academic\u0103 a UNAGE Ia\u0219i prin racordarea eficient\u0103 la standardele \u0219i compe\u021bentele \u00eenv\u0103\u021b\u0103m\u00e2ntului universitar artistic european \u0219i interna\u021bional.<\/p>\n<\/div><\/div><\/div><\/div><\/div><\/div><\/div><\/div><\/div>\n","protected":false},"excerpt":{"rendered":"","protected":false},"author":3,"featured_media":0,"parent":8910,"menu_order":69,"comment_status":"closed","ping_status":"closed","template":"","meta":{"inline_featured_image":false,"footnotes":""},"class_list":["post-9688","page","type-page","status-publish","hentry"],"yoast_head":"<!-- This site is optimized with the Yoast SEO plugin v27.4 - https:\/\/yoast.com\/product\/yoast-seo-wordpress\/ -->\n<title>Institutional development projects (FDI) - Universitatea Na\u021bional\u0103 de Arte &quot;George Enescu&quot; Ia\u0219i<\/title>\n<meta name=\"robots\" content=\"index, follow, max-snippet:-1, max-image-preview:large, max-video-preview:-1\" \/>\n<link rel=\"canonical\" href=\"https:\/\/www.arteiasi.ro\/en\/research\/national-and-international-projects\/institutional-development-projects-fdi\/\" \/>\n<meta property=\"og:locale\" content=\"en_US\" \/>\n<meta property=\"og:type\" content=\"article\" \/>\n<meta property=\"og:title\" content=\"Institutional development projects (FDI) - Universitatea Na\u021bional\u0103 de Arte &quot;George Enescu&quot; Ia\u0219i\" \/>\n<meta property=\"og:url\" content=\"https:\/\/www.arteiasi.ro\/en\/research\/national-and-international-projects\/institutional-development-projects-fdi\/\" \/>\n<meta property=\"og:site_name\" content=\"Universitatea Na\u021bional\u0103 de Arte &quot;George Enescu&quot; Ia\u0219i\" \/>\n<meta property=\"article:modified_time\" content=\"2022-05-31T14:09:25+00:00\" \/>\n<meta name=\"twitter:card\" content=\"summary_large_image\" \/>\n<script type=\"application\/ld+json\" class=\"yoast-schema-graph\">{\"@context\":\"https:\\\/\\\/schema.org\",\"@graph\":[{\"@type\":\"WebPage\",\"@id\":\"https:\\\/\\\/www.arteiasi.ro\\\/en\\\/research\\\/national-and-international-projects\\\/institutional-development-projects-fdi\\\/\",\"url\":\"https:\\\/\\\/www.arteiasi.ro\\\/en\\\/research\\\/national-and-international-projects\\\/institutional-development-projects-fdi\\\/\",\"name\":\"Institutional development projects (FDI) - Universitatea Na\u021bional\u0103 de Arte &quot;George Enescu&quot; Ia\u0219i\",\"isPartOf\":{\"@id\":\"https:\\\/\\\/www.arteiasi.ro\\\/en\\\/#website\"},\"datePublished\":\"2022-05-31T11:26:47+00:00\",\"dateModified\":\"2022-05-31T14:09:25+00:00\",\"breadcrumb\":{\"@id\":\"https:\\\/\\\/www.arteiasi.ro\\\/en\\\/research\\\/national-and-international-projects\\\/institutional-development-projects-fdi\\\/#breadcrumb\"},\"inLanguage\":\"en-US\",\"potentialAction\":[{\"@type\":\"ReadAction\",\"target\":[\"https:\\\/\\\/www.arteiasi.ro\\\/en\\\/research\\\/national-and-international-projects\\\/institutional-development-projects-fdi\\\/\"]}]},{\"@type\":\"BreadcrumbList\",\"@id\":\"https:\\\/\\\/www.arteiasi.ro\\\/en\\\/research\\\/national-and-international-projects\\\/institutional-development-projects-fdi\\\/#breadcrumb\",\"itemListElement\":[{\"@type\":\"ListItem\",\"position\":1,\"name\":\"Home\",\"item\":\"https:\\\/\\\/www.arteiasi.ro\\\/en\\\/\"},{\"@type\":\"ListItem\",\"position\":2,\"name\":\"Research\",\"item\":\"https:\\\/\\\/www.arteiasi.ro\\\/en\\\/research\\\/\"},{\"@type\":\"ListItem\",\"position\":3,\"name\":\"National and International Projects\",\"item\":\"https:\\\/\\\/www.arteiasi.ro\\\/en\\\/research\\\/national-and-international-projects\\\/\"},{\"@type\":\"ListItem\",\"position\":4,\"name\":\"Institutional development projects (FDI)\"}]},{\"@type\":\"WebSite\",\"@id\":\"https:\\\/\\\/www.arteiasi.ro\\\/en\\\/#website\",\"url\":\"https:\\\/\\\/www.arteiasi.ro\\\/en\\\/\",\"name\":\"Universitatea Na\u021bional\u0103 de Arte &quot;George Enescu&quot; Ia\u0219i\",\"description\":\"\",\"potentialAction\":[{\"@type\":\"SearchAction\",\"target\":{\"@type\":\"EntryPoint\",\"urlTemplate\":\"https:\\\/\\\/www.arteiasi.ro\\\/en\\\/?s={search_term_string}\"},\"query-input\":{\"@type\":\"PropertyValueSpecification\",\"valueRequired\":true,\"valueName\":\"search_term_string\"}}],\"inLanguage\":\"en-US\"}]}<\/script>\n<!-- \/ Yoast SEO plugin. -->","yoast_head_json":{"title":"Institutional development projects (FDI) - Universitatea Na\u021bional\u0103 de Arte &quot;George Enescu&quot; Ia\u0219i","robots":{"index":"index","follow":"follow","max-snippet":"max-snippet:-1","max-image-preview":"max-image-preview:large","max-video-preview":"max-video-preview:-1"},"canonical":"https:\/\/www.arteiasi.ro\/en\/research\/national-and-international-projects\/institutional-development-projects-fdi\/","og_locale":"en_US","og_type":"article","og_title":"Institutional development projects (FDI) - Universitatea Na\u021bional\u0103 de Arte &quot;George Enescu&quot; Ia\u0219i","og_url":"https:\/\/www.arteiasi.ro\/en\/research\/national-and-international-projects\/institutional-development-projects-fdi\/","og_site_name":"Universitatea Na\u021bional\u0103 de Arte &quot;George Enescu&quot; Ia\u0219i","article_modified_time":"2022-05-31T14:09:25+00:00","twitter_card":"summary_large_image","schema":{"@context":"https:\/\/schema.org","@graph":[{"@type":"WebPage","@id":"https:\/\/www.arteiasi.ro\/en\/research\/national-and-international-projects\/institutional-development-projects-fdi\/","url":"https:\/\/www.arteiasi.ro\/en\/research\/national-and-international-projects\/institutional-development-projects-fdi\/","name":"Institutional development projects (FDI) - Universitatea Na\u021bional\u0103 de Arte &quot;George Enescu&quot; Ia\u0219i","isPartOf":{"@id":"https:\/\/www.arteiasi.ro\/en\/#website"},"datePublished":"2022-05-31T11:26:47+00:00","dateModified":"2022-05-31T14:09:25+00:00","breadcrumb":{"@id":"https:\/\/www.arteiasi.ro\/en\/research\/national-and-international-projects\/institutional-development-projects-fdi\/#breadcrumb"},"inLanguage":"en-US","potentialAction":[{"@type":"ReadAction","target":["https:\/\/www.arteiasi.ro\/en\/research\/national-and-international-projects\/institutional-development-projects-fdi\/"]}]},{"@type":"BreadcrumbList","@id":"https:\/\/www.arteiasi.ro\/en\/research\/national-and-international-projects\/institutional-development-projects-fdi\/#breadcrumb","itemListElement":[{"@type":"ListItem","position":1,"name":"Home","item":"https:\/\/www.arteiasi.ro\/en\/"},{"@type":"ListItem","position":2,"name":"Research","item":"https:\/\/www.arteiasi.ro\/en\/research\/"},{"@type":"ListItem","position":3,"name":"National and International Projects","item":"https:\/\/www.arteiasi.ro\/en\/research\/national-and-international-projects\/"},{"@type":"ListItem","position":4,"name":"Institutional development projects (FDI)"}]},{"@type":"WebSite","@id":"https:\/\/www.arteiasi.ro\/en\/#website","url":"https:\/\/www.arteiasi.ro\/en\/","name":"Universitatea Na\u021bional\u0103 de Arte &quot;George Enescu&quot; Ia\u0219i","description":"","potentialAction":[{"@type":"SearchAction","target":{"@type":"EntryPoint","urlTemplate":"https:\/\/www.arteiasi.ro\/en\/?s={search_term_string}"},"query-input":{"@type":"PropertyValueSpecification","valueRequired":true,"valueName":"search_term_string"}}],"inLanguage":"en-US"}]}},"_links":{"self":[{"href":"https:\/\/www.arteiasi.ro\/en\/wp-json\/wp\/v2\/pages\/9688","targetHints":{"allow":["GET"]}}],"collection":[{"href":"https:\/\/www.arteiasi.ro\/en\/wp-json\/wp\/v2\/pages"}],"about":[{"href":"https:\/\/www.arteiasi.ro\/en\/wp-json\/wp\/v2\/types\/page"}],"author":[{"embeddable":true,"href":"https:\/\/www.arteiasi.ro\/en\/wp-json\/wp\/v2\/users\/3"}],"replies":[{"embeddable":true,"href":"https:\/\/www.arteiasi.ro\/en\/wp-json\/wp\/v2\/comments?post=9688"}],"version-history":[{"count":4,"href":"https:\/\/www.arteiasi.ro\/en\/wp-json\/wp\/v2\/pages\/9688\/revisions"}],"predecessor-version":[{"id":9694,"href":"https:\/\/www.arteiasi.ro\/en\/wp-json\/wp\/v2\/pages\/9688\/revisions\/9694"}],"up":[{"embeddable":true,"href":"https:\/\/www.arteiasi.ro\/en\/wp-json\/wp\/v2\/pages\/8910"}],"wp:attachment":[{"href":"https:\/\/www.arteiasi.ro\/en\/wp-json\/wp\/v2\/media?parent=9688"}],"curies":[{"name":"wp","href":"https:\/\/api.w.org\/{rel}","templated":true}]}}