{"id":9225,"date":"2022-04-14T12:43:56","date_gmt":"2022-04-14T12:43:56","guid":{"rendered":"https:\/\/www.arteiasi.ro\/?page_id=9225"},"modified":"2022-04-14T13:33:17","modified_gmt":"2022-04-14T13:33:17","slug":"university-secretariat","status":"publish","type":"page","link":"https:\/\/www.arteiasi.ro\/en\/about-unage\/administrative\/university-secretariat\/","title":{"rendered":"University Secretariat"},"content":{"rendered":"<p><strong>General Secretary<\/strong><br \/>\nScafaru Tania<br \/>\nIa\u0219i, Cuza Vod\u0103 29<br \/>\nPhone: +40 232 278883<br \/>\nEmail: <a href=\"mailto:secretarsefuniversitateuage@yahoo.com\">secretarsefuniversitateuage@yahoo.com<\/a><\/p>\n<p><strong>Secretary of the Rectorate<\/strong><br \/>\nVerde\u0219 M\u0103d\u0103lina<br \/>\nIa\u0219i, Cuza Voda 29<br \/>\nPhone: +40 232 212549, Fax: 0232 212551<br \/>\nEmail: <a href=\"mailto:rectorat@arteiasi.ro\">rectorat@arteiasi.ro<\/a><\/p>\n<p><strong>Secretary of the Senate<\/strong><br \/>\nIvanov-Mera Andreea<br \/>\nIa\u0219i, Cuza Voda 29<br \/>\nEmail: <a href=\"mailto:senatunageiasi@gmail.com\">senatunageiasi@gmail.com<\/a><\/p>\n<p id=\"tw-target-text\" class=\"tw-data-text tw-text-large tw-ta\" dir=\"ltr\" data-placeholder=\"Translation\"><strong><span class=\"Y2IQFc\" lang=\"en\">Secretary of Studies and Quality of Education<\/span><\/strong><\/p>\n<p class=\"tw-data-text tw-text-large tw-ta\" dir=\"ltr\" data-placeholder=\"Translation\">Ivanov-Mera Andreea<br \/>\nCuza Vod\u0103 29<br \/>\nPhone: 0745-328592<br \/>\nEmail: <a href=\"mailto:secretariat.calitate@gmail.com\">secretariat.calitate@gmail.com<\/a><\/p>\n<p><strong>Secretary of Artistic and Research Activities<\/strong><br \/>\nLigia Jemna<br \/>\nStr. Cuza Voda 29<br \/>\nPhone: 0752-448382<br \/>\nEmail: <a href=\"mailto:evenimente.artistice.uage@gmail.com\">evenimente.artistice.uage@gmail.com<\/a><\/p>\n<p><strong>Secretary of Doctoral Studies<\/strong><br \/>\nLeonte Alina<br \/>\nIa\u0219i, Costache Negruzzi 9<br \/>\nPhone: 0751-511288<br \/>\nEmail: <a href=\"mailto:doctorat@unage.ro\">doctorat@unage.ro<\/a><\/p>\n<p><strong>Secretary of the Faculty of Music Performance, Composition and Music Theory Studies <\/strong><br \/>\nBarto\u015f Agavriloaie Oana Nicoleta, Bucur Cristina Daniela, Chiuariu Filip Andrei<br \/>\nStr. Costache Negruzzi nr. 9<br \/>\nTel: +40 232 212548<br \/>\nEmail: <a href=\"mailto:secretariatficsmt@gmail.com\">secretariatficsmt@gmail.com<\/a>, <a href=\"mailto:facultate.muzica@gmail.com\">facultate.muzica@gmail.com<\/a><\/p>\n<p><strong>Secretary of the Faculty of Theatre<\/strong><br \/>\nEmilian Iolanda<br \/>\nStr. Costache Negruzzi no. 9<br \/>\nPhone: +40 232 212548, Email: <a href=\"mailto:secretariat.teatru@unage.ro\">secretariat.teatru@unage.ro<\/a><\/p>\n<p><strong>Secretary of the Faculty of Visual Arts and Design<\/strong><br \/>\nOstafie Irina Florentina, B\u0103d\u0103r\u0103u Mihaela Alina, Diaconu Teodora<br \/>\nIasi, S\u0103r\u0103rie no 189<br \/>\nPhone\/Fax: +40 232 225333, Mobile:0751511296<br \/>\n<a href=\"mailto:fapdd@arteiasi.ro\">fapdd@arteiasi.ro<\/a>, secretariat.favd@unage.ro<\/p>\n<p><strong>Secretary of DPPD<\/strong><br \/>\nIonescu Irina<br \/>\nIa\u0219i, Costache Negruzzi no 9<br \/>\nPhone: +40 232 276462<br \/>\nFax: 0232 212551 (rectorat)<br \/>\n<a href=\"mailto:dppd@arteiasi.ro\">dppd@arteiasi.ro<\/a><\/p>\n","protected":false},"excerpt":{"rendered":"<p>General Secretary Scafaru Tania Ia\u0219i, Cuza Vod\u0103 29 Phone: +40 232 278883 Email: secretarsefuniversitateuage@yahoo.com Secretary of the Rectorate Verde\u0219 M\u0103d\u0103lina Ia\u0219i, Cuza Voda 29 Phone: +40 232 212549, Fax: 0232  [&#8230;]<\/p>\n","protected":false},"author":3,"featured_media":0,"parent":8979,"menu_order":161,"comment_status":"closed","ping_status":"closed","template":"","meta":{"inline_featured_image":false,"footnotes":""},"class_list":["post-9225","page","type-page","status-publish","hentry"],"yoast_head":"<!-- This site is optimized with the Yoast SEO plugin v27.3 - https:\/\/yoast.com\/product\/yoast-seo-wordpress\/ -->\n<title>University Secretariat - Universitatea Na\u021bional\u0103 de Arte &quot;George Enescu&quot; Ia\u0219i<\/title>\n<meta name=\"robots\" content=\"index, follow, max-snippet:-1, max-image-preview:large, max-video-preview:-1\" \/>\n<link rel=\"canonical\" href=\"https:\/\/www.arteiasi.ro\/en\/about-unage\/administrative\/university-secretariat\/\" \/>\n<meta property=\"og:locale\" content=\"en_US\" \/>\n<meta property=\"og:type\" content=\"article\" \/>\n<meta property=\"og:title\" content=\"University Secretariat - Universitatea Na\u021bional\u0103 de Arte &quot;George Enescu&quot; Ia\u0219i\" \/>\n<meta property=\"og:description\" content=\"General Secretary Scafaru Tania Ia\u0219i, Cuza Vod\u0103 29 Phone: +40 232 278883 Email: secretarsefuniversitateuage@yahoo.com Secretary of the Rectorate Verde\u0219 M\u0103d\u0103lina Ia\u0219i, Cuza Voda 29 Phone: +40 232 212549, Fax: 0232 [...]\" \/>\n<meta property=\"og:url\" content=\"https:\/\/www.arteiasi.ro\/en\/about-unage\/administrative\/university-secretariat\/\" \/>\n<meta property=\"og:site_name\" content=\"Universitatea Na\u021bional\u0103 de Arte &quot;George Enescu&quot; Ia\u0219i\" \/>\n<meta property=\"article:modified_time\" content=\"2022-04-14T13:33:17+00:00\" \/>\n<meta name=\"twitter:card\" content=\"summary_large_image\" \/>\n<script type=\"application\/ld+json\" class=\"yoast-schema-graph\">{\"@context\":\"https:\\\/\\\/schema.org\",\"@graph\":[{\"@type\":\"WebPage\",\"@id\":\"https:\\\/\\\/www.arteiasi.ro\\\/en\\\/about-unage\\\/administrative\\\/university-secretariat\\\/\",\"url\":\"https:\\\/\\\/www.arteiasi.ro\\\/en\\\/about-unage\\\/administrative\\\/university-secretariat\\\/\",\"name\":\"University Secretariat - Universitatea Na\u021bional\u0103 de Arte &quot;George Enescu&quot; Ia\u0219i\",\"isPartOf\":{\"@id\":\"https:\\\/\\\/www.arteiasi.ro\\\/en\\\/#website\"},\"datePublished\":\"2022-04-14T12:43:56+00:00\",\"dateModified\":\"2022-04-14T13:33:17+00:00\",\"breadcrumb\":{\"@id\":\"https:\\\/\\\/www.arteiasi.ro\\\/en\\\/about-unage\\\/administrative\\\/university-secretariat\\\/#breadcrumb\"},\"inLanguage\":\"en-US\",\"potentialAction\":[{\"@type\":\"ReadAction\",\"target\":[\"https:\\\/\\\/www.arteiasi.ro\\\/en\\\/about-unage\\\/administrative\\\/university-secretariat\\\/\"]}]},{\"@type\":\"BreadcrumbList\",\"@id\":\"https:\\\/\\\/www.arteiasi.ro\\\/en\\\/about-unage\\\/administrative\\\/university-secretariat\\\/#breadcrumb\",\"itemListElement\":[{\"@type\":\"ListItem\",\"position\":1,\"name\":\"Home\",\"item\":\"https:\\\/\\\/www.arteiasi.ro\\\/en\\\/\"},{\"@type\":\"ListItem\",\"position\":2,\"name\":\"About UNAGE\",\"item\":\"https:\\\/\\\/www.arteiasi.ro\\\/en\\\/about-unage\\\/\"},{\"@type\":\"ListItem\",\"position\":3,\"name\":\"Administrative\",\"item\":\"https:\\\/\\\/www.arteiasi.ro\\\/en\\\/about-unage\\\/administrative\\\/\"},{\"@type\":\"ListItem\",\"position\":4,\"name\":\"University Secretariat\"}]},{\"@type\":\"WebSite\",\"@id\":\"https:\\\/\\\/www.arteiasi.ro\\\/en\\\/#website\",\"url\":\"https:\\\/\\\/www.arteiasi.ro\\\/en\\\/\",\"name\":\"Universitatea Na\u021bional\u0103 de Arte &quot;George Enescu&quot; Ia\u0219i\",\"description\":\"\",\"potentialAction\":[{\"@type\":\"SearchAction\",\"target\":{\"@type\":\"EntryPoint\",\"urlTemplate\":\"https:\\\/\\\/www.arteiasi.ro\\\/en\\\/?s={search_term_string}\"},\"query-input\":{\"@type\":\"PropertyValueSpecification\",\"valueRequired\":true,\"valueName\":\"search_term_string\"}}],\"inLanguage\":\"en-US\"}]}<\/script>\n<!-- \/ Yoast SEO plugin. -->","yoast_head_json":{"title":"University Secretariat - Universitatea Na\u021bional\u0103 de Arte &quot;George Enescu&quot; Ia\u0219i","robots":{"index":"index","follow":"follow","max-snippet":"max-snippet:-1","max-image-preview":"max-image-preview:large","max-video-preview":"max-video-preview:-1"},"canonical":"https:\/\/www.arteiasi.ro\/en\/about-unage\/administrative\/university-secretariat\/","og_locale":"en_US","og_type":"article","og_title":"University Secretariat - Universitatea Na\u021bional\u0103 de Arte &quot;George Enescu&quot; Ia\u0219i","og_description":"General Secretary Scafaru Tania Ia\u0219i, Cuza Vod\u0103 29 Phone: +40 232 278883 Email: secretarsefuniversitateuage@yahoo.com Secretary of the Rectorate Verde\u0219 M\u0103d\u0103lina Ia\u0219i, Cuza Voda 29 Phone: +40 232 212549, Fax: 0232 [...]","og_url":"https:\/\/www.arteiasi.ro\/en\/about-unage\/administrative\/university-secretariat\/","og_site_name":"Universitatea Na\u021bional\u0103 de Arte &quot;George Enescu&quot; Ia\u0219i","article_modified_time":"2022-04-14T13:33:17+00:00","twitter_card":"summary_large_image","schema":{"@context":"https:\/\/schema.org","@graph":[{"@type":"WebPage","@id":"https:\/\/www.arteiasi.ro\/en\/about-unage\/administrative\/university-secretariat\/","url":"https:\/\/www.arteiasi.ro\/en\/about-unage\/administrative\/university-secretariat\/","name":"University Secretariat - Universitatea Na\u021bional\u0103 de Arte &quot;George Enescu&quot; Ia\u0219i","isPartOf":{"@id":"https:\/\/www.arteiasi.ro\/en\/#website"},"datePublished":"2022-04-14T12:43:56+00:00","dateModified":"2022-04-14T13:33:17+00:00","breadcrumb":{"@id":"https:\/\/www.arteiasi.ro\/en\/about-unage\/administrative\/university-secretariat\/#breadcrumb"},"inLanguage":"en-US","potentialAction":[{"@type":"ReadAction","target":["https:\/\/www.arteiasi.ro\/en\/about-unage\/administrative\/university-secretariat\/"]}]},{"@type":"BreadcrumbList","@id":"https:\/\/www.arteiasi.ro\/en\/about-unage\/administrative\/university-secretariat\/#breadcrumb","itemListElement":[{"@type":"ListItem","position":1,"name":"Home","item":"https:\/\/www.arteiasi.ro\/en\/"},{"@type":"ListItem","position":2,"name":"About UNAGE","item":"https:\/\/www.arteiasi.ro\/en\/about-unage\/"},{"@type":"ListItem","position":3,"name":"Administrative","item":"https:\/\/www.arteiasi.ro\/en\/about-unage\/administrative\/"},{"@type":"ListItem","position":4,"name":"University Secretariat"}]},{"@type":"WebSite","@id":"https:\/\/www.arteiasi.ro\/en\/#website","url":"https:\/\/www.arteiasi.ro\/en\/","name":"Universitatea Na\u021bional\u0103 de Arte &quot;George Enescu&quot; Ia\u0219i","description":"","potentialAction":[{"@type":"SearchAction","target":{"@type":"EntryPoint","urlTemplate":"https:\/\/www.arteiasi.ro\/en\/?s={search_term_string}"},"query-input":{"@type":"PropertyValueSpecification","valueRequired":true,"valueName":"search_term_string"}}],"inLanguage":"en-US"}]}},"_links":{"self":[{"href":"https:\/\/www.arteiasi.ro\/en\/wp-json\/wp\/v2\/pages\/9225","targetHints":{"allow":["GET"]}}],"collection":[{"href":"https:\/\/www.arteiasi.ro\/en\/wp-json\/wp\/v2\/pages"}],"about":[{"href":"https:\/\/www.arteiasi.ro\/en\/wp-json\/wp\/v2\/types\/page"}],"author":[{"embeddable":true,"href":"https:\/\/www.arteiasi.ro\/en\/wp-json\/wp\/v2\/users\/3"}],"replies":[{"embeddable":true,"href":"https:\/\/www.arteiasi.ro\/en\/wp-json\/wp\/v2\/comments?post=9225"}],"version-history":[{"count":4,"href":"https:\/\/www.arteiasi.ro\/en\/wp-json\/wp\/v2\/pages\/9225\/revisions"}],"predecessor-version":[{"id":9230,"href":"https:\/\/www.arteiasi.ro\/en\/wp-json\/wp\/v2\/pages\/9225\/revisions\/9230"}],"up":[{"embeddable":true,"href":"https:\/\/www.arteiasi.ro\/en\/wp-json\/wp\/v2\/pages\/8979"}],"wp:attachment":[{"href":"https:\/\/www.arteiasi.ro\/en\/wp-json\/wp\/v2\/media?parent=9225"}],"curies":[{"name":"wp","href":"https:\/\/api.w.org\/{rel}","templated":true}]}}