{"id":9049,"date":"2022-04-11T20:17:11","date_gmt":"2022-04-11T20:17:11","guid":{"rendered":"https:\/\/www.arteiasi.ro\/?page_id=9049"},"modified":"2022-05-25T18:44:47","modified_gmt":"2022-05-25T18:44:47","slug":"the-bord-of-executive-directors","status":"publish","type":"page","link":"https:\/\/www.arteiasi.ro\/en\/about-unage\/organization\/the-bord-of-executive-directors\/","title":{"rendered":"Board of Directors"},"content":{"rendered":"<p id=\"tw-target-text\" class=\"tw-data-text tw-text-large tw-ta\" dir=\"ltr\" data-placeholder=\"Traducere\"><span class=\"Y2IQFc\" lang=\"en\">The Board of Directors consists of Rector, Vice-rectors, Deans of faculties , the General Administrative Director and a representative of the students.<\/span><\/p>\n<p id=\"tw-target-text\" class=\"tw-data-text tw-text-large tw-ta\" dir=\"ltr\" data-placeholder=\"Traducere\"><span class=\"Y2IQFc\" lang=\"en\">The President of the Senate, the Director of IOSUD and the Financial-accounting Director are invited to the meetings of the Board of Directors.<\/span><\/p>\n<div class=\"oSioSc\">\n<div id=\"tw-target\">\n<div id=\"kAz1tf\" class=\"g9WsWb\">\n<div id=\"tw-target-text-container\" class=\"tw-ta-container F0azHf tw-nfl\" tabindex=\"0\"><\/div>\n<\/div>\n<\/div>\n<\/div>\n<p>Members<\/p>\n\n<table id=\"tablepress-3\" class=\"tablepress tablepress-id-3\">\n<thead>\n<tr class=\"row-1\">\n\t<th class=\"column-1\">Nume<\/th><th class=\"column-2\">Func\u021bie<\/th>\n<\/tr>\n<\/thead>\n<tbody class=\"row-striping row-hover\">\n<tr class=\"row-2\">\n\t<td class=\"column-1\">Prof. univ dr. Aurelian B\u0103l\u0103i\u021b\u0103 <\/td><td class=\"column-2\">Rector<\/td>\n<\/tr>\n<tr class=\"row-3\">\n\t<td class=\"column-1\">Prof. univ. dr. Dan Octavian Sp\u00eenu<\/td><td class=\"column-2\">Prorector cu activitatea didactic\u0103 \u0219i calitate \u00een \u00eenv\u0103\u021b\u0103m\u00e2nt.<\/td>\n<\/tr>\n<tr class=\"row-4\">\n\t<td class=\"column-1\">Prof. univ. dr. Cristian Nicolae Ungureanu<\/td><td class=\"column-2\">Prorector rela\u0163ii interna\u0163ionale, imaginea universit\u0103\u0163ii \u015fi probleme studen\u0163e\u015fti-sociale<\/td>\n<\/tr>\n<tr class=\"row-5\">\n\t<td class=\"column-1\">Prof. univ. dr. Octavian Dumitru Jighirgiu<\/td><td class=\"column-2\">Prorector cercetare \u015fi crea\u0163ie artistic\u0103<\/td>\n<\/tr>\n<tr class=\"row-6\">\n\t<td class=\"column-1\">Prof. univ. dr. Ciprian Andrei Ion<\/td><td class=\"column-2\">Decan, Facultatea de Interpretare, Compozi\u0163ie \u015fi Studii Muzicale Teoretice<\/td>\n<\/tr>\n<tr class=\"row-7\">\n\t<td class=\"column-1\">Prof. univ. dr. Raluca Bujoreanu-Hu\u0163anu<\/td><td class=\"column-2\">Decan, Facultatea de Teatru<\/td>\n<\/tr>\n<tr class=\"row-8\">\n\t<td class=\"column-1\">Prof. univ. dr. Adrian Stoleriu<\/td><td class=\"column-2\">Decan, Facultatea de Arte Vizuale \u015fi Design<\/td>\n<\/tr>\n<tr class=\"row-9\">\n\t<td class=\"column-1\">Prof. univ. dr. Eugenia Maria Pa\u015fca<\/td><td class=\"column-2\">Director, Departamentul pentru Preg\u0103tirea Personalului Didactic<\/td>\n<\/tr>\n<tr class=\"row-10\">\n\t<td class=\"column-1\">Ec. Livia Brum\u0103 <\/td><td class=\"column-2\">Director general administrativ<\/td>\n<\/tr>\n<tr class=\"row-11\">\n\t<td class=\"column-1\">Studenta Cojocaru Elena-Karina<\/td><td class=\"column-2\">Arte vizuale<\/td>\n<\/tr>\n<\/tbody>\n<\/table>\n<!-- #tablepress-3 from cache -->\n<div class=\"wpb_text_column wpb_content_element \">\n<div class=\"wpb_wrapper\">\n<div class=\"wpb_text_column wpb_content_element \">\n<div class=\"wpb_text_column wpb_content_element \">\n<div class=\"wpb_wrapper\">\n<div class=\"wpb_text_column wpb_content_element \">\n<div class=\"wpb_wrapper\">\n<div class=\"wpb_wrapper\">\n<p>&nbsp;<\/p>\n<\/div>\n<\/div>\n<\/div>\n<\/div>\n<\/div>\n<\/div>\n<\/div>\n<div class=\"wpb_wrapper\">\n<p>&nbsp;<\/p>\n<\/div>\n<\/div>\n","protected":false},"excerpt":{"rendered":"<p>The Board of Directors consists of Rector, Vice-rectors, Deans of faculties , the General Administrative Director and a representative of the students. The President of the Senate, the Director of  [&#8230;]<\/p>\n","protected":false},"author":3,"featured_media":0,"parent":8951,"menu_order":195,"comment_status":"closed","ping_status":"closed","template":"","meta":{"inline_featured_image":false,"footnotes":""},"class_list":["post-9049","page","type-page","status-publish","hentry"],"yoast_head":"<!-- This site is optimized with the Yoast SEO plugin v27.3 - https:\/\/yoast.com\/product\/yoast-seo-wordpress\/ -->\n<title>Board of Directors - Universitatea Na\u021bional\u0103 de Arte &quot;George Enescu&quot; Ia\u0219i<\/title>\n<meta name=\"robots\" content=\"index, follow, max-snippet:-1, max-image-preview:large, max-video-preview:-1\" \/>\n<link rel=\"canonical\" href=\"https:\/\/www.arteiasi.ro\/en\/about-unage\/organization\/the-bord-of-executive-directors\/\" \/>\n<meta property=\"og:locale\" content=\"en_US\" \/>\n<meta property=\"og:type\" content=\"article\" \/>\n<meta property=\"og:title\" content=\"Board of Directors - Universitatea Na\u021bional\u0103 de Arte &quot;George Enescu&quot; Ia\u0219i\" \/>\n<meta property=\"og:description\" content=\"The Board of Directors consists of Rector, Vice-rectors, Deans of faculties , the General Administrative Director and a representative of the students. The President of the Senate, the Director of [...]\" \/>\n<meta property=\"og:url\" content=\"https:\/\/www.arteiasi.ro\/en\/about-unage\/organization\/the-bord-of-executive-directors\/\" \/>\n<meta property=\"og:site_name\" content=\"Universitatea Na\u021bional\u0103 de Arte &quot;George Enescu&quot; Ia\u0219i\" \/>\n<meta property=\"article:modified_time\" content=\"2022-05-25T18:44:47+00:00\" \/>\n<meta name=\"twitter:card\" content=\"summary_large_image\" \/>\n<script type=\"application\/ld+json\" class=\"yoast-schema-graph\">{\"@context\":\"https:\\\/\\\/schema.org\",\"@graph\":[{\"@type\":\"WebPage\",\"@id\":\"https:\\\/\\\/www.arteiasi.ro\\\/en\\\/about-unage\\\/organization\\\/the-bord-of-executive-directors\\\/\",\"url\":\"https:\\\/\\\/www.arteiasi.ro\\\/en\\\/about-unage\\\/organization\\\/the-bord-of-executive-directors\\\/\",\"name\":\"Board of Directors - Universitatea Na\u021bional\u0103 de Arte &quot;George Enescu&quot; Ia\u0219i\",\"isPartOf\":{\"@id\":\"https:\\\/\\\/www.arteiasi.ro\\\/en\\\/#website\"},\"datePublished\":\"2022-04-11T20:17:11+00:00\",\"dateModified\":\"2022-05-25T18:44:47+00:00\",\"breadcrumb\":{\"@id\":\"https:\\\/\\\/www.arteiasi.ro\\\/en\\\/about-unage\\\/organization\\\/the-bord-of-executive-directors\\\/#breadcrumb\"},\"inLanguage\":\"en-US\",\"potentialAction\":[{\"@type\":\"ReadAction\",\"target\":[\"https:\\\/\\\/www.arteiasi.ro\\\/en\\\/about-unage\\\/organization\\\/the-bord-of-executive-directors\\\/\"]}]},{\"@type\":\"BreadcrumbList\",\"@id\":\"https:\\\/\\\/www.arteiasi.ro\\\/en\\\/about-unage\\\/organization\\\/the-bord-of-executive-directors\\\/#breadcrumb\",\"itemListElement\":[{\"@type\":\"ListItem\",\"position\":1,\"name\":\"Home\",\"item\":\"https:\\\/\\\/www.arteiasi.ro\\\/en\\\/\"},{\"@type\":\"ListItem\",\"position\":2,\"name\":\"About UNAGE\",\"item\":\"https:\\\/\\\/www.arteiasi.ro\\\/en\\\/about-unage\\\/\"},{\"@type\":\"ListItem\",\"position\":3,\"name\":\"Organization\",\"item\":\"https:\\\/\\\/www.arteiasi.ro\\\/en\\\/about-unage\\\/organization\\\/\"},{\"@type\":\"ListItem\",\"position\":4,\"name\":\"Board of Directors\"}]},{\"@type\":\"WebSite\",\"@id\":\"https:\\\/\\\/www.arteiasi.ro\\\/en\\\/#website\",\"url\":\"https:\\\/\\\/www.arteiasi.ro\\\/en\\\/\",\"name\":\"Universitatea Na\u021bional\u0103 de Arte &quot;George Enescu&quot; Ia\u0219i\",\"description\":\"\",\"potentialAction\":[{\"@type\":\"SearchAction\",\"target\":{\"@type\":\"EntryPoint\",\"urlTemplate\":\"https:\\\/\\\/www.arteiasi.ro\\\/en\\\/?s={search_term_string}\"},\"query-input\":{\"@type\":\"PropertyValueSpecification\",\"valueRequired\":true,\"valueName\":\"search_term_string\"}}],\"inLanguage\":\"en-US\"}]}<\/script>\n<!-- \/ Yoast SEO plugin. -->","yoast_head_json":{"title":"Board of Directors - Universitatea Na\u021bional\u0103 de Arte &quot;George Enescu&quot; Ia\u0219i","robots":{"index":"index","follow":"follow","max-snippet":"max-snippet:-1","max-image-preview":"max-image-preview:large","max-video-preview":"max-video-preview:-1"},"canonical":"https:\/\/www.arteiasi.ro\/en\/about-unage\/organization\/the-bord-of-executive-directors\/","og_locale":"en_US","og_type":"article","og_title":"Board of Directors - Universitatea Na\u021bional\u0103 de Arte &quot;George Enescu&quot; Ia\u0219i","og_description":"The Board of Directors consists of Rector, Vice-rectors, Deans of faculties , the General Administrative Director and a representative of the students. The President of the Senate, the Director of [...]","og_url":"https:\/\/www.arteiasi.ro\/en\/about-unage\/organization\/the-bord-of-executive-directors\/","og_site_name":"Universitatea Na\u021bional\u0103 de Arte &quot;George Enescu&quot; Ia\u0219i","article_modified_time":"2022-05-25T18:44:47+00:00","twitter_card":"summary_large_image","schema":{"@context":"https:\/\/schema.org","@graph":[{"@type":"WebPage","@id":"https:\/\/www.arteiasi.ro\/en\/about-unage\/organization\/the-bord-of-executive-directors\/","url":"https:\/\/www.arteiasi.ro\/en\/about-unage\/organization\/the-bord-of-executive-directors\/","name":"Board of Directors - Universitatea Na\u021bional\u0103 de Arte &quot;George Enescu&quot; Ia\u0219i","isPartOf":{"@id":"https:\/\/www.arteiasi.ro\/en\/#website"},"datePublished":"2022-04-11T20:17:11+00:00","dateModified":"2022-05-25T18:44:47+00:00","breadcrumb":{"@id":"https:\/\/www.arteiasi.ro\/en\/about-unage\/organization\/the-bord-of-executive-directors\/#breadcrumb"},"inLanguage":"en-US","potentialAction":[{"@type":"ReadAction","target":["https:\/\/www.arteiasi.ro\/en\/about-unage\/organization\/the-bord-of-executive-directors\/"]}]},{"@type":"BreadcrumbList","@id":"https:\/\/www.arteiasi.ro\/en\/about-unage\/organization\/the-bord-of-executive-directors\/#breadcrumb","itemListElement":[{"@type":"ListItem","position":1,"name":"Home","item":"https:\/\/www.arteiasi.ro\/en\/"},{"@type":"ListItem","position":2,"name":"About UNAGE","item":"https:\/\/www.arteiasi.ro\/en\/about-unage\/"},{"@type":"ListItem","position":3,"name":"Organization","item":"https:\/\/www.arteiasi.ro\/en\/about-unage\/organization\/"},{"@type":"ListItem","position":4,"name":"Board of Directors"}]},{"@type":"WebSite","@id":"https:\/\/www.arteiasi.ro\/en\/#website","url":"https:\/\/www.arteiasi.ro\/en\/","name":"Universitatea Na\u021bional\u0103 de Arte &quot;George Enescu&quot; Ia\u0219i","description":"","potentialAction":[{"@type":"SearchAction","target":{"@type":"EntryPoint","urlTemplate":"https:\/\/www.arteiasi.ro\/en\/?s={search_term_string}"},"query-input":{"@type":"PropertyValueSpecification","valueRequired":true,"valueName":"search_term_string"}}],"inLanguage":"en-US"}]}},"_links":{"self":[{"href":"https:\/\/www.arteiasi.ro\/en\/wp-json\/wp\/v2\/pages\/9049","targetHints":{"allow":["GET"]}}],"collection":[{"href":"https:\/\/www.arteiasi.ro\/en\/wp-json\/wp\/v2\/pages"}],"about":[{"href":"https:\/\/www.arteiasi.ro\/en\/wp-json\/wp\/v2\/types\/page"}],"author":[{"embeddable":true,"href":"https:\/\/www.arteiasi.ro\/en\/wp-json\/wp\/v2\/users\/3"}],"replies":[{"embeddable":true,"href":"https:\/\/www.arteiasi.ro\/en\/wp-json\/wp\/v2\/comments?post=9049"}],"version-history":[{"count":5,"href":"https:\/\/www.arteiasi.ro\/en\/wp-json\/wp\/v2\/pages\/9049\/revisions"}],"predecessor-version":[{"id":9661,"href":"https:\/\/www.arteiasi.ro\/en\/wp-json\/wp\/v2\/pages\/9049\/revisions\/9661"}],"up":[{"embeddable":true,"href":"https:\/\/www.arteiasi.ro\/en\/wp-json\/wp\/v2\/pages\/8951"}],"wp:attachment":[{"href":"https:\/\/www.arteiasi.ro\/en\/wp-json\/wp\/v2\/media?parent=9049"}],"curies":[{"name":"wp","href":"https:\/\/api.w.org\/{rel}","templated":true}]}}