{"id":8789,"date":"2022-04-02T15:18:43","date_gmt":"2022-04-02T15:18:43","guid":{"rendered":"https:\/\/www.arteiasi.ro\/?page_id=8789"},"modified":"2022-04-04T14:38:13","modified_gmt":"2022-04-04T14:38:13","slug":"programe-de-relatii-internationale","status":"publish","type":"page","link":"https:\/\/www.arteiasi.ro\/en\/international-relations\/programe-de-relatii-internationale\/","title":{"rendered":"International Programs"},"content":{"rendered":"<div class=\"fusion-fullwidth fullwidth-box fusion-builder-row-1 fusion-flex-container nonhundred-percent-fullwidth non-hundred-percent-height-scrolling\" style=\"--awb-border-radius-top-left:0px;--awb-border-radius-top-right:0px;--awb-border-radius-bottom-right:0px;--awb-border-radius-bottom-left:0px;--awb-flex-wrap:wrap;\" ><div class=\"fusion-builder-row fusion-row fusion-flex-align-items-flex-start fusion-flex-content-wrap\" style=\"max-width:1222px;margin-left: calc(-4% \/ 2 );margin-right: calc(-4% \/ 2 );\"><div class=\"fusion-layout-column fusion_builder_column fusion-builder-column-0 fusion_builder_column_1_1 1_1 fusion-flex-column\" style=\"--awb-bg-size:cover;--awb-width-large:100%;--awb-margin-top-large:0px;--awb-spacing-right-large:1.92%;--awb-margin-bottom-large:0px;--awb-spacing-left-large:1.92%;--awb-width-medium:100%;--awb-spacing-right-medium:1.92%;--awb-spacing-left-medium:1.92%;--awb-width-small:100%;--awb-spacing-right-small:1.92%;--awb-spacing-left-small:1.92%;\"><div class=\"fusion-column-wrapper fusion-flex-justify-content-flex-start fusion-content-layout-column\"><div class=\"fusion-separator fusion-full-width-sep\" style=\"align-self: center;margin-left: auto;margin-right: auto;margin-top:20px;width:100%;\"><div class=\"fusion-separator-border sep-double\" style=\"--awb-height:20px;--awb-amount:20px;border-color:#e2e2e2;border-top-width:0px;border-bottom-width:0px;\"><\/div><\/div><div class=\"accordian fusion-accordian\" style=\"--awb-border-size:1px;--awb-icon-size:18px;--awb-content-font-size:18px;--awb-icon-alignment:right;--awb-hover-color:#f9f9fb;--awb-border-color:#ffffff;--awb-background-color:#ffffff;--awb-divider-color:#e2e2e2;--awb-divider-hover-color:#e2e2e2;--awb-icon-color:#3e3e3e;--awb-title-color:#3b3b3c;--awb-content-color:#3b3b3c;--awb-icon-box-color:#212934;--awb-toggle-hover-accent-color:#adadad;--awb-title-font-family:&quot;Aileron SemiBold&quot;;--awb-title-font-weight:400;--awb-title-font-style:normal;--awb-title-font-size:21px;--awb-content-font-family:&quot;PT Sans&quot;;--awb-content-font-style:normal;--awb-content-font-weight:400;\"><div class=\"panel-group fusion-toggle-icon-right fusion-toggle-icon-unboxed\" id=\"accordion-8789-1\"><div class=\"fusion-panel panel-default panel-b344f369a3163b80d fusion-toggle-has-divider\"><div class=\"panel-heading\"><h4 class=\"panel-title toggle\" id=\"toggle_b344f369a3163b80d\"><a aria-expanded=\"false\" aria-controls=\"b344f369a3163b80d\" role=\"button\" data-toggle=\"collapse\" data-parent=\"#accordion-8789-1\" data-target=\"#b344f369a3163b80d\" href=\"#b344f369a3163b80d\"><span class=\"fusion-toggle-icon-wrapper\" aria-hidden=\"true\"><i class=\"fa-fusion-box active-icon awb-icon-minus\" aria-hidden=\"true\"><\/i><i class=\"fa-fusion-box inactive-icon awb-icon-plus\" aria-hidden=\"true\"><\/i><\/span><span class=\"fusion-toggle-heading\"> Erasmus Plus<\/span><\/a><\/h4><\/div><div id=\"b344f369a3163b80d\" class=\"panel-collapse collapse \" aria-labelledby=\"toggle_b344f369a3163b80d\"><div class=\"panel-body toggle-content fusion-clearfix\">\n<p><span data-contrast=\"none\"><img decoding=\"async\" class=\"alignnone size-full wp-image-8777\" src=\"https:\/\/www.arteiasi.ro\/wp-content\/uploads\/2022\/04\/Erasmusplus-foto.jpg\" alt=\"\" width=\"864\" height=\"611\" \/><\/span><\/p>\n<p><span data-contrast=\"none\">Erasmus ID: RO IASI01<\/span><span data-ccp-props=\"{\">\u00a0<\/span><br \/>\n<span data-contrast=\"none\">OID: E10177852<\/span><span data-ccp-props=\"{\">\u00a0<\/span><br \/>\n<span data-contrast=\"none\">PIC number: 986742007<\/span><br \/>\n<span data-contrast=\"none\">ECHE number: 56011-LA-1-2014-1-RO-E4AKA1-ECHE<\/span><span data-ccp-props=\"{\">\u00a0<\/span><\/p>\n<p aria-level=\"4\"><span data-ccp-props=\"{\">UNAGE has established a large network of partner universities. We have exchange agreements with more than x universities in y countries from Europe, in order to offer to our students the opportunity to enrich their degrees with an international perspective.<\/span><\/p>\n<p aria-level=\"4\"><a href=\"https:\/\/www.arteiasi.ro\/wp-content\/uploads\/2022\/04\/Erasmus-partners.pdf\">Partner Universities [PDF]<\/a><\/p>\n<\/div><\/div><\/div><div class=\"fusion-panel panel-default panel-2a6dd10699a864218 fusion-toggle-has-divider\"><div class=\"panel-heading\"><h4 class=\"panel-title toggle\" id=\"toggle_2a6dd10699a864218\"><a aria-expanded=\"false\" aria-controls=\"2a6dd10699a864218\" role=\"button\" data-toggle=\"collapse\" data-parent=\"#accordion-8789-1\" data-target=\"#2a6dd10699a864218\" href=\"#2a6dd10699a864218\"><span class=\"fusion-toggle-icon-wrapper\" aria-hidden=\"true\"><i class=\"fa-fusion-box active-icon awb-icon-minus\" aria-hidden=\"true\"><\/i><i class=\"fa-fusion-box inactive-icon awb-icon-plus\" aria-hidden=\"true\"><\/i><\/span><span class=\"fusion-toggle-heading\"> Erasmus Mundus Action 2 project HUMERIA<\/span><\/a><\/h4><\/div><div id=\"2a6dd10699a864218\" class=\"panel-collapse collapse \" aria-labelledby=\"toggle_2a6dd10699a864218\"><div class=\"panel-body toggle-content fusion-clearfix\">\n<p><a href=\"https:\/\/www.arteiasi.ro\/wp-content\/uploads\/2021\/10\/logo_humeria.png\"><img decoding=\"async\" class=\"img-margine-top alignright wp-image-795\" src=\"https:\/\/www.arteiasi.ro\/wp-content\/uploads\/2021\/10\/logo_humeria.png\" alt=\"\" width=\"375\" height=\"227\" \/><\/a>HUMERIA\u00a0is a cooperation project between higher education institutions in Europe and Eastern Neighbouring countries aiming to stimulate institutional cooperation and collaboration among partners, decision and policy-makers to enhance internationalization.<\/p>\n<p>HUMERIA\u00a0provides scholarships to students, researchers and staff in the fields of HUManities, Education, Research,\u00a0International relations and\u00a0Arts. The grantees must fulfill the eligibility criteria of the Erasmus Mundus programme.<\/p>\n<p>HUMERIA\u00a0is financed by the Erasmus Mundus Action 2 programme of the European Union.<\/p>\n<p>The project HUMERIA aims at stimulating institutional cooperation and collaboration among partner members and, in particular, decision and policy-makers on strategies to enhance internationalization between EU and Eastern Neighbourhood countries\u2019 higher education institutions\u00a0 in the fields of HUManities, Education, Regional and International Relations, Arts and Design.<\/p>\n<p>HUMERIA aims at providing a direct added value both to the EU-ENPI ongoing cooperation process in the field of higher education and to European and \u2013 especially \u2013 Eastern Neighbourhood countries\u2019 students and stakeholders. The project derives from an acute need to enhance cooperation in higher education between the two regions especially in areas that have been underrepresented so far in Erasmus Mundus projects in the Eastern Neighbourhood region.<\/p>\n<p>HUMERIA brings together third partner countries that are currently in the process of undergoing reforms of their educational systems, with special emphasis on enhancing teaching and research in Humanities and Arts, social sciences and education and teacher training. The project expects a wider recognition of studies done in Europe and Eastern Neighbourhood region in the four priority areas.<\/p>\n<p>One of the aims of HUMERIA is to develop learning and teaching capacity in Eastern Neighbourhood countries\u2019 higher education institutions based on previous experience and best practices within the consortium through a collaborative approach. The project will have an impact in fostering bilateral and multilateral cooperation among the partners.<\/p>\n<p>Likewise it seeks to achieve the following objectives:<\/p>\n<p>\u2022 Assist the partners and countries in the Eastern Neighbourhood region to address structural educational problems, reform curricula in priority fields of study and contribute to the establishment of a positive research climate of mutual trust and cooperation;<\/p>\n<p>\u2022 Respond to the needs of Eastern Neighbourhood countries for closer research collaboration with Europe and to engage on priority fields of common interest (e.g. cultural and educational issues, curriculum development, improvement of teaching techniques, etc.).<\/p>\n<p>\u2022 Support the Commission\u2019s regional assistance strategy and neighbourhood policy for the Eastern Neighbourhood region by promoting regional research cooperation and interproject participation.<\/p>\n<p>HUMERIA project aims also to tackle cross-cutting issues such as equal opportunities, gender balance, social equity and brain-drain prevention.<\/p>\n<p>The eligibility period of the HUMERIA project is from 15th of July 2013 until 14th of July 2017.<\/p>\n<p>This project has been funded with support from the European Commission. This website reflects the views only of the author, and the Commission cannot be held responsible for any use which may be made of the information contained therein.<\/p>\n<\/div><\/div><\/div><div class=\"fusion-panel panel-default panel-28ea4a0538ca726e0 fusion-toggle-has-divider\"><div class=\"panel-heading\"><h4 class=\"panel-title toggle\" id=\"toggle_28ea4a0538ca726e0\"><a aria-expanded=\"false\" aria-controls=\"28ea4a0538ca726e0\" role=\"button\" data-toggle=\"collapse\" data-parent=\"#accordion-8789-1\" data-target=\"#28ea4a0538ca726e0\" href=\"#28ea4a0538ca726e0\"><span class=\"fusion-toggle-icon-wrapper\" aria-hidden=\"true\"><i class=\"fa-fusion-box active-icon awb-icon-minus\" aria-hidden=\"true\"><\/i><i class=\"fa-fusion-box inactive-icon awb-icon-plus\" aria-hidden=\"true\"><\/i><\/span><span class=\"fusion-toggle-heading\">Interuniversity agreements<\/span><\/a><\/h4><\/div><div id=\"28ea4a0538ca726e0\" class=\"panel-collapse collapse \" aria-labelledby=\"toggle_28ea4a0538ca726e0\"><div class=\"panel-body toggle-content fusion-clearfix\">\n<p><span class=\"VIiyi\" lang=\"en\"><span class=\"JLqJ4b ChMk0b\" data-language-for-alternatives=\"en\" data-language-to-translate-into=\"ro\" data-phrase-index=\"0\" data-number-of-phrases=\"1\">UNAGE has established Interuniversity Cooperation Agreements:<\/span><\/span><\/p>\n<p>1.<strong><span class=\"VIiyi\" lang=\"en\"><span class=\"JLqJ4b ChMk0b\" data-language-for-alternatives=\"en\" data-language-to-translate-into=\"ro\" data-phrase-index=\"0\" data-number-of-phrases=\"1\">Academy of Music, Theater and Fine Arts<\/span><\/span> from Chisinau<\/strong>, Republic of Moldova<br \/>\n2.\u00a0<strong>Yaroslavl State Theatrical Institute<\/strong>, Rusia<br \/>\n3.\u00a0<strong>Odessa State A.V. Nezhdanova Music Academy<\/strong>, Ucraina<br \/>\n4.\u00a0<strong>Conservatorio Luiza D\u2019Annunzio<\/strong>, Pescara, Italia<br \/>\n5.\u00a0<strong>Istanbul Technical University<\/strong>, Turcia<br \/>\n6.\u00a0<strong><span class=\"VIiyi\" lang=\"en\"><span class=\"JLqJ4b ChMk0b\" data-language-for-alternatives=\"en\" data-language-to-translate-into=\"ro\" data-phrase-index=\"0\" data-number-of-phrases=\"1\">Consortium of Universities from<\/span><\/span> Republic of Moldova \u2013 Rom\u00e2nia \u2013 Ucraina<\/strong><br \/>\nState University \u201eAlecu Russo\u201d B\u0103l\u0163i, State University from Moldova, \u201eAl. I. Cuza\u201d University from Ia\u015fi, \u201eGeorge Enescu\u201d National University from Ia\u015fi,\u00a0 \u201e\u015etefan cel Mare\u201d University from Suceava, \u201eIurii Fedkovici\u201d National University from Cern\u0103u\u0163i.<\/p>\n<p>Consortium agreement.pdf<\/p>\n<\/div><\/div><\/div><div class=\"fusion-panel panel-default panel-29daf2fa251e02fe9 fusion-toggle-has-divider\"><div class=\"panel-heading\"><h4 class=\"panel-title toggle\" id=\"toggle_29daf2fa251e02fe9\"><a aria-expanded=\"false\" aria-controls=\"29daf2fa251e02fe9\" role=\"button\" data-toggle=\"collapse\" data-parent=\"#accordion-8789-1\" data-target=\"#29daf2fa251e02fe9\" href=\"#29daf2fa251e02fe9\"><span class=\"fusion-toggle-icon-wrapper\" aria-hidden=\"true\"><i class=\"fa-fusion-box active-icon awb-icon-minus\" aria-hidden=\"true\"><\/i><i class=\"fa-fusion-box inactive-icon awb-icon-plus\" aria-hidden=\"true\"><\/i><\/span><span class=\"fusion-toggle-heading\"> Program Leonardo da Vinci (proiecte pilot)<\/span><\/a><\/h4><\/div><div id=\"29daf2fa251e02fe9\" class=\"panel-collapse collapse \" aria-labelledby=\"toggle_29daf2fa251e02fe9\"><div class=\"panel-body toggle-content fusion-clearfix\">\n<p><span class=\"VIiyi\" lang=\"en\"><span class=\"JLqJ4b ChMk0b\" data-language-for-alternatives=\"en\" data-language-to-translate-into=\"ro\" data-phrase-index=\"0\" data-number-of-phrases=\"1\">An open offer for on-the-job training for graphic design professionals.<\/span><\/span><\/p>\n<p><strong>SILOgraphic<\/strong> \u2013 <span class=\"VIiyi\" lang=\"en\"><span class=\"JLqJ4b ChMk0b\" data-language-for-alternatives=\"en\" data-language-to-translate-into=\"ro\" data-phrase-index=\"0\" data-number-of-phrases=\"1\">a project that aims to promote continuing education and training throughout professional life.<\/span><\/span><br \/>\nEcole d\u2019Art de la Communaute de l\u2019Agglomeration de Bayonne, Anglet, Biarritz, France\u00a0www.bab-art.fr<br \/>\nCoordinator :\u00a0aNTIC Pays Basque \u2013 Technopole C\u00f4te basque\u00a0\u2013 Pavillon Izarbel, Bidart, France\u00a0www.antic.fr<br \/>\nPartners: CO-GEM \u2013 Consorzio Grafico Editoriale Molisano, Italy www.co-gem.com ARTELEKU, Spain A public arts centre under the auspices of the Culture and Basque Department of the Regional Government of Gipuzkoa www.arteleku.net etic_ Escola T\u00e9cnica de Imagem e Comunica\u00e7\u00e3o, Portugal www.etic.pt \u201cGeorge Enescu\u201d University of Arts, Romania www.arteiasi.ro University of Link\u00f6ping, Sweden www.liu.se<\/p>\n<\/div><\/div><\/div><\/div><\/div><\/div><\/div><\/div><\/div>\n","protected":false},"excerpt":{"rendered":"","protected":false},"author":3,"featured_media":0,"parent":8254,"menu_order":271,"comment_status":"closed","ping_status":"closed","template":"","meta":{"inline_featured_image":false,"footnotes":""},"class_list":["post-8789","page","type-page","status-publish","hentry"],"yoast_head":"<!-- This site is optimized with the Yoast SEO plugin v27.4 - https:\/\/yoast.com\/product\/yoast-seo-wordpress\/ -->\n<title>International Programs - Universitatea Na\u021bional\u0103 de Arte &quot;George Enescu&quot; Ia\u0219i<\/title>\n<meta name=\"robots\" content=\"index, follow, max-snippet:-1, max-image-preview:large, max-video-preview:-1\" \/>\n<link rel=\"canonical\" href=\"https:\/\/www.arteiasi.ro\/en\/international-relations\/programe-de-relatii-internationale\/\" \/>\n<meta property=\"og:locale\" content=\"en_US\" \/>\n<meta property=\"og:type\" content=\"article\" \/>\n<meta property=\"og:title\" content=\"International Programs - Universitatea Na\u021bional\u0103 de Arte &quot;George Enescu&quot; Ia\u0219i\" \/>\n<meta property=\"og:url\" content=\"https:\/\/www.arteiasi.ro\/en\/international-relations\/programe-de-relatii-internationale\/\" \/>\n<meta property=\"og:site_name\" content=\"Universitatea Na\u021bional\u0103 de Arte &quot;George Enescu&quot; Ia\u0219i\" \/>\n<meta property=\"article:modified_time\" content=\"2022-04-04T14:38:13+00:00\" \/>\n<meta property=\"og:image\" content=\"https:\/\/www.arteiasi.ro\/wp-content\/uploads\/2022\/04\/Erasmusplus-foto.jpg\" \/>\n<meta name=\"twitter:card\" content=\"summary_large_image\" \/>\n<script type=\"application\/ld+json\" class=\"yoast-schema-graph\">{\"@context\":\"https:\\\/\\\/schema.org\",\"@graph\":[{\"@type\":\"WebPage\",\"@id\":\"https:\\\/\\\/www.arteiasi.ro\\\/en\\\/international-relations\\\/programe-de-relatii-internationale\\\/\",\"url\":\"https:\\\/\\\/www.arteiasi.ro\\\/en\\\/international-relations\\\/programe-de-relatii-internationale\\\/\",\"name\":\"International Programs - Universitatea Na\u021bional\u0103 de Arte &quot;George Enescu&quot; Ia\u0219i\",\"isPartOf\":{\"@id\":\"https:\\\/\\\/www.arteiasi.ro\\\/en\\\/#website\"},\"primaryImageOfPage\":{\"@id\":\"https:\\\/\\\/www.arteiasi.ro\\\/en\\\/international-relations\\\/programe-de-relatii-internationale\\\/#primaryimage\"},\"image\":{\"@id\":\"https:\\\/\\\/www.arteiasi.ro\\\/en\\\/international-relations\\\/programe-de-relatii-internationale\\\/#primaryimage\"},\"thumbnailUrl\":\"https:\\\/\\\/www.arteiasi.ro\\\/wp-content\\\/uploads\\\/2022\\\/04\\\/Erasmusplus-foto.jpg\",\"datePublished\":\"2022-04-02T15:18:43+00:00\",\"dateModified\":\"2022-04-04T14:38:13+00:00\",\"breadcrumb\":{\"@id\":\"https:\\\/\\\/www.arteiasi.ro\\\/en\\\/international-relations\\\/programe-de-relatii-internationale\\\/#breadcrumb\"},\"inLanguage\":\"en-US\",\"potentialAction\":[{\"@type\":\"ReadAction\",\"target\":[\"https:\\\/\\\/www.arteiasi.ro\\\/en\\\/international-relations\\\/programe-de-relatii-internationale\\\/\"]}]},{\"@type\":\"ImageObject\",\"inLanguage\":\"en-US\",\"@id\":\"https:\\\/\\\/www.arteiasi.ro\\\/en\\\/international-relations\\\/programe-de-relatii-internationale\\\/#primaryimage\",\"url\":\"https:\\\/\\\/www.arteiasi.ro\\\/wp-content\\\/uploads\\\/2022\\\/04\\\/Erasmusplus-foto.jpg\",\"contentUrl\":\"https:\\\/\\\/www.arteiasi.ro\\\/wp-content\\\/uploads\\\/2022\\\/04\\\/Erasmusplus-foto.jpg\"},{\"@type\":\"BreadcrumbList\",\"@id\":\"https:\\\/\\\/www.arteiasi.ro\\\/en\\\/international-relations\\\/programe-de-relatii-internationale\\\/#breadcrumb\",\"itemListElement\":[{\"@type\":\"ListItem\",\"position\":1,\"name\":\"Home\",\"item\":\"https:\\\/\\\/www.arteiasi.ro\\\/en\\\/\"},{\"@type\":\"ListItem\",\"position\":2,\"name\":\"International Programs\"}]},{\"@type\":\"WebSite\",\"@id\":\"https:\\\/\\\/www.arteiasi.ro\\\/en\\\/#website\",\"url\":\"https:\\\/\\\/www.arteiasi.ro\\\/en\\\/\",\"name\":\"Universitatea Na\u021bional\u0103 de Arte &quot;George Enescu&quot; Ia\u0219i\",\"description\":\"\",\"potentialAction\":[{\"@type\":\"SearchAction\",\"target\":{\"@type\":\"EntryPoint\",\"urlTemplate\":\"https:\\\/\\\/www.arteiasi.ro\\\/en\\\/?s={search_term_string}\"},\"query-input\":{\"@type\":\"PropertyValueSpecification\",\"valueRequired\":true,\"valueName\":\"search_term_string\"}}],\"inLanguage\":\"en-US\"}]}<\/script>\n<!-- \/ Yoast SEO plugin. -->","yoast_head_json":{"title":"International Programs - Universitatea Na\u021bional\u0103 de Arte &quot;George Enescu&quot; Ia\u0219i","robots":{"index":"index","follow":"follow","max-snippet":"max-snippet:-1","max-image-preview":"max-image-preview:large","max-video-preview":"max-video-preview:-1"},"canonical":"https:\/\/www.arteiasi.ro\/en\/international-relations\/programe-de-relatii-internationale\/","og_locale":"en_US","og_type":"article","og_title":"International Programs - Universitatea Na\u021bional\u0103 de Arte &quot;George Enescu&quot; Ia\u0219i","og_url":"https:\/\/www.arteiasi.ro\/en\/international-relations\/programe-de-relatii-internationale\/","og_site_name":"Universitatea Na\u021bional\u0103 de Arte &quot;George Enescu&quot; Ia\u0219i","article_modified_time":"2022-04-04T14:38:13+00:00","og_image":[{"url":"https:\/\/www.arteiasi.ro\/wp-content\/uploads\/2022\/04\/Erasmusplus-foto.jpg","type":"","width":"","height":""}],"twitter_card":"summary_large_image","schema":{"@context":"https:\/\/schema.org","@graph":[{"@type":"WebPage","@id":"https:\/\/www.arteiasi.ro\/en\/international-relations\/programe-de-relatii-internationale\/","url":"https:\/\/www.arteiasi.ro\/en\/international-relations\/programe-de-relatii-internationale\/","name":"International Programs - Universitatea Na\u021bional\u0103 de Arte &quot;George Enescu&quot; Ia\u0219i","isPartOf":{"@id":"https:\/\/www.arteiasi.ro\/en\/#website"},"primaryImageOfPage":{"@id":"https:\/\/www.arteiasi.ro\/en\/international-relations\/programe-de-relatii-internationale\/#primaryimage"},"image":{"@id":"https:\/\/www.arteiasi.ro\/en\/international-relations\/programe-de-relatii-internationale\/#primaryimage"},"thumbnailUrl":"https:\/\/www.arteiasi.ro\/wp-content\/uploads\/2022\/04\/Erasmusplus-foto.jpg","datePublished":"2022-04-02T15:18:43+00:00","dateModified":"2022-04-04T14:38:13+00:00","breadcrumb":{"@id":"https:\/\/www.arteiasi.ro\/en\/international-relations\/programe-de-relatii-internationale\/#breadcrumb"},"inLanguage":"en-US","potentialAction":[{"@type":"ReadAction","target":["https:\/\/www.arteiasi.ro\/en\/international-relations\/programe-de-relatii-internationale\/"]}]},{"@type":"ImageObject","inLanguage":"en-US","@id":"https:\/\/www.arteiasi.ro\/en\/international-relations\/programe-de-relatii-internationale\/#primaryimage","url":"https:\/\/www.arteiasi.ro\/wp-content\/uploads\/2022\/04\/Erasmusplus-foto.jpg","contentUrl":"https:\/\/www.arteiasi.ro\/wp-content\/uploads\/2022\/04\/Erasmusplus-foto.jpg"},{"@type":"BreadcrumbList","@id":"https:\/\/www.arteiasi.ro\/en\/international-relations\/programe-de-relatii-internationale\/#breadcrumb","itemListElement":[{"@type":"ListItem","position":1,"name":"Home","item":"https:\/\/www.arteiasi.ro\/en\/"},{"@type":"ListItem","position":2,"name":"International Programs"}]},{"@type":"WebSite","@id":"https:\/\/www.arteiasi.ro\/en\/#website","url":"https:\/\/www.arteiasi.ro\/en\/","name":"Universitatea Na\u021bional\u0103 de Arte &quot;George Enescu&quot; Ia\u0219i","description":"","potentialAction":[{"@type":"SearchAction","target":{"@type":"EntryPoint","urlTemplate":"https:\/\/www.arteiasi.ro\/en\/?s={search_term_string}"},"query-input":{"@type":"PropertyValueSpecification","valueRequired":true,"valueName":"search_term_string"}}],"inLanguage":"en-US"}]}},"_links":{"self":[{"href":"https:\/\/www.arteiasi.ro\/en\/wp-json\/wp\/v2\/pages\/8789","targetHints":{"allow":["GET"]}}],"collection":[{"href":"https:\/\/www.arteiasi.ro\/en\/wp-json\/wp\/v2\/pages"}],"about":[{"href":"https:\/\/www.arteiasi.ro\/en\/wp-json\/wp\/v2\/types\/page"}],"author":[{"embeddable":true,"href":"https:\/\/www.arteiasi.ro\/en\/wp-json\/wp\/v2\/users\/3"}],"replies":[{"embeddable":true,"href":"https:\/\/www.arteiasi.ro\/en\/wp-json\/wp\/v2\/comments?post=8789"}],"version-history":[{"count":8,"href":"https:\/\/www.arteiasi.ro\/en\/wp-json\/wp\/v2\/pages\/8789\/revisions"}],"predecessor-version":[{"id":8802,"href":"https:\/\/www.arteiasi.ro\/en\/wp-json\/wp\/v2\/pages\/8789\/revisions\/8802"}],"up":[{"embeddable":true,"href":"https:\/\/www.arteiasi.ro\/en\/wp-json\/wp\/v2\/pages\/8254"}],"wp:attachment":[{"href":"https:\/\/www.arteiasi.ro\/en\/wp-json\/wp\/v2\/media?parent=8789"}],"curies":[{"name":"wp","href":"https:\/\/api.w.org\/{rel}","templated":true}]}}