{"id":8687,"date":"2022-03-22T13:02:38","date_gmt":"2022-03-22T13:02:38","guid":{"rendered":"https:\/\/www.arteiasi.ro\/?page_id=8687"},"modified":"2022-03-22T13:03:54","modified_gmt":"2022-03-22T13:03:54","slug":"doctor-honoris-causa","status":"publish","type":"page","link":"https:\/\/www.arteiasi.ro\/en\/about-unage\/brief-presentation\/doctor-honoris-causa\/","title":{"rendered":"Doctor Honoris Causa"},"content":{"rendered":"<p>List of personalities awarded the title of Doctor Honoris Causa of the National University of Arts &#8220;George Enescu&#8221; in Iasi<\/p>\n\n<table id=\"tablepress-1\" class=\"tablepress tablepress-id-1\">\n<thead>\n<tr class=\"row-1\">\n\t<th class=\"column-1\">An<\/th><th class=\"column-2\">Doctor Honoris Causa<\/th>\n<\/tr>\n<\/thead>\n<tbody class=\"row-striping row-hover\">\n<tr class=\"row-2\">\n\t<td class=\"column-1\">1942<\/td><td class=\"column-2\">George Enescu<\/td>\n<\/tr>\n<tr class=\"row-3\">\n\t<td class=\"column-1\">1994<\/td><td class=\"column-2\">Ion Irimescu<\/td>\n<\/tr>\n<tr class=\"row-4\">\n\t<td class=\"column-1\">1994<\/td><td class=\"column-2\">Radu Beligan<\/td>\n<\/tr>\n<tr class=\"row-5\">\n\t<td class=\"column-1\">1994<\/td><td class=\"column-2\">Roman Vlad<\/td>\n<\/tr>\n<tr class=\"row-6\">\n\t<td class=\"column-1\">1994<\/td><td class=\"column-2\">Sergiu Celibidache<\/td>\n<\/tr>\n<tr class=\"row-7\">\n\t<td class=\"column-1\">2003<\/td><td class=\"column-2\">David Ohanesian<\/td>\n<\/tr>\n<tr class=\"row-8\">\n\t<td class=\"column-1\">2003<\/td><td class=\"column-2\">\u015etefan Niculescu<\/td>\n<\/tr>\n<tr class=\"row-9\">\n\t<td class=\"column-1\">2004<\/td><td class=\"column-2\">Johannes Langenhagen<\/td>\n<\/tr>\n<tr class=\"row-10\">\n\t<td class=\"column-1\">2004<\/td><td class=\"column-2\">Pascal Bentoiu<\/td>\n<\/tr>\n<tr class=\"row-11\">\n\t<td class=\"column-1\">2004<\/td><td class=\"column-2\">Octavian Naghiu<\/td>\n<\/tr>\n<tr class=\"row-12\">\n\t<td class=\"column-1\">2005<\/td><td class=\"column-2\">\u015etefan Gheorghiu<\/td>\n<\/tr>\n<tr class=\"row-13\">\n\t<td class=\"column-1\">2005<\/td><td class=\"column-2\">Dan Grigore<\/td>\n<\/tr>\n<tr class=\"row-14\">\n\t<td class=\"column-1\">2005<\/td><td class=\"column-2\">Ioan Holender<\/td>\n<\/tr>\n<tr class=\"row-15\">\n\t<td class=\"column-1\">2006<\/td><td class=\"column-2\">I.P.S. Daniel Mitropolit al Moldovei<\/td>\n<\/tr>\n<tr class=\"row-16\">\n\t<td class=\"column-1\">2007<\/td><td class=\"column-2\">Ion Tobo\u015faru<\/td>\n<\/tr>\n<tr class=\"row-17\">\n\t<td class=\"column-1\">2007<\/td><td class=\"column-2\">\u015eerban Lupu<\/td>\n<\/tr>\n<tr class=\"row-18\">\n\t<td class=\"column-1\">2007<\/td><td class=\"column-2\">Mihail Munteanu<\/td>\n<\/tr>\n<tr class=\"row-19\">\n\t<td class=\"column-1\">2007<\/td><td class=\"column-2\">Valentin Gheorghiu<\/td>\n<\/tr>\n<tr class=\"row-20\">\n\t<td class=\"column-1\">2007<\/td><td class=\"column-2\">\u015etefan Angi<\/td>\n<\/tr>\n<tr class=\"row-21\">\n\t<td class=\"column-1\">2008<\/td><td class=\"column-2\">George Popa<\/td>\n<\/tr>\n<tr class=\"row-22\">\n\t<td class=\"column-1\">2008<\/td><td class=\"column-2\">Cornel \u0162\u0103ranu<\/td>\n<\/tr>\n<tr class=\"row-23\">\n\t<td class=\"column-1\">2008<\/td><td class=\"column-2\">Octavian Laz\u0103r Cosma<\/td>\n<\/tr>\n<tr class=\"row-24\">\n\t<td class=\"column-1\">2008<\/td><td class=\"column-2\">Ion Caramitru<\/td>\n<\/tr>\n<tr class=\"row-25\">\n\t<td class=\"column-1\">2008<\/td><td class=\"column-2\">R\u0103zvan Theodorescu<\/td>\n<\/tr>\n<tr class=\"row-26\">\n\t<td class=\"column-1\">2010<\/td><td class=\"column-2\">Vladimir Galouzine<\/td>\n<\/tr>\n<tr class=\"row-27\">\n\t<td class=\"column-1\">2010<\/td><td class=\"column-2\">Ioan Horvath Bugnariu<\/td>\n<\/tr>\n<tr class=\"row-28\">\n\t<td class=\"column-1\">2010<\/td><td class=\"column-2\">Dan H\u0103ulic\u0103, eseist literar, critic de art\u0103<\/td>\n<\/tr>\n<tr class=\"row-29\">\n\t<td class=\"column-1\">2010<\/td><td class=\"column-2\">Andrei Ple\u015fu, scriitor, eseist, estetician, istoric de art\u0103<\/td>\n<\/tr>\n<tr class=\"row-30\">\n\t<td class=\"column-1\">2010<\/td><td class=\"column-2\">Vladimir \u015eetran, pictor, profesor design<\/td>\n<\/tr>\n<tr class=\"row-31\">\n\t<td class=\"column-1\">2010<\/td><td class=\"column-2\">David Esrig, regizor<\/td>\n<\/tr>\n<tr class=\"row-32\">\n\t<td class=\"column-1\">2010<\/td><td class=\"column-2\">Costin Miereanu, compozitor,muzicolog<\/td>\n<\/tr>\n<tr class=\"row-33\">\n\t<td class=\"column-1\">2010<\/td><td class=\"column-2\">Angela Gheorghiu, sopran\u0103<\/td>\n<\/tr>\n<tr class=\"row-34\">\n\t<td class=\"column-1\">2012<\/td><td class=\"column-2\">Andrei \u015eerban, regizor<\/td>\n<\/tr>\n<tr class=\"row-35\">\n\t<td class=\"column-1\">2013<\/td><td class=\"column-2\">Suzana F\u00e2nt\u00e2nariu, grafician, profesor universitar<\/td>\n<\/tr>\n<tr class=\"row-36\">\n\t<td class=\"column-1\">2013<\/td><td class=\"column-2\">Alexa Visarion, regizor<\/td>\n<\/tr>\n<tr class=\"row-37\">\n\t<td class=\"column-1\">2013<\/td><td class=\"column-2\">Lykourgos Angelopoulos, muzicolog<\/td>\n<\/tr>\n<tr class=\"row-38\">\n\t<td class=\"column-1\">2014<\/td><td class=\"column-2\">Dan Dediu, compozitor, profesor universitar<\/td>\n<\/tr>\n<tr class=\"row-39\">\n\t<td class=\"column-1\">2015<\/td><td class=\"column-2\">Viorica Cortez, mezzo-sopran\u0103<\/td>\n<\/tr>\n<tr class=\"row-40\">\n\t<td class=\"column-1\">2015<\/td><td class=\"column-2\">Mircia Dumitrescu, grafician, pictor, sculptor, profesor<\/td>\n<\/tr>\n<tr class=\"row-41\">\n\t<td class=\"column-1\">2015<\/td><td class=\"column-2\">Grigore Constantinescu, muzicolog, profesor universitar<\/td>\n<\/tr>\n<tr class=\"row-42\">\n\t<td class=\"column-1\">2016<\/td><td class=\"column-2\">Leontina V\u0103duva, sopran\u0103<\/td>\n<\/tr>\n<tr class=\"row-43\">\n\t<td class=\"column-1\">2016<\/td><td class=\"column-2\">Maria Sl\u0103tinaru-Nistor, sopran\u0103, profesor universitar<\/td>\n<\/tr>\n<tr class=\"row-44\">\n\t<td class=\"column-1\">2017<\/td><td class=\"column-2\">Grigorios Th. Stathis, cercet\u0103tor, muzicolog, profesor muzicologie bizantin\u0103 \u0219i art\u0103 psaltic\u0103<\/td>\n<\/tr>\n<tr class=\"row-45\">\n\t<td class=\"column-1\">2018<\/td><td class=\"column-2\">Cornel Ailinc\u0103i, profesor universitar<\/td>\n<\/tr>\n<tr class=\"row-46\">\n\t<td class=\"column-1\">2018<\/td><td class=\"column-2\">Basarab Nicolescu, fizician teoretician, filosof, profesor, membru de onoare al Academiei Rom\u00e2ne<\/td>\n<\/tr>\n<tr class=\"row-47\">\n\t<td class=\"column-1\">2020<\/td><td class=\"column-2\">Valentina Sandu-Dediu, muzicolog, pianist, profesor universitar<\/td>\n<\/tr>\n<tr class=\"row-48\">\n\t<td class=\"column-1\">2020<\/td><td class=\"column-2\">Constantin Chiriac, profesor, actor, Pre\u0219edinte al FNT Sibiu<\/td>\n<\/tr>\n<tr class=\"row-49\">\n\t<td class=\"column-1\">2021<\/td><td class=\"column-2\">Sorin Ion Cri\u0219an, profesor universitar<\/td>\n<\/tr>\n<tr class=\"row-50\">\n\t<td class=\"column-1\">2021<\/td><td class=\"column-2\">Alexandru Hausvater, regizor, scenarist<\/td>\n<\/tr>\n<tr class=\"row-51\">\n\t<td class=\"column-1\">2022<\/td><td class=\"column-2\">Silviu Purc\u0103rete, profesor, regizor de teatru \u0219i film<\/td>\n<\/tr>\n<\/tbody>\n<\/table>\n<!-- #tablepress-1 from cache -->\n","protected":false},"excerpt":{"rendered":"<p>List of personalities awarded the title of Doctor Honoris Causa of the National University of Arts &#8220;George Enescu&#8221; in Iasi<\/p>\n","protected":false},"author":2,"featured_media":0,"parent":8653,"menu_order":62,"comment_status":"closed","ping_status":"closed","template":"","meta":{"inline_featured_image":false,"footnotes":""},"class_list":["post-8687","page","type-page","status-publish","hentry"],"yoast_head":"<!-- This site is optimized with the Yoast SEO plugin v27.3 - https:\/\/yoast.com\/product\/yoast-seo-wordpress\/ -->\n<title>Doctor Honoris Causa - Universitatea Na\u021bional\u0103 de Arte &quot;George Enescu&quot; Ia\u0219i<\/title>\n<meta name=\"robots\" content=\"index, follow, max-snippet:-1, max-image-preview:large, max-video-preview:-1\" \/>\n<link rel=\"canonical\" href=\"https:\/\/www.arteiasi.ro\/en\/about-unage\/brief-presentation\/doctor-honoris-causa\/\" \/>\n<meta property=\"og:locale\" content=\"en_US\" \/>\n<meta property=\"og:type\" content=\"article\" \/>\n<meta property=\"og:title\" content=\"Doctor Honoris Causa - Universitatea Na\u021bional\u0103 de Arte &quot;George Enescu&quot; Ia\u0219i\" \/>\n<meta property=\"og:description\" content=\"List of personalities awarded the title of Doctor Honoris Causa of the National University of Arts &#8220;George Enescu&#8221; in Iasi\" \/>\n<meta property=\"og:url\" content=\"https:\/\/www.arteiasi.ro\/en\/about-unage\/brief-presentation\/doctor-honoris-causa\/\" \/>\n<meta property=\"og:site_name\" content=\"Universitatea Na\u021bional\u0103 de Arte &quot;George Enescu&quot; Ia\u0219i\" \/>\n<meta property=\"article:modified_time\" content=\"2022-03-22T13:03:54+00:00\" \/>\n<meta name=\"twitter:card\" content=\"summary_large_image\" \/>\n<script type=\"application\/ld+json\" class=\"yoast-schema-graph\">{\"@context\":\"https:\\\/\\\/schema.org\",\"@graph\":[{\"@type\":\"WebPage\",\"@id\":\"https:\\\/\\\/www.arteiasi.ro\\\/en\\\/about-unage\\\/brief-presentation\\\/doctor-honoris-causa\\\/\",\"url\":\"https:\\\/\\\/www.arteiasi.ro\\\/en\\\/about-unage\\\/brief-presentation\\\/doctor-honoris-causa\\\/\",\"name\":\"Doctor Honoris Causa - Universitatea Na\u021bional\u0103 de Arte &quot;George Enescu&quot; Ia\u0219i\",\"isPartOf\":{\"@id\":\"https:\\\/\\\/www.arteiasi.ro\\\/en\\\/#website\"},\"datePublished\":\"2022-03-22T13:02:38+00:00\",\"dateModified\":\"2022-03-22T13:03:54+00:00\",\"breadcrumb\":{\"@id\":\"https:\\\/\\\/www.arteiasi.ro\\\/en\\\/about-unage\\\/brief-presentation\\\/doctor-honoris-causa\\\/#breadcrumb\"},\"inLanguage\":\"en-US\",\"potentialAction\":[{\"@type\":\"ReadAction\",\"target\":[\"https:\\\/\\\/www.arteiasi.ro\\\/en\\\/about-unage\\\/brief-presentation\\\/doctor-honoris-causa\\\/\"]}]},{\"@type\":\"BreadcrumbList\",\"@id\":\"https:\\\/\\\/www.arteiasi.ro\\\/en\\\/about-unage\\\/brief-presentation\\\/doctor-honoris-causa\\\/#breadcrumb\",\"itemListElement\":[{\"@type\":\"ListItem\",\"position\":1,\"name\":\"Home\",\"item\":\"https:\\\/\\\/www.arteiasi.ro\\\/en\\\/\"},{\"@type\":\"ListItem\",\"position\":2,\"name\":\"About UNAGE\",\"item\":\"https:\\\/\\\/www.arteiasi.ro\\\/en\\\/about-unage\\\/\"},{\"@type\":\"ListItem\",\"position\":3,\"name\":\"Brief presentation\",\"item\":\"https:\\\/\\\/www.arteiasi.ro\\\/en\\\/about-unage\\\/brief-presentation\\\/\"},{\"@type\":\"ListItem\",\"position\":4,\"name\":\"Doctor Honoris Causa\"}]},{\"@type\":\"WebSite\",\"@id\":\"https:\\\/\\\/www.arteiasi.ro\\\/en\\\/#website\",\"url\":\"https:\\\/\\\/www.arteiasi.ro\\\/en\\\/\",\"name\":\"Universitatea Na\u021bional\u0103 de Arte &quot;George Enescu&quot; Ia\u0219i\",\"description\":\"\",\"potentialAction\":[{\"@type\":\"SearchAction\",\"target\":{\"@type\":\"EntryPoint\",\"urlTemplate\":\"https:\\\/\\\/www.arteiasi.ro\\\/en\\\/?s={search_term_string}\"},\"query-input\":{\"@type\":\"PropertyValueSpecification\",\"valueRequired\":true,\"valueName\":\"search_term_string\"}}],\"inLanguage\":\"en-US\"}]}<\/script>\n<!-- \/ Yoast SEO plugin. -->","yoast_head_json":{"title":"Doctor Honoris Causa - Universitatea Na\u021bional\u0103 de Arte &quot;George Enescu&quot; Ia\u0219i","robots":{"index":"index","follow":"follow","max-snippet":"max-snippet:-1","max-image-preview":"max-image-preview:large","max-video-preview":"max-video-preview:-1"},"canonical":"https:\/\/www.arteiasi.ro\/en\/about-unage\/brief-presentation\/doctor-honoris-causa\/","og_locale":"en_US","og_type":"article","og_title":"Doctor Honoris Causa - Universitatea Na\u021bional\u0103 de Arte &quot;George Enescu&quot; Ia\u0219i","og_description":"List of personalities awarded the title of Doctor Honoris Causa of the National University of Arts &#8220;George Enescu&#8221; in Iasi","og_url":"https:\/\/www.arteiasi.ro\/en\/about-unage\/brief-presentation\/doctor-honoris-causa\/","og_site_name":"Universitatea Na\u021bional\u0103 de Arte &quot;George Enescu&quot; Ia\u0219i","article_modified_time":"2022-03-22T13:03:54+00:00","twitter_card":"summary_large_image","schema":{"@context":"https:\/\/schema.org","@graph":[{"@type":"WebPage","@id":"https:\/\/www.arteiasi.ro\/en\/about-unage\/brief-presentation\/doctor-honoris-causa\/","url":"https:\/\/www.arteiasi.ro\/en\/about-unage\/brief-presentation\/doctor-honoris-causa\/","name":"Doctor Honoris Causa - Universitatea Na\u021bional\u0103 de Arte &quot;George Enescu&quot; Ia\u0219i","isPartOf":{"@id":"https:\/\/www.arteiasi.ro\/en\/#website"},"datePublished":"2022-03-22T13:02:38+00:00","dateModified":"2022-03-22T13:03:54+00:00","breadcrumb":{"@id":"https:\/\/www.arteiasi.ro\/en\/about-unage\/brief-presentation\/doctor-honoris-causa\/#breadcrumb"},"inLanguage":"en-US","potentialAction":[{"@type":"ReadAction","target":["https:\/\/www.arteiasi.ro\/en\/about-unage\/brief-presentation\/doctor-honoris-causa\/"]}]},{"@type":"BreadcrumbList","@id":"https:\/\/www.arteiasi.ro\/en\/about-unage\/brief-presentation\/doctor-honoris-causa\/#breadcrumb","itemListElement":[{"@type":"ListItem","position":1,"name":"Home","item":"https:\/\/www.arteiasi.ro\/en\/"},{"@type":"ListItem","position":2,"name":"About UNAGE","item":"https:\/\/www.arteiasi.ro\/en\/about-unage\/"},{"@type":"ListItem","position":3,"name":"Brief presentation","item":"https:\/\/www.arteiasi.ro\/en\/about-unage\/brief-presentation\/"},{"@type":"ListItem","position":4,"name":"Doctor Honoris Causa"}]},{"@type":"WebSite","@id":"https:\/\/www.arteiasi.ro\/en\/#website","url":"https:\/\/www.arteiasi.ro\/en\/","name":"Universitatea Na\u021bional\u0103 de Arte &quot;George Enescu&quot; Ia\u0219i","description":"","potentialAction":[{"@type":"SearchAction","target":{"@type":"EntryPoint","urlTemplate":"https:\/\/www.arteiasi.ro\/en\/?s={search_term_string}"},"query-input":{"@type":"PropertyValueSpecification","valueRequired":true,"valueName":"search_term_string"}}],"inLanguage":"en-US"}]}},"_links":{"self":[{"href":"https:\/\/www.arteiasi.ro\/en\/wp-json\/wp\/v2\/pages\/8687","targetHints":{"allow":["GET"]}}],"collection":[{"href":"https:\/\/www.arteiasi.ro\/en\/wp-json\/wp\/v2\/pages"}],"about":[{"href":"https:\/\/www.arteiasi.ro\/en\/wp-json\/wp\/v2\/types\/page"}],"author":[{"embeddable":true,"href":"https:\/\/www.arteiasi.ro\/en\/wp-json\/wp\/v2\/users\/2"}],"replies":[{"embeddable":true,"href":"https:\/\/www.arteiasi.ro\/en\/wp-json\/wp\/v2\/comments?post=8687"}],"version-history":[{"count":3,"href":"https:\/\/www.arteiasi.ro\/en\/wp-json\/wp\/v2\/pages\/8687\/revisions"}],"predecessor-version":[{"id":8690,"href":"https:\/\/www.arteiasi.ro\/en\/wp-json\/wp\/v2\/pages\/8687\/revisions\/8690"}],"up":[{"embeddable":true,"href":"https:\/\/www.arteiasi.ro\/en\/wp-json\/wp\/v2\/pages\/8653"}],"wp:attachment":[{"href":"https:\/\/www.arteiasi.ro\/en\/wp-json\/wp\/v2\/media?parent=8687"}],"curies":[{"name":"wp","href":"https:\/\/api.w.org\/{rel}","templated":true}]}}