{"id":8680,"date":"2022-03-22T12:48:44","date_gmt":"2022-03-22T12:48:44","guid":{"rendered":"https:\/\/www.arteiasi.ro\/?page_id=8680"},"modified":"2022-03-22T12:53:13","modified_gmt":"2022-03-22T12:53:13","slug":"contact","status":"publish","type":"page","link":"https:\/\/www.arteiasi.ro\/en\/about-unage\/brief-presentation\/contact\/","title":{"rendered":"Contact"},"content":{"rendered":"<div class=\"fusion-fullwidth fullwidth-box fusion-builder-row-1 fusion-flex-container nonhundred-percent-fullwidth non-hundred-percent-height-scrolling\" style=\"--awb-border-radius-top-left:0px;--awb-border-radius-top-right:0px;--awb-border-radius-bottom-right:0px;--awb-border-radius-bottom-left:0px;--awb-flex-wrap:wrap;\" ><div class=\"fusion-builder-row fusion-row fusion-flex-align-items-flex-start fusion-flex-content-wrap\" style=\"max-width:1222px;margin-left: calc(-4% \/ 2 );margin-right: calc(-4% \/ 2 );\"><div class=\"fusion-layout-column fusion_builder_column fusion-builder-column-0 fusion_builder_column_2_3 2_3 fusion-flex-column\" style=\"--awb-bg-size:cover;--awb-width-large:66.666666666667%;--awb-margin-top-large:0px;--awb-spacing-right-large:2.88%;--awb-margin-bottom-large:20px;--awb-spacing-left-large:2.88%;--awb-width-medium:66.666666666667%;--awb-order-medium:0;--awb-spacing-right-medium:2.88%;--awb-spacing-left-medium:2.88%;--awb-width-small:100%;--awb-order-small:0;--awb-spacing-right-small:1.92%;--awb-spacing-left-small:1.92%;\"><div class=\"fusion-column-wrapper fusion-column-has-shadow fusion-flex-justify-content-flex-start fusion-content-layout-column\"><div class=\"fusion-text fusion-text-1\" style=\"--awb-text-transform:none;\"><h5>Faculty of Performance, Composition and Music Theory Studies<\/h5>\n<p>Costache Negruzzi street, no. 9, 700126, Ia\u015fi, Rom\u00e2nia<br \/>\nPhone: +40 0232 212548<\/p>\n<p><strong>Assoc. Prof. PhD. Ciprian Andrei Ion<\/strong> \u2013 Dean<br \/>\n<strong>Filip Chioariu <\/strong>&#8211; Secretary<br \/>\nE-mail: facultate.muzica@gmail.com, secretariatficsmt@gmail.com<\/p>\n<\/div><div class=\"fusion-text fusion-text-2\" style=\"--awb-text-transform:none;\"><h5>Facultatea de Teatru<\/h5>\n<p>Str. Costache Negruzzi 7-9, 700126, Ia\u015fi<br \/>\nTel.: 0232 212 548,\u00a0 Fax:\u00a00232 216 637<\/p>\n<p><strong>Conf. univ. dr. Raluca Bujoreanu-Hu\u0163anu<\/strong>\u00a0\u2013 Decan<br \/>\n<strong>Iolanda Filip Emilian <\/strong>&#8211; Secretar facultate<br \/>\nE-mail: secretariat.teatru@unage.ro<\/p>\n<\/div><div class=\"fusion-text fusion-text-3\" style=\"--awb-text-transform:none;\"><h5>Facultatea de Arte Vizuale \u0219i Design<\/h5>\n<p>Str. S\u0103r\u0103rie 189, 700451, Ia\u015fi<br \/>\nTel.: 0751 511 296,\u00a0Fax:\u00a00232 225 333<\/p>\n<p><strong>Conf. univ. dr. Adrian Stoleriu\u00a0<\/strong>\u2013 Decan<br \/>\n<strong>Irina Ostafie, Mihaela Simionescu, Mihaela B\u0103d\u0103r\u0103u<\/strong> &#8211; Secretar facultate<br \/>\nE-mail: favd@arteiasi. ro, secretariat.favd@gmail.com<\/p>\n<p>Birou Informatizare Facultatea de Arte Vizuale \u0219i Design<br \/>\nStr. S\u0103r\u0103rie 189, 700451, Ia\u015fi<\/p>\n<\/div><div class=\"fusion-text fusion-text-4\" style=\"--awb-text-transform:none;\"><h5>Departamentul pentru Preg\u0103tirea Personalului Didactic (DPPD)<\/h5>\n<p>Str. Costache Negruzzi 9, 700126, Ia\u015fi<br \/>\nTel.:\u00a00232 276 462<\/p>\n<p><strong>Prof. univ. dr. Eugenia Maria Pa\u015fca <\/strong>&#8211; Director<br \/>\n<strong>Irina Ionescu<\/strong> &#8211; Secretar<br \/>\nE-mail: dppd.departament@gmail.com, dppd@ arteiasi.ro<\/p>\n<\/div><div class=\"fusion-text fusion-text-5\" style=\"--awb-text-transform:none;\"><h5>Direc\u021bia General\u0103 Administrativ\u0103<\/h5>\n<p><strong>Ec. Livia Brum\u0103<\/strong>\u00a0\u2013 Director general administrativ<br \/>\nStr. Cuza Vod\u0103 29, 700040, Ia\u015fi<br \/>\nTel.: 0232 276 162<br \/>\nE-mail: livia.bruma@arteiasi.ro<\/p>\n<h5>Direc\u021bia Financiar Contabil\u0103<\/h5>\n<p><strong>Ec. Adi Mor\u0103ra\u0219u<\/strong>\u00a0\u2013 Director Financiar Contabil<br \/>\nStr. Cuza Vod\u0103 29, 700040, Ia\u015fi<br \/>\nTel.:\u00a00232 212 550<\/p>\n<h5>Serviciul de Informatizare \u0219i Activit\u0103\u021bi tipografice<\/h5>\n<p><strong>Dr. Ing.<\/strong>\u00a0<strong>Bogdan Anghel<\/strong>\u00a0\u2013 \u0218ef serviciu<br \/>\nStr. Costache Negruzzi 9, 700126, Ia\u015fi<br \/>\nE-mail: unage.it@unage.ro<\/p>\n<h5>Bibliotec\u0103<\/h5>\n<p><strong>Dalia Simona Rusu-Persic<\/strong>\u00a0\u2013 \u0218ef bibliotec\u0103<br \/>\nStr. Costache Negruzzi 9, 700126, Ia\u015fi<br \/>\nTel.:\u00a00232 261 218<br \/>\nE-mail: biblioteca@unage.ro<\/p>\n<h5>Centrul de Consiliere \u0219i Orientare \u00een Carier\u0103<\/h5>\n<p>Str. Cuza Vod\u0103 29, 700042, Ia\u015fi<\/p>\n<p><strong>Eliza Burghelea <\/strong>&#8211; Psiholog<br \/>\nE-mail: psiholog.consilier@unage.ro<\/p>\n<h5>Oficiul juridic<\/h5>\n<p><strong>Dragos Bahnea <\/strong>&#8211; Consilier Juridic<br \/>\nStr. Cuza Vod\u0103 29, 700042, Ia\u015fi<br \/>\nTel: +40 232 276162<\/p>\n<h5>Compartiment resurse umane<\/h5>\n<p><strong>Florentina Eftinca <\/strong>&#8211; Adm. fin.<br \/>\nStr. Cuza Vod\u0103 29, 700042, Ia\u015fi<br \/>\nTelefon :0232 261 842, Mobil: 0751 012 881<br \/>\nEmail: hrunage@gmail.com, florentina.eftinca@unage.ro<\/p>\n<\/div><\/div><\/div><div class=\"fusion-layout-column fusion_builder_column fusion-builder-column-1 fusion_builder_column_1_3 1_3 fusion-flex-column\" style=\"--awb-padding-top:10px;--awb-padding-right:20px;--awb-padding-bottom:10px;--awb-padding-left:20px;--awb-bg-color:#f9f9f9;--awb-bg-color-hover:#f9f9f9;--awb-bg-size:cover;--awb-width-large:33.333333333333%;--awb-margin-top-large:20px;--awb-spacing-right-large:5.76%;--awb-margin-bottom-large:20px;--awb-spacing-left-large:5.76%;--awb-width-medium:33.333333333333%;--awb-order-medium:0;--awb-spacing-right-medium:5.76%;--awb-spacing-left-medium:5.76%;--awb-width-small:100%;--awb-order-small:0;--awb-spacing-right-small:1.92%;--awb-spacing-left-small:1.92%;\"><div class=\"fusion-column-wrapper fusion-column-has-shadow fusion-flex-justify-content-flex-start fusion-content-layout-column\"><div class=\"fusion-image-element \" style=\"text-align:center;--awb-max-width:230px;--awb-caption-title-font-family:var(--h2_typography-font-family);--awb-caption-title-font-weight:var(--h2_typography-font-weight);--awb-caption-title-font-style:var(--h2_typography-font-style);--awb-caption-title-size:var(--h2_typography-font-size);--awb-caption-title-transform:var(--h2_typography-text-transform);--awb-caption-title-line-height:var(--h2_typography-line-height);--awb-caption-title-letter-spacing:var(--h2_typography-letter-spacing);\"><span class=\" fusion-imageframe imageframe-none imageframe-1 hover-type-none\"><img decoding=\"async\" width=\"282\" height=\"237\" title=\"rectoratm1\" src=\"https:\/\/www.arteiasi.ro\/wp-content\/uploads\/2021\/11\/rectoratm1.png\" alt class=\"img-responsive wp-image-2584\"\/><\/span><\/div><div class=\"fusion-text fusion-text-6\" style=\"--awb-text-transform:none;\"><h5>Rectorat<\/h5>\n<p>Ia\u015fi, Str. Cuza Vod\u0103 nr.29 (Casa Bal\u015f), 700040<\/p>\n<p>Tel.: +40 232 212 549<br \/>\nFax:\u00a00232 212 551<br \/>\nE-mail:\u00a0rectorat@arteiasi.ro<\/p>\n<p>Program Audien\u0163e: Luni-Mar\u0163i, Orele 12-13; programarile se fac prin telefon sau prin email, cu cel putin 3 zile inainte de data audientei, completand\u00a0<a href=\"http:\/\/www.arteiasi.ro\/wp-content\/uploads\/2014\/09\/Formular-solicitare-audiente.doc\" rel=\"\">urmatorul formular<\/a>.<\/p>\n<\/div><\/div><\/div><\/div><\/div>\n","protected":false},"excerpt":{"rendered":"","protected":false},"author":2,"featured_media":0,"parent":8653,"menu_order":264,"comment_status":"closed","ping_status":"closed","template":"","meta":{"inline_featured_image":false,"footnotes":""},"class_list":["post-8680","page","type-page","status-publish","hentry"],"yoast_head":"<!-- This site is optimized with the Yoast SEO plugin v27.3 - https:\/\/yoast.com\/product\/yoast-seo-wordpress\/ -->\n<title>Contact - Universitatea Na\u021bional\u0103 de Arte &quot;George Enescu&quot; Ia\u0219i<\/title>\n<meta name=\"robots\" content=\"index, follow, max-snippet:-1, max-image-preview:large, max-video-preview:-1\" \/>\n<link rel=\"canonical\" href=\"https:\/\/www.arteiasi.ro\/en\/about-unage\/brief-presentation\/contact\/\" \/>\n<meta property=\"og:locale\" content=\"en_US\" \/>\n<meta property=\"og:type\" content=\"article\" \/>\n<meta property=\"og:title\" content=\"Contact - Universitatea Na\u021bional\u0103 de Arte &quot;George Enescu&quot; Ia\u0219i\" \/>\n<meta property=\"og:url\" content=\"https:\/\/www.arteiasi.ro\/en\/about-unage\/brief-presentation\/contact\/\" \/>\n<meta property=\"og:site_name\" content=\"Universitatea Na\u021bional\u0103 de Arte &quot;George Enescu&quot; Ia\u0219i\" \/>\n<meta property=\"article:modified_time\" content=\"2022-03-22T12:53:13+00:00\" \/>\n<meta name=\"twitter:card\" content=\"summary_large_image\" \/>\n<script type=\"application\/ld+json\" class=\"yoast-schema-graph\">{\"@context\":\"https:\\\/\\\/schema.org\",\"@graph\":[{\"@type\":\"WebPage\",\"@id\":\"https:\\\/\\\/www.arteiasi.ro\\\/en\\\/about-unage\\\/brief-presentation\\\/contact\\\/\",\"url\":\"https:\\\/\\\/www.arteiasi.ro\\\/en\\\/about-unage\\\/brief-presentation\\\/contact\\\/\",\"name\":\"Contact - Universitatea Na\u021bional\u0103 de Arte &quot;George Enescu&quot; Ia\u0219i\",\"isPartOf\":{\"@id\":\"https:\\\/\\\/www.arteiasi.ro\\\/en\\\/#website\"},\"datePublished\":\"2022-03-22T12:48:44+00:00\",\"dateModified\":\"2022-03-22T12:53:13+00:00\",\"breadcrumb\":{\"@id\":\"https:\\\/\\\/www.arteiasi.ro\\\/en\\\/about-unage\\\/brief-presentation\\\/contact\\\/#breadcrumb\"},\"inLanguage\":\"en-US\",\"potentialAction\":[{\"@type\":\"ReadAction\",\"target\":[\"https:\\\/\\\/www.arteiasi.ro\\\/en\\\/about-unage\\\/brief-presentation\\\/contact\\\/\"]}]},{\"@type\":\"BreadcrumbList\",\"@id\":\"https:\\\/\\\/www.arteiasi.ro\\\/en\\\/about-unage\\\/brief-presentation\\\/contact\\\/#breadcrumb\",\"itemListElement\":[{\"@type\":\"ListItem\",\"position\":1,\"name\":\"Home\",\"item\":\"https:\\\/\\\/www.arteiasi.ro\\\/en\\\/\"},{\"@type\":\"ListItem\",\"position\":2,\"name\":\"About UNAGE\",\"item\":\"https:\\\/\\\/www.arteiasi.ro\\\/en\\\/about-unage\\\/\"},{\"@type\":\"ListItem\",\"position\":3,\"name\":\"Brief presentation\",\"item\":\"https:\\\/\\\/www.arteiasi.ro\\\/en\\\/about-unage\\\/brief-presentation\\\/\"},{\"@type\":\"ListItem\",\"position\":4,\"name\":\"Contact\"}]},{\"@type\":\"WebSite\",\"@id\":\"https:\\\/\\\/www.arteiasi.ro\\\/en\\\/#website\",\"url\":\"https:\\\/\\\/www.arteiasi.ro\\\/en\\\/\",\"name\":\"Universitatea Na\u021bional\u0103 de Arte &quot;George Enescu&quot; Ia\u0219i\",\"description\":\"\",\"potentialAction\":[{\"@type\":\"SearchAction\",\"target\":{\"@type\":\"EntryPoint\",\"urlTemplate\":\"https:\\\/\\\/www.arteiasi.ro\\\/en\\\/?s={search_term_string}\"},\"query-input\":{\"@type\":\"PropertyValueSpecification\",\"valueRequired\":true,\"valueName\":\"search_term_string\"}}],\"inLanguage\":\"en-US\"}]}<\/script>\n<!-- \/ Yoast SEO plugin. -->","yoast_head_json":{"title":"Contact - Universitatea Na\u021bional\u0103 de Arte &quot;George Enescu&quot; Ia\u0219i","robots":{"index":"index","follow":"follow","max-snippet":"max-snippet:-1","max-image-preview":"max-image-preview:large","max-video-preview":"max-video-preview:-1"},"canonical":"https:\/\/www.arteiasi.ro\/en\/about-unage\/brief-presentation\/contact\/","og_locale":"en_US","og_type":"article","og_title":"Contact - Universitatea Na\u021bional\u0103 de Arte &quot;George Enescu&quot; Ia\u0219i","og_url":"https:\/\/www.arteiasi.ro\/en\/about-unage\/brief-presentation\/contact\/","og_site_name":"Universitatea Na\u021bional\u0103 de Arte &quot;George Enescu&quot; Ia\u0219i","article_modified_time":"2022-03-22T12:53:13+00:00","twitter_card":"summary_large_image","schema":{"@context":"https:\/\/schema.org","@graph":[{"@type":"WebPage","@id":"https:\/\/www.arteiasi.ro\/en\/about-unage\/brief-presentation\/contact\/","url":"https:\/\/www.arteiasi.ro\/en\/about-unage\/brief-presentation\/contact\/","name":"Contact - Universitatea Na\u021bional\u0103 de Arte &quot;George Enescu&quot; Ia\u0219i","isPartOf":{"@id":"https:\/\/www.arteiasi.ro\/en\/#website"},"datePublished":"2022-03-22T12:48:44+00:00","dateModified":"2022-03-22T12:53:13+00:00","breadcrumb":{"@id":"https:\/\/www.arteiasi.ro\/en\/about-unage\/brief-presentation\/contact\/#breadcrumb"},"inLanguage":"en-US","potentialAction":[{"@type":"ReadAction","target":["https:\/\/www.arteiasi.ro\/en\/about-unage\/brief-presentation\/contact\/"]}]},{"@type":"BreadcrumbList","@id":"https:\/\/www.arteiasi.ro\/en\/about-unage\/brief-presentation\/contact\/#breadcrumb","itemListElement":[{"@type":"ListItem","position":1,"name":"Home","item":"https:\/\/www.arteiasi.ro\/en\/"},{"@type":"ListItem","position":2,"name":"About UNAGE","item":"https:\/\/www.arteiasi.ro\/en\/about-unage\/"},{"@type":"ListItem","position":3,"name":"Brief presentation","item":"https:\/\/www.arteiasi.ro\/en\/about-unage\/brief-presentation\/"},{"@type":"ListItem","position":4,"name":"Contact"}]},{"@type":"WebSite","@id":"https:\/\/www.arteiasi.ro\/en\/#website","url":"https:\/\/www.arteiasi.ro\/en\/","name":"Universitatea Na\u021bional\u0103 de Arte &quot;George Enescu&quot; Ia\u0219i","description":"","potentialAction":[{"@type":"SearchAction","target":{"@type":"EntryPoint","urlTemplate":"https:\/\/www.arteiasi.ro\/en\/?s={search_term_string}"},"query-input":{"@type":"PropertyValueSpecification","valueRequired":true,"valueName":"search_term_string"}}],"inLanguage":"en-US"}]}},"_links":{"self":[{"href":"https:\/\/www.arteiasi.ro\/en\/wp-json\/wp\/v2\/pages\/8680","targetHints":{"allow":["GET"]}}],"collection":[{"href":"https:\/\/www.arteiasi.ro\/en\/wp-json\/wp\/v2\/pages"}],"about":[{"href":"https:\/\/www.arteiasi.ro\/en\/wp-json\/wp\/v2\/types\/page"}],"author":[{"embeddable":true,"href":"https:\/\/www.arteiasi.ro\/en\/wp-json\/wp\/v2\/users\/2"}],"replies":[{"embeddable":true,"href":"https:\/\/www.arteiasi.ro\/en\/wp-json\/wp\/v2\/comments?post=8680"}],"version-history":[{"count":3,"href":"https:\/\/www.arteiasi.ro\/en\/wp-json\/wp\/v2\/pages\/8680\/revisions"}],"predecessor-version":[{"id":8683,"href":"https:\/\/www.arteiasi.ro\/en\/wp-json\/wp\/v2\/pages\/8680\/revisions\/8683"}],"up":[{"embeddable":true,"href":"https:\/\/www.arteiasi.ro\/en\/wp-json\/wp\/v2\/pages\/8653"}],"wp:attachment":[{"href":"https:\/\/www.arteiasi.ro\/en\/wp-json\/wp\/v2\/media?parent=8680"}],"curies":[{"name":"wp","href":"https:\/\/api.w.org\/{rel}","templated":true}]}}