{"id":7946,"date":"2022-02-09T12:22:30","date_gmt":"2022-02-09T12:22:30","guid":{"rendered":"https:\/\/www.arteiasi.ro\/?page_id=7946"},"modified":"2023-03-27T12:09:14","modified_gmt":"2023-03-27T12:09:14","slug":"teachers","status":"publish","type":"page","link":"https:\/\/www.arteiasi.ro\/en\/faculty-of-performance-composition-and-music-theory-studies\/teachers\/","title":{"rendered":"Teachers"},"content":{"rendered":"<div class=\"fusion-fullwidth fullwidth-box fusion-builder-row-1 fusion-flex-container nonhundred-percent-fullwidth non-hundred-percent-height-scrolling\" style=\"--awb-border-radius-top-left:0px;--awb-border-radius-top-right:0px;--awb-border-radius-bottom-right:0px;--awb-border-radius-bottom-left:0px;--awb-flex-wrap:wrap;\" ><div class=\"fusion-builder-row fusion-row fusion-flex-align-items-flex-start fusion-flex-content-wrap\" style=\"max-width:1222px;margin-left: calc(-4% \/ 2 );margin-right: calc(-4% \/ 2 );\"><div class=\"fusion-layout-column fusion_builder_column fusion-builder-column-0 fusion_builder_column_1_1 1_1 fusion-flex-column\" style=\"--awb-bg-size:cover;--awb-width-large:100%;--awb-margin-top-large:0px;--awb-spacing-right-large:1.92%;--awb-margin-bottom-large:20px;--awb-spacing-left-large:1.92%;--awb-width-medium:100%;--awb-order-medium:0;--awb-spacing-right-medium:1.92%;--awb-spacing-left-medium:1.92%;--awb-width-small:100%;--awb-order-small:0;--awb-spacing-right-small:1.92%;--awb-spacing-left-small:1.92%;\"><div class=\"fusion-column-wrapper fusion-column-has-shadow fusion-flex-justify-content-flex-start fusion-content-layout-column\"><div class=\"fusion-tabs fusion-tabs-1 clean nav-is-justified horizontal-tabs icon-position-left mobile-mode-accordion\" style=\"--awb-title-border-radius-top-left:0px;--awb-title-border-radius-top-right:0px;--awb-title-border-radius-bottom-right:0px;--awb-title-border-radius-bottom-left:0px;--awb-alignment:start;--awb-inactive-color:#f3f1ec;--awb-background-color:#ffffff;--awb-border-color:#e0ded9;--awb-active-border-color:#363738;\"><div class=\"nav\"><ul class=\"nav-tabs nav-justified\" role=\"tablist\"><li class=\"active\" role=\"presentation\"><a class=\"tab-link\" data-toggle=\"tab\" role=\"tab\" aria-controls=\"tab-82ba1b2ddbb4c327f7a\" aria-selected=\"true\" id=\"fusion-tab-leadership\" href=\"#tab-82ba1b2ddbb4c327f7a\"><h4 class=\"fusion-tab-heading\">Leadership<\/h4><\/a><\/li><li role=\"presentation\"><a class=\"tab-link\" data-toggle=\"tab\" role=\"tab\" aria-controls=\"tab-2fc01f1142815f7324e\" aria-selected=\"false\" tabindex=\"-1\" id=\"fusion-tab-teachingcouncil\" href=\"#tab-2fc01f1142815f7324e\"><h4 class=\"fusion-tab-heading\">Teaching Council<\/h4><\/a><\/li><li role=\"presentation\"><a class=\"tab-link\" data-toggle=\"tab\" role=\"tab\" aria-controls=\"tab-9a40023dd2d9fa10ff6\" aria-selected=\"false\" tabindex=\"-1\" id=\"fusion-tab-teachers\" href=\"#tab-9a40023dd2d9fa10ff6\"><h4 class=\"fusion-tab-heading\">Teachers<\/h4><\/a><\/li><\/ul><\/div><div class=\"tab-content\"><div class=\"nav fusion-mobile-tab-nav\"><ul class=\"nav-tabs nav-justified\" role=\"tablist\"><li class=\"active\" role=\"presentation\"><a class=\"tab-link\" data-toggle=\"tab\" role=\"tab\" aria-controls=\"tab-82ba1b2ddbb4c327f7a\" aria-selected=\"true\" id=\"mobile-fusion-tab-leadership\" href=\"#tab-82ba1b2ddbb4c327f7a\"><h4 class=\"fusion-tab-heading\">Leadership<\/h4><\/a><\/li><\/ul><\/div><div class=\"tab-pane fade fusion-clearfix in active\" role=\"tabpanel\" tabindex=\"0\" aria-labelledby=\"fusion-tab-leadership\" id=\"tab-82ba1b2ddbb4c327f7a\">\n<p><img decoding=\"async\" class=\"alignnone size-full wp-image-7601\" src=\"https:\/\/www.arteiasi.ro\/wp-content\/uploads\/2022\/01\/muzica-profesori-1-1.jpg\" alt=\"\" width=\"1192\" height=\"638\" \/><\/p>\n<p><strong>Dean<\/strong><br \/>\nAssoc. Prof. PhD. Ciprian Andrei ION<\/p>\n<p><strong>Vice Dean, Research and artistic creation<\/strong><br \/>\nAssoc. Prof. PhD. Loredana Viorica IA\u021aE\u0218EN<\/p>\n<p><strong>Vice Dean, Didactic activity and quality in education<\/strong><br \/>\nLecturer. PhD. Andrei ENOIU,<\/p>\n<p><strong>Departments<\/strong><\/p>\n<p>1-st Department \u2013 String Instruments-Piano<br \/>\nAssoc. Prof. PhD. Doina Grigore<\/p>\n<p>2-nd Department \u2013 Wind Instruments-Percussion and Singing<br \/>\nAssoc. Prof. PhD. Ion Urde\u0219<\/p>\n<p>3-rd Department \u2013 Music Theory Studies<br \/>\nAssoc. Prof. PhD. Gabriela Vlahopol<\/p>\n<\/div><div class=\"nav fusion-mobile-tab-nav\"><ul class=\"nav-tabs nav-justified\" role=\"tablist\"><li role=\"presentation\"><a class=\"tab-link\" data-toggle=\"tab\" role=\"tab\" aria-controls=\"tab-2fc01f1142815f7324e\" aria-selected=\"false\" tabindex=\"-1\" id=\"mobile-fusion-tab-teachingcouncil\" href=\"#tab-2fc01f1142815f7324e\"><h4 class=\"fusion-tab-heading\">Teaching Council<\/h4><\/a><\/li><\/ul><\/div><div class=\"tab-pane fade fusion-clearfix\" role=\"tabpanel\" tabindex=\"0\" aria-labelledby=\"fusion-tab-teachingcouncil\" id=\"tab-2fc01f1142815f7324e\">\n<p>Assoc. Prof. PhD. Ciprian Andrei Ion<br \/>\nAssoc. Prof. PhD. Loredana Viorica Ia\u021be\u0219en<br \/>\nLecturer. PhD. Andrei Enoiu<br \/>\nProf. PhD. Doru Albu<br \/>\nProf. PhD. Laura Vasiliu<br \/>\nProf. PhD. Petrea G\u00e2sc\u0103<br \/>\nAssoc. Prof. PhD. Ciprian Chitu<br \/>\nAssoc. Prof. PhD. Doina Grigore<br \/>\nAssoc. Prof. PhD. Diana Andron<br \/>\nAssoc. Prof. PhD. Daniel Dragomirescu<br \/>\nLecturer. PhD. Consuela Taga<br \/>\nAssoc. Prof. PhD. Ion Udre\u015f<br \/>\nStud. Gabriela Matcovschi<br \/>\nStud. Dorotheea Arustei<br \/>\nStud. Andreea Morosanu<br \/>\nStud. Robert Stefan Todireanu<\/p>\n<\/div><div class=\"nav fusion-mobile-tab-nav\"><ul class=\"nav-tabs nav-justified\" role=\"tablist\"><li role=\"presentation\"><a class=\"tab-link\" data-toggle=\"tab\" role=\"tab\" aria-controls=\"tab-9a40023dd2d9fa10ff6\" aria-selected=\"false\" tabindex=\"-1\" id=\"mobile-fusion-tab-teachers\" href=\"#tab-9a40023dd2d9fa10ff6\"><h4 class=\"fusion-tab-heading\">Teachers<\/h4><\/a><\/li><\/ul><\/div><div class=\"tab-pane fade fusion-clearfix\" role=\"tabpanel\" tabindex=\"0\" aria-labelledby=\"fusion-tab-teachers\" id=\"tab-9a40023dd2d9fa10ff6\">\n<p><strong>1-ST DEPARTMENT<br \/>\nString Instruments-Piano<br \/>\n<\/strong><\/p>\n<p>Prof. PhD. Pocinoc Tatiana<br \/>\nProf. PhD. Prelipcean Bujor<br \/>\nProf. PhD. Prelipcean Dan<br \/>\nProf. PhD. Stanciu Constantin<br \/>\nProf. PhD. Berindan Anico-Etela<br \/>\nProf. PhD. Ov\u0103nescu Elena<br \/>\nAssoc. Prof. PhD. Grigore Doina<br \/>\nAssoc. Prof. PhD. V\u00eertosu Sebastian<br \/>\nAssoc. Prof. PhD. Dragomirescu Daniel-Constantin<br \/>\nAssoc. Prof. PhD. Stoiciu-Frunz\u0103 Vasilica<br \/>\nLecturer. PhD. Prisacariu Virgil-Florin<br \/>\nLecturer. PhD. Ciobanu Lumini\u0163a<br \/>\nLecturer. PhD. Diaconu Ioan-Florin<br \/>\nLecturer. PhD. Dobre-Ioni\u0163\u0103 Raluca<br \/>\nLecturer. PhD. St\u0103nescu Ioana<br \/>\nLecturer. PhD. Arva Edit-Mihaela<br \/>\nLecturer. PhD. Ciotlo\u015f Ciprian-Petru<br \/>\nAssist. PhD. Arhire Dan<br \/>\nAssist. PhD. Bolnavu Tudor<br \/>\nAssist. PhD. Ivancia Carmen<\/p>\n<p><strong>2-ND DEPARTMENT<br \/>\nWind Instruments \u2013 Percution and Singing<br \/>\n<\/strong><\/p>\n<p>Prof. PhD. Albu Doru<br \/>\nProf. PhD. Naie L\u0103cr\u0103mioara<br \/>\nProf. PhD. Simion Aurelia<br \/>\nProf. PhD. G\u00eesc\u0103 Petrea<br \/>\nAssoc. Prof. PhD. Ciochina Paula<br \/>\nAssoc. Prof. PhD. Horez Iulian<br \/>\nAssoc. Prof. PhD. F\u00e2nt\u00e2n\u0103 Simionescu Cristina<br \/>\nAssoc. Prof. PhD. Dimitriu Doina<br \/>\nAssoc. Prof. PhD. Chitu Ciprian<br \/>\nAssoc. Prof. PhD. Petrescu Cezara<br \/>\nAssoc. Prof. PhD. Tudor Br\u00eendu\u0219a<br \/>\nAssoc. Prof. PhD. Hariton Georgel<br \/>\nAssoc. Prof. PhD. Enoiu Andrei<br \/>\nLecturer. PhD. Urdes Ion<br \/>\nLecturer. PhD. Chelaru Catalina<br \/>\nLecturer. PhD. Severin Oana<br \/>\nLecturer. PhD. Hrubaru Andrei<br \/>\nLecturer. PhD. Farcasel Calin<br \/>\nLecturer. PhD. Paicu Daniel<br \/>\nLecturer. PhD. Fodor Florin<br \/>\nLecturer. PhD. Constantin Bogdan<br \/>\nLecturer. PhD. Stavrat Constantin<br \/>\nLect. univ. dr.\u00a0 Adamachi Liviu<br \/>\nLect. univ. dr.\u00a0 C\u0103rbunariu Oana<br \/>\nLecturer. PhD. Ehupov Raluca<br \/>\nLecturer. PhD. Turt\u0103 Timofte Laura<br \/>\nLecturer. PhD. Eduard Mih\u0103il\u0103<br \/>\nAssist. PhD. Taga-Radu Consuela<br \/>\nAssist. PhD. Cristea Constantina<br \/>\nAssist. PhD. Ursu Andronic Alina<\/p>\n<p><strong>3-RD DEPARTMENT<br \/>\nMusic Theory Studies<br \/>\n<\/strong><\/p>\n<p>Prof. PhD. Chelaru Carmen-Denisa<br \/>\nProf. PhD. Chiriac Tudor<br \/>\nProf. PhD. Cozma Romeo<br \/>\nProf. PhD. Vasiliu Otilia-Laura<br \/>\nProf. PhD. Dumitriu Leonard<br \/>\nProf. PhD. Du\u0163ic\u0103 Lumini\u0163a<br \/>\nAssoc. Prof. PhD. D\u0103nil\u0103 Irina-Zamfira<br \/>\nAssoc. Prof. PhD. Dumitriu George<br \/>\nAssoc. Prof. PhD. Ion Ciprian<br \/>\nAssoc. Prof. PhD. Ia\u0163e\u015fen Loredana-Viorica<br \/>\nAssoc. Prof. PhD. Andron Diana-Beatrice<br \/>\nAssoc. Prof. PhD. Butu Ionela<br \/>\nAssoc. Prof. PhD. Sp\u00eenu Dan-Octavian<br \/>\nAssoc. Prof. PhD. Vlahopol Gabriela<br \/>\nAssoc. Prof. PhD. Chirosca Bogdan<br \/>\nLecturer. PhD. Cojocariu Bogdan-Ionu\u0163<br \/>\nLecturer. PhD. Filimon Rosina-Caterina<br \/>\nLecturer. PhD. Leahu Mihaela-Anca<br \/>\nLecturer. PhD. Luchian Florin-Gheorghe<br \/>\nLecturer. PhD. R\u0103ducanu Cristina-Andra<br \/>\nLecturer. PhD. Garlea Mihaela Loredana<br \/>\nLecturer. PhD. \u00a0\u00a0 Busuioc Elena-M\u0103d\u0103lina<br \/>\nAssist. PhD. Candidate Misievici Maria-Cristina<br \/>\nAssist. PhD. S\u00eerbu Adrian<br \/>\nAssist. PhD. Burduloi Otilia Marta<br \/>\nAssist. PhD. Balan Mihaela Georgiana<\/p>\n<\/div><\/div><\/div><\/div><\/div><\/div><\/div>\n","protected":false},"excerpt":{"rendered":"","protected":false},"author":2,"featured_media":0,"parent":7942,"menu_order":214,"comment_status":"closed","ping_status":"closed","template":"","meta":{"inline_featured_image":false,"footnotes":""},"class_list":["post-7946","page","type-page","status-publish","hentry"],"yoast_head":"<!-- This site is optimized with the Yoast SEO plugin v27.3 - https:\/\/yoast.com\/product\/yoast-seo-wordpress\/ -->\n<title>Teachers - Universitatea Na\u021bional\u0103 de Arte &quot;George Enescu&quot; Ia\u0219i<\/title>\n<meta name=\"robots\" content=\"index, follow, max-snippet:-1, max-image-preview:large, max-video-preview:-1\" \/>\n<link rel=\"canonical\" href=\"https:\/\/www.arteiasi.ro\/en\/faculty-of-performance-composition-and-music-theory-studies\/teachers\/\" \/>\n<meta property=\"og:locale\" content=\"en_US\" \/>\n<meta property=\"og:type\" content=\"article\" \/>\n<meta property=\"og:title\" content=\"Teachers - Universitatea Na\u021bional\u0103 de Arte &quot;George Enescu&quot; Ia\u0219i\" \/>\n<meta property=\"og:url\" content=\"https:\/\/www.arteiasi.ro\/en\/faculty-of-performance-composition-and-music-theory-studies\/teachers\/\" \/>\n<meta property=\"og:site_name\" content=\"Universitatea Na\u021bional\u0103 de Arte &quot;George Enescu&quot; Ia\u0219i\" \/>\n<meta property=\"article:modified_time\" content=\"2023-03-27T12:09:14+00:00\" \/>\n<meta property=\"og:image\" content=\"https:\/\/www.arteiasi.ro\/wp-content\/uploads\/2022\/01\/muzica-profesori-1-1.jpg\" \/>\n<meta name=\"twitter:card\" content=\"summary_large_image\" \/>\n<script type=\"application\/ld+json\" class=\"yoast-schema-graph\">{\"@context\":\"https:\\\/\\\/schema.org\",\"@graph\":[{\"@type\":\"WebPage\",\"@id\":\"https:\\\/\\\/www.arteiasi.ro\\\/en\\\/faculty-of-performance-composition-and-music-theory-studies\\\/teachers\\\/\",\"url\":\"https:\\\/\\\/www.arteiasi.ro\\\/en\\\/faculty-of-performance-composition-and-music-theory-studies\\\/teachers\\\/\",\"name\":\"Teachers - Universitatea Na\u021bional\u0103 de Arte &quot;George Enescu&quot; Ia\u0219i\",\"isPartOf\":{\"@id\":\"https:\\\/\\\/www.arteiasi.ro\\\/en\\\/#website\"},\"primaryImageOfPage\":{\"@id\":\"https:\\\/\\\/www.arteiasi.ro\\\/en\\\/faculty-of-performance-composition-and-music-theory-studies\\\/teachers\\\/#primaryimage\"},\"image\":{\"@id\":\"https:\\\/\\\/www.arteiasi.ro\\\/en\\\/faculty-of-performance-composition-and-music-theory-studies\\\/teachers\\\/#primaryimage\"},\"thumbnailUrl\":\"https:\\\/\\\/www.arteiasi.ro\\\/wp-content\\\/uploads\\\/2022\\\/01\\\/muzica-profesori-1-1.jpg\",\"datePublished\":\"2022-02-09T12:22:30+00:00\",\"dateModified\":\"2023-03-27T12:09:14+00:00\",\"breadcrumb\":{\"@id\":\"https:\\\/\\\/www.arteiasi.ro\\\/en\\\/faculty-of-performance-composition-and-music-theory-studies\\\/teachers\\\/#breadcrumb\"},\"inLanguage\":\"en-US\",\"potentialAction\":[{\"@type\":\"ReadAction\",\"target\":[\"https:\\\/\\\/www.arteiasi.ro\\\/en\\\/faculty-of-performance-composition-and-music-theory-studies\\\/teachers\\\/\"]}]},{\"@type\":\"ImageObject\",\"inLanguage\":\"en-US\",\"@id\":\"https:\\\/\\\/www.arteiasi.ro\\\/en\\\/faculty-of-performance-composition-and-music-theory-studies\\\/teachers\\\/#primaryimage\",\"url\":\"https:\\\/\\\/www.arteiasi.ro\\\/wp-content\\\/uploads\\\/2022\\\/01\\\/muzica-profesori-1-1.jpg\",\"contentUrl\":\"https:\\\/\\\/www.arteiasi.ro\\\/wp-content\\\/uploads\\\/2022\\\/01\\\/muzica-profesori-1-1.jpg\"},{\"@type\":\"BreadcrumbList\",\"@id\":\"https:\\\/\\\/www.arteiasi.ro\\\/en\\\/faculty-of-performance-composition-and-music-theory-studies\\\/teachers\\\/#breadcrumb\",\"itemListElement\":[{\"@type\":\"ListItem\",\"position\":1,\"name\":\"Home\",\"item\":\"https:\\\/\\\/www.arteiasi.ro\\\/en\\\/\"},{\"@type\":\"ListItem\",\"position\":2,\"name\":\"Faculty of Interpretation, Composition and Theoretical Music Studies\",\"item\":\"https:\\\/\\\/www.arteiasi.ro\\\/en\\\/faculty-of-performance-composition-and-music-theory-studies\\\/\"},{\"@type\":\"ListItem\",\"position\":3,\"name\":\"Teachers\"}]},{\"@type\":\"WebSite\",\"@id\":\"https:\\\/\\\/www.arteiasi.ro\\\/en\\\/#website\",\"url\":\"https:\\\/\\\/www.arteiasi.ro\\\/en\\\/\",\"name\":\"Universitatea Na\u021bional\u0103 de Arte &quot;George Enescu&quot; Ia\u0219i\",\"description\":\"\",\"potentialAction\":[{\"@type\":\"SearchAction\",\"target\":{\"@type\":\"EntryPoint\",\"urlTemplate\":\"https:\\\/\\\/www.arteiasi.ro\\\/en\\\/?s={search_term_string}\"},\"query-input\":{\"@type\":\"PropertyValueSpecification\",\"valueRequired\":true,\"valueName\":\"search_term_string\"}}],\"inLanguage\":\"en-US\"}]}<\/script>\n<!-- \/ Yoast SEO plugin. -->","yoast_head_json":{"title":"Teachers - Universitatea Na\u021bional\u0103 de Arte &quot;George Enescu&quot; Ia\u0219i","robots":{"index":"index","follow":"follow","max-snippet":"max-snippet:-1","max-image-preview":"max-image-preview:large","max-video-preview":"max-video-preview:-1"},"canonical":"https:\/\/www.arteiasi.ro\/en\/faculty-of-performance-composition-and-music-theory-studies\/teachers\/","og_locale":"en_US","og_type":"article","og_title":"Teachers - Universitatea Na\u021bional\u0103 de Arte &quot;George Enescu&quot; Ia\u0219i","og_url":"https:\/\/www.arteiasi.ro\/en\/faculty-of-performance-composition-and-music-theory-studies\/teachers\/","og_site_name":"Universitatea Na\u021bional\u0103 de Arte &quot;George Enescu&quot; Ia\u0219i","article_modified_time":"2023-03-27T12:09:14+00:00","og_image":[{"url":"https:\/\/www.arteiasi.ro\/wp-content\/uploads\/2022\/01\/muzica-profesori-1-1.jpg","type":"","width":"","height":""}],"twitter_card":"summary_large_image","schema":{"@context":"https:\/\/schema.org","@graph":[{"@type":"WebPage","@id":"https:\/\/www.arteiasi.ro\/en\/faculty-of-performance-composition-and-music-theory-studies\/teachers\/","url":"https:\/\/www.arteiasi.ro\/en\/faculty-of-performance-composition-and-music-theory-studies\/teachers\/","name":"Teachers - Universitatea Na\u021bional\u0103 de Arte &quot;George Enescu&quot; Ia\u0219i","isPartOf":{"@id":"https:\/\/www.arteiasi.ro\/en\/#website"},"primaryImageOfPage":{"@id":"https:\/\/www.arteiasi.ro\/en\/faculty-of-performance-composition-and-music-theory-studies\/teachers\/#primaryimage"},"image":{"@id":"https:\/\/www.arteiasi.ro\/en\/faculty-of-performance-composition-and-music-theory-studies\/teachers\/#primaryimage"},"thumbnailUrl":"https:\/\/www.arteiasi.ro\/wp-content\/uploads\/2022\/01\/muzica-profesori-1-1.jpg","datePublished":"2022-02-09T12:22:30+00:00","dateModified":"2023-03-27T12:09:14+00:00","breadcrumb":{"@id":"https:\/\/www.arteiasi.ro\/en\/faculty-of-performance-composition-and-music-theory-studies\/teachers\/#breadcrumb"},"inLanguage":"en-US","potentialAction":[{"@type":"ReadAction","target":["https:\/\/www.arteiasi.ro\/en\/faculty-of-performance-composition-and-music-theory-studies\/teachers\/"]}]},{"@type":"ImageObject","inLanguage":"en-US","@id":"https:\/\/www.arteiasi.ro\/en\/faculty-of-performance-composition-and-music-theory-studies\/teachers\/#primaryimage","url":"https:\/\/www.arteiasi.ro\/wp-content\/uploads\/2022\/01\/muzica-profesori-1-1.jpg","contentUrl":"https:\/\/www.arteiasi.ro\/wp-content\/uploads\/2022\/01\/muzica-profesori-1-1.jpg"},{"@type":"BreadcrumbList","@id":"https:\/\/www.arteiasi.ro\/en\/faculty-of-performance-composition-and-music-theory-studies\/teachers\/#breadcrumb","itemListElement":[{"@type":"ListItem","position":1,"name":"Home","item":"https:\/\/www.arteiasi.ro\/en\/"},{"@type":"ListItem","position":2,"name":"Faculty of Interpretation, Composition and Theoretical Music Studies","item":"https:\/\/www.arteiasi.ro\/en\/faculty-of-performance-composition-and-music-theory-studies\/"},{"@type":"ListItem","position":3,"name":"Teachers"}]},{"@type":"WebSite","@id":"https:\/\/www.arteiasi.ro\/en\/#website","url":"https:\/\/www.arteiasi.ro\/en\/","name":"Universitatea Na\u021bional\u0103 de Arte &quot;George Enescu&quot; Ia\u0219i","description":"","potentialAction":[{"@type":"SearchAction","target":{"@type":"EntryPoint","urlTemplate":"https:\/\/www.arteiasi.ro\/en\/?s={search_term_string}"},"query-input":{"@type":"PropertyValueSpecification","valueRequired":true,"valueName":"search_term_string"}}],"inLanguage":"en-US"}]}},"_links":{"self":[{"href":"https:\/\/www.arteiasi.ro\/en\/wp-json\/wp\/v2\/pages\/7946","targetHints":{"allow":["GET"]}}],"collection":[{"href":"https:\/\/www.arteiasi.ro\/en\/wp-json\/wp\/v2\/pages"}],"about":[{"href":"https:\/\/www.arteiasi.ro\/en\/wp-json\/wp\/v2\/types\/page"}],"author":[{"embeddable":true,"href":"https:\/\/www.arteiasi.ro\/en\/wp-json\/wp\/v2\/users\/2"}],"replies":[{"embeddable":true,"href":"https:\/\/www.arteiasi.ro\/en\/wp-json\/wp\/v2\/comments?post=7946"}],"version-history":[{"count":2,"href":"https:\/\/www.arteiasi.ro\/en\/wp-json\/wp\/v2\/pages\/7946\/revisions"}],"predecessor-version":[{"id":11331,"href":"https:\/\/www.arteiasi.ro\/en\/wp-json\/wp\/v2\/pages\/7946\/revisions\/11331"}],"up":[{"embeddable":true,"href":"https:\/\/www.arteiasi.ro\/en\/wp-json\/wp\/v2\/pages\/7942"}],"wp:attachment":[{"href":"https:\/\/www.arteiasi.ro\/en\/wp-json\/wp\/v2\/media?parent=7946"}],"curies":[{"name":"wp","href":"https:\/\/api.w.org\/{rel}","templated":true}]}}