{"id":57,"date":"2018-02-09T08:45:46","date_gmt":"2018-02-09T08:45:46","guid":{"rendered":"http:\/\/www.arteiasi.ro\/cear\/?page_id=57"},"modified":"2018-02-09T12:54:26","modified_gmt":"2018-02-09T12:54:26","slug":"cercetare-artistica","status":"publish","type":"page","link":"https:\/\/www.arteiasi.ro\/cear\/cercetare-artistica\/","title":{"rendered":"Cercetare Artistic\u0103"},"content":{"rendered":"<h1>2016<\/h1>\n<h2>La vedere: Via\u021ba social\u0103 \u00een fotografia contemporan\u0103 din Rom\u00e2nia \u0219i Africa de Sud dup\u0103 1989<\/h2>\n<p><strong>Arti\u0219ti:<\/strong>\u00a0Omar Badsha (SA), Matei Bejenaru (RO), Tanisha Bhana (SA), Reshma Chhiba (SA), Claudiu Cobilanschi (RO), Paul Emmanuel (SA), Lebohang Kganye (SA), Iosif Kiraly (RO), Andrei Nacu (RO), Cedric Nunn (SA), Dumitru Oboroc (RO)<\/p>\n<p><strong>Curatori:<\/strong>\u00a0Cristian Nae (RO) si Judy Peter (SA)<\/p>\n<p><strong>11. 2016 \u2013 14. 12. 2016<\/strong><\/p>\n<p><strong>Galeria apARTe<\/strong><strong><br \/>\n<\/strong>Facultatea de Arte Vizuale \u0219i Design, Universitatea Na\u021bional\u0103 de Arte \u201eGeorge Enescu\u201d din Ia\u0219i<\/p>\n<p>Expozi\u021bia de fa\u021b\u0103 prezint\u0103 pentru prima dat\u0103 \u00een Rom\u00e2nia o selec\u021bie de fotografie contemporan\u0103 din Africa de Sud, aflat\u0103 \u00een dialog cu arti\u0219ti rom\u00e2ni care utilizeaz\u0103 mediul fotografic pentru a investiga micro-procese \u0219i transform\u0103ri sociale recente. Arti\u0219tii selecta\u021bi exploreaz\u0103 capacitatea mediului fotografic de a captura \u0219i reproduce viziuni comune asupra vie\u021bii cotidiene \u0219i de a transforma modalit\u0103\u021bile uzuale de a privi aceste imagini, eliber\u00e2nd astfel poten\u021bialul lor politic. \u00cen vreme ce arti\u0219tii Sud-Africani abordeaz\u0103 critic probleme privind identitatea rasial\u0103, etnic\u0103, de clas\u0103 sau de gen, construind micro-cartografii ale deposed\u0103rii de drepturi civice \u0219i privilegii economice, arti\u0219tii rom\u00e2ni sunt implica\u021bi \u00eentr-o manier\u0103 mai poetic\u0103 \u00een explorarea unor falii \u0219i fracturi ale memoriei colective, marginaliz\u0103rii sociale \u0219i a economiilor precare. Cu toate acestea, lucr\u0103rile artistice selectate \u00een aceast\u0103 expozi\u021bie relev\u0103, fiecare \u00een felul s\u0103u, un anumit \u201dincon\u0219tient optic\u201d \u00een accep\u021biunea oferit\u0103 de Walter Benjamin acestei sintagme, focaliz\u00e2ndu-se asupra a ceea ce este prea aproape de privirea noastr\u0103 pentru a putea fi perceput cum se cuvine. Ele supun de asemenea discu\u021biei diferitele politici ale memoriei \u0219i reprezent\u0103rii con\u021binute implicit \u00een temporalitatea expandat\u0103 a acestor imagini.<\/p>\n<p>Acest exerci\u021biu de compara\u021bie trans-regional\u0103 este menit s\u0103 contracareze construc\u021bia etnografic\u0103 a subiectivit\u0103\u021bii implicat\u0103 \u00een anumite procese de panoramare trans-cultural\u0103. Ele expun linii de fractur\u0103, expun diferen\u021be, se hr\u0103nesc din contradic\u021bii \u0219i devoaleaz\u0103 antagonisme sociale. Procesul curatorial colectiv asum\u0103 de asemenea un interes marcat pentru cartografia critic\u0103 \u0219i pentru istoria artei \u201dorizontale\u201d, provoc\u00e2nd distinc\u021bia dintre centru \u0219i periferie din perspectiva unei \u201dperiferii dense\u201d, un al treilea spa\u021biu discursiv ce permite imaginarea unor modernit\u0103\u021bi plurale \u0219i emergen\u021ba unor noi practici decoloniale.<\/p>\n<figure id=\"attachment_100\" aria-describedby=\"caption-attachment-100\" style=\"width: 2048px\" class=\"wp-caption aligncenter\"><img loading=\"lazy\" decoding=\"async\" class=\"wp-image-100 size-full\" src=\"http:\/\/www.arteiasi.ro\/cear\/wp-content\/uploads\/2018\/02\/Cercetare-artistica_la-vedere_imagine-2.jpg\" alt=\"La vedere: Via\u021ba social\u0103 \u00een fotografia contemporan\u0103 din Rom\u00e2nia \u0219i Africa de Sud dup\u0103 1989\" width=\"2048\" height=\"1150\" srcset=\"https:\/\/www.arteiasi.ro\/cear\/wp-content\/uploads\/2018\/02\/Cercetare-artistica_la-vedere_imagine-2.jpg 2048w, https:\/\/www.arteiasi.ro\/cear\/wp-content\/uploads\/2018\/02\/Cercetare-artistica_la-vedere_imagine-2-300x168.jpg 300w, https:\/\/www.arteiasi.ro\/cear\/wp-content\/uploads\/2018\/02\/Cercetare-artistica_la-vedere_imagine-2-768x431.jpg 768w, https:\/\/www.arteiasi.ro\/cear\/wp-content\/uploads\/2018\/02\/Cercetare-artistica_la-vedere_imagine-2-1024x575.jpg 1024w\" sizes=\"auto, (max-width: 767px) 89vw, (max-width: 1000px) 54vw, (max-width: 1071px) 543px, 580px\" \/><figcaption id=\"caption-attachment-100\" class=\"wp-caption-text\">La vedere: Via\u021ba social\u0103 \u00een fotografia contemporan\u0103 din Rom\u00e2nia \u0219i Africa de Sud dup\u0103 1989<\/figcaption><\/figure>\n<p><img loading=\"lazy\" decoding=\"async\" class=\"aligncenter wp-image-30 size-full\" src=\"http:\/\/www.arteiasi.ro\/cear\/wp-content\/uploads\/2018\/02\/Cercetare-artistica_2016_la-vedere-3.jpg\" alt=\"La vedere: Via\u021ba social\u0103 \u00een fotografia contemporan\u0103 din Rom\u00e2nia \u0219i Africa de Sud dup\u0103 1989\" width=\"2048\" height=\"1150\" srcset=\"https:\/\/www.arteiasi.ro\/cear\/wp-content\/uploads\/2018\/02\/Cercetare-artistica_2016_la-vedere-3.jpg 2048w, https:\/\/www.arteiasi.ro\/cear\/wp-content\/uploads\/2018\/02\/Cercetare-artistica_2016_la-vedere-3-300x168.jpg 300w, https:\/\/www.arteiasi.ro\/cear\/wp-content\/uploads\/2018\/02\/Cercetare-artistica_2016_la-vedere-3-768x431.jpg 768w, https:\/\/www.arteiasi.ro\/cear\/wp-content\/uploads\/2018\/02\/Cercetare-artistica_2016_la-vedere-3-1024x575.jpg 1024w\" sizes=\"auto, (max-width: 767px) 89vw, (max-width: 1000px) 54vw, (max-width: 1071px) 543px, 580px\" \/><\/p>\n<p>Expozi\u021bie realizat\u0103 \u00een parteneriat cu Centrul de Fotografie Contemporan\u0103 din Ia\u0219i \u0219i Universitatea din Johannesburg \u0219i finan\u021bat\u0103 prin intermediul Fondului National de Cercetare din Africa de Sud.<\/p>\n<p>&nbsp;<\/p>\n<hr \/>\n<h1>2017<\/h1>\n<h2>Na(ra)\u021biuni. Retoric\u0103 \u0219i fic\u021biune.<\/h2>\n<p>Sear\u0103 de proiec\u021bii \u00een cadrul proiectului <em>Spa\u021biu expandat #7<\/em> organizat de Asocia\u021bia Volumart, Bucure\u0219ti<\/p>\n<p><strong>Joi, 9 noiembrie, ora 17<\/strong><\/p>\n<p><strong>Galeria <\/strong><strong>apARTe<\/strong>, Universitatea Na\u021bional\u0103 de Arte George Enescu din Ia\u0219i<\/p>\n<p><strong>Filme de:<\/strong> Dan Acostioaei (RO), Irina Botea (RO), Larisa David (RO), Igor Grubi\u0107 (HR), Hans van Houwelingen (NL), Matej Kaminsky (SK), Public Pedestal (SK), Veda Popovici (RO)<\/p>\n<p><strong>Curator:<\/strong> Cristian Nae<\/p>\n<p>Proiec\u021bia de filme va fi urmat\u0103 de o discu\u021bie cu Dan Acostioaei, Judit Balko, Lavinia German \u0219i C\u0103t\u0103lin Gheorghe, moderat\u0103 de Cristian Nae<\/p>\n<p>Programul curatorial al edi\u021biei a \u0219aptea a Spa\u021biului Expandat, intitulat\u0103 \u201cCool monuments \u2013hot heads\u201d, se completeaz\u0103 cu o sear\u0103 de proiec\u021bii \u0219i discu\u021bii pe tema <em>Na(ra)\u021biuni. Retoric\u0103 \u0219i fic\u021biune<\/em>. In conjunc\u021bie cu proliferarea na\u021bionalismului \u0219i a sentimentului religios \u00een societatea rom\u00e2neasc\u0103 actual\u0103, filmele propuse de Cristian Nae vin s\u0103 \u00eentregeas\u0103 \u0219i s\u0103 nuan\u021beze problematicile complexe ce \u00eenconjoar\u0103 concepte precum monumentalizare, memorializare, memorie colectiv\u0103, micro-istorie, utopie, identitate na\u021bional\u0103, spa\u021biu public \u0219i comunitate, problematici care au fost abordate din perspective diferite\u00a0 \u00een cadrul conferin\u021bei \u201cCounter-monumentality: re-imagining critical intervention\u201d organizat\u0103 la Institutul Cultural Maghiar din Bucure\u0219ti \u0219i a interven\u021biilor artistice realizate \u00een cadrul proiectului.<\/p>\n<hr \/>\n<h2><em>M\u0103sur\u00e2nd modernitatea \u2013 <\/em>Prezentare de artist \u0219i atelier de desen cu Jeannette Unite (Cape Town, Africa de Sud)<\/h2>\n<p><strong>8 Noiembrie 2017<\/strong><\/p>\n<p>Artista vizual\u0103 Jeannette Unite, invitat\u0103 \u00een cadrul proiectului <em>M\u0103sur\u00e2nd modernitatea<\/em>, finan\u021bat de AFCN \u0219i produs de Borderline Art Space din Ia\u0219i, a sus\u021binut o prezentare a practicii sale artistice \u0219i a realizat un atelier de desen cu studen\u021bii sec\u021biilor pictur\u0103, art\u0103 mural\u0103 \u0219i istoria \u0219i teoria artei.<\/p>\n<figure id=\"attachment_102\" aria-describedby=\"caption-attachment-102\" style=\"width: 420px\" class=\"wp-caption alignnone\"><img loading=\"lazy\" decoding=\"async\" class=\"size-full wp-image-102\" src=\"http:\/\/www.arteiasi.ro\/cear\/wp-content\/uploads\/2018\/02\/jeanette-workshop.jpg\" alt=\"M\u0103sur\u00e2nd modernitatea \u2013 Prezentare de artist \u0219i atelier de desen cu Jeannette Unite (Cape Town, Africa de Sud)\" width=\"420\" height=\"280\" srcset=\"https:\/\/www.arteiasi.ro\/cear\/wp-content\/uploads\/2018\/02\/jeanette-workshop.jpg 420w, https:\/\/www.arteiasi.ro\/cear\/wp-content\/uploads\/2018\/02\/jeanette-workshop-300x200.jpg 300w\" sizes=\"auto, (max-width: 420px) 100vw, 420px\" \/><figcaption id=\"caption-attachment-102\" class=\"wp-caption-text\">M\u0103sur\u00e2nd modernitatea \u2013 Prezentare de artist \u0219i atelier de desen cu Jeannette Unite (Cape Town, Africa de Sud)<\/figcaption><\/figure>\n","protected":false},"excerpt":{"rendered":"<p>2016 La vedere: Via\u021ba social\u0103 \u00een fotografia contemporan\u0103 din Rom\u00e2nia \u0219i Africa de Sud dup\u0103 1989 Arti\u0219ti:\u00a0Omar Badsha (SA), Matei Bejenaru (RO), Tanisha Bhana (SA), Reshma Chhiba (SA), Claudiu Cobilanschi (RO), Paul Emmanuel (SA), Lebohang Kganye (SA), Iosif Kiraly (RO), Andrei Nacu (RO), Cedric Nunn (SA), Dumitru Oboroc (RO) Curatori:\u00a0Cristian Nae (RO) si Judy Peter &hellip; <\/p>\n<p class=\"link-more\"><a href=\"https:\/\/www.arteiasi.ro\/cear\/cercetare-artistica\/\" class=\"more-link\">Continue reading<span class=\"screen-reader-text\"> &#8220;Cercetare Artistic\u0103&#8221;<\/span><\/a><\/p>\n","protected":false},"author":3,"featured_media":0,"parent":0,"menu_order":0,"comment_status":"closed","ping_status":"closed","template":"","meta":{"footnotes":""},"class_list":["post-57","page","type-page","status-publish","hentry"],"_links":{"self":[{"href":"https:\/\/www.arteiasi.ro\/cear\/wp-json\/wp\/v2\/pages\/57","targetHints":{"allow":["GET"]}}],"collection":[{"href":"https:\/\/www.arteiasi.ro\/cear\/wp-json\/wp\/v2\/pages"}],"about":[{"href":"https:\/\/www.arteiasi.ro\/cear\/wp-json\/wp\/v2\/types\/page"}],"author":[{"embeddable":true,"href":"https:\/\/www.arteiasi.ro\/cear\/wp-json\/wp\/v2\/users\/3"}],"replies":[{"embeddable":true,"href":"https:\/\/www.arteiasi.ro\/cear\/wp-json\/wp\/v2\/comments?post=57"}],"version-history":[{"count":5,"href":"https:\/\/www.arteiasi.ro\/cear\/wp-json\/wp\/v2\/pages\/57\/revisions"}],"predecessor-version":[{"id":103,"href":"https:\/\/www.arteiasi.ro\/cear\/wp-json\/wp\/v2\/pages\/57\/revisions\/103"}],"wp:attachment":[{"href":"https:\/\/www.arteiasi.ro\/cear\/wp-json\/wp\/v2\/media?parent=57"}],"curies":[{"name":"wp","href":"https:\/\/api.w.org\/{rel}","templated":true}]}}