{"id":55,"date":"2018-02-09T08:45:36","date_gmt":"2018-02-09T08:45:36","guid":{"rendered":"http:\/\/www.arteiasi.ro\/cear\/?page_id=55"},"modified":"2018-02-10T08:51:38","modified_gmt":"2018-02-10T08:51:38","slug":"cercetare-teoretica","status":"publish","type":"page","link":"https:\/\/www.arteiasi.ro\/cear\/cercetare-teoretica\/","title":{"rendered":"Cercetare Teoretic\u0103"},"content":{"rendered":"<h1>STUDII EXPOZI\u021aIONALE \u0218I MUZEALE<\/h1>\n<h1>2014 &#8211; 2016<\/h1>\n<h2>SIMAP<\/h2>\n<p>Proiect finan\u021bat de UEFISCDI prin programul Parteneriate &#8211; Proiecte Colaborative de Cercetare Aplicativa. (PN- II- PT- PCCA-2013-4-2158)<\/p>\n<p>Proiectul \u201eSistem inovativ de mediere artistic\u0103 interactiv\u0103 destinat valorific\u0103rii patrimoniului de art\u0103 al muzeelor din Rom\u00e2nia\u201d (SIMAP) reprezint\u0103 un demers de cercetare colaborativ\u0103 aplicativ\u0103 care propune o nou\u0103 abordare privind patrimonializarea.<\/p>\n<p>SIMAP realizeaz\u0103 un consor\u021biu de cercetare prin colaborarea \u00eentre diferite entit\u0103\u021bi de cercetare-dezvoltare \u0219i inovare (Universitatea de Arte \u201eGeorge Enescu\u201d din Ia\u0219i, Institutul de Chimie Macromolecular\u0103 \u201ePetru Poni\u201d din Ia\u0219i, Complexul Muzeal Na\u021bional \u201eMoldova\u201d &#8211; CMNM) \u0219i agen\u021bi economici (Romsoft SRL)<em>,<\/em>\u00a0integr\u00e2nd cercet\u0103ri din domeniul fizicii, chimiei, istoriei artei, pedagogiei educa\u021biei, marketingului cultural \u0219i tehnologiei informa\u021biei care nu pot fi realizate de o singur\u0103 institu\u021bie de cercetare. Centrul de Cercetare Estetic\u0103 \u0219i Crea\u021bie Artistic\u0103 din cadrul Universit\u0103\u021bii a fost coordonatorul acestui proiect, integr\u00e2nd \u00een echipa coordonat\u0103 de lector univ. dr. L\u0103cr\u0103mioara Stratulat \u0219i al\u021bi membri ai centrului.<\/p>\n<p>Obiectivul principal al proiectului a constat \u00een construirea unui sistem inovativ de mediere artistic\u0103 interactiv\u0103 destinat valorific\u0103rii patrimoniului de art\u0103 al muzeelor din Rom\u00e2nia.<\/p>\n<p><strong>Obiective specifice propuse spre rezolvare au fost:<\/strong><\/p>\n<ul>\n<li>Livrarea unui set de noi informa\u021bii despre compozi\u021bia fizico-chimic\u0103 a fiec\u0103rei opere reprezentative din patrimoniul CMNM \u00een vederea constituirii unei baze de date, parte component\u0103 a sistemului informatizat de mediere \u0219i educare artistic\u0103;<\/li>\n<li>Actualizarea informa\u021biilor existente despre e\u0219antionul de opere cercetate \u0219i construirea unei noi perspective de mediere creativ\u0103 a operelor de art\u0103<\/li>\n<li>Dezvoltarea unui sistem informatizat de mediere \u0219i educare artistic\u0103, adaptate noilor forme de consum cultural<\/li>\n<li>Optimizarea sistemului informatizat de mediere \u0219i educare artistic\u0103, conform comportamentului consumatorilor de art\u0103 din Rom\u00e2nia<\/li>\n<li>Promovarea \u0219i diseminarea rezultatelor cercet\u0103rii.<\/li>\n<\/ul>\n<figure id=\"attachment_97\" aria-describedby=\"caption-attachment-97\" style=\"width: 1500px\" class=\"wp-caption aligncenter\"><img loading=\"lazy\" decoding=\"async\" class=\"size-full wp-image-97\" src=\"http:\/\/www.arteiasi.ro\/cear\/wp-content\/uploads\/2018\/02\/image091.jpg\" alt=\"\u201eSistem inovativ de mediere artistic\u0103 interactiv\u0103 destinat valorific\u0103rii patrimoniului de art\u0103 al muzeelor din Rom\u00e2nia\u201d (SIMAP)\" width=\"1500\" height=\"1031\" srcset=\"https:\/\/www.arteiasi.ro\/cear\/wp-content\/uploads\/2018\/02\/image091.jpg 1500w, https:\/\/www.arteiasi.ro\/cear\/wp-content\/uploads\/2018\/02\/image091-300x206.jpg 300w, https:\/\/www.arteiasi.ro\/cear\/wp-content\/uploads\/2018\/02\/image091-768x528.jpg 768w, https:\/\/www.arteiasi.ro\/cear\/wp-content\/uploads\/2018\/02\/image091-1024x704.jpg 1024w\" sizes=\"auto, (max-width: 767px) 89vw, (max-width: 1000px) 54vw, (max-width: 1071px) 543px, 580px\" \/><figcaption id=\"caption-attachment-97\" class=\"wp-caption-text\">\u201eSistem inovativ de mediere artistic\u0103 interactiv\u0103 destinat valorific\u0103rii patrimoniului de art\u0103 al muzeelor din Rom\u00e2nia\u201d (SIMAP)<\/figcaption><\/figure>\n<p>Mai multe detalii despre proiect se pot ob\u021bine acces\u00e2nd adresa: <a href=\"http:\/\/arteiasi.ro\/simap\/index.html\" target=\"_blank\" rel=\"noopener\">http:\/\/arteiasi.ro\/simap\/index.html<\/a><\/p>\n<hr \/>\n<h1>2016<\/h1>\n<h2>Conferin\u021ba <em>Practicile expozi\u021bionale \u00een Rom\u00e2nia \u00een perioada 1968-1989<\/em><\/h2>\n<p>CEAR a fost partener \u00een organizarea conferin\u021bei na\u021bionale <em>Practicile expozi\u021bionale \u00een Rom\u00e2nia \u00een perioada 1968-1989<\/em> \u00een cadrul proiectului de cercetare tip Tinere Echipe cu tema: \u201dPluralizarea sferei publice. Expozi\u021biile de art\u0103 din Rom\u00e2nia \u00een perioada 1968-1989\u201d, finan\u021bat de CNCS-UEFISCDI \u0219i g\u0103zduit de Colegiul Noua Europ\u0103 din Bucure\u0219ti.<\/p>\n<hr \/>\n<h1>CARTOGRAFII CRITICE<\/h1>\n<p><strong>CONTEMPORANEIT\u0102\u021aI MULTIPLE<\/strong><\/p>\n<p>Programul de cercetare asupra multiplelor contemporaneit\u0103\u021bi este un proiect pe termen lung aflat la intersec\u021bia dintre istoria artei, teoria critic\u0103 \u0219i geografia cultural\u0103. Programul analizeaz\u0103 coexisten\u021ba \u0219i suprapunerea discursurilor, practicilor \u0219i politicilor culturale \u0219i materiale \u00een diverse regiuni geografice, precum \u0219i conexiunile, interac\u021biunea, schimburile \u0219i interferen\u021bele dintre acestea la nivelul practicii artistice \u0219i a culturii vizuale.<\/p>\n<h1>2010 &#8211; 2012<\/h1>\n<h2>Politici ale identit\u0103\u021bii \u00een arta din Estul Europei dup\u0103 1989<\/h2>\n<p>Proiectul de cercetare \u0219i predare c\u00e2\u0219tigat de conf. univ. dr. Cristian Nae a fost finan\u021bat de funda\u021bia ERSTE prin intermediul programului <em>PATTERNS LECTURES_Researching and Understanding Recent Cultural History<\/em>.<\/p>\n<p>\u00cen cadrul proiectului au sus\u021binut prelegeri urm\u0103torii profesori invita\u021bi: Edit Andras (cercet\u0103tor senior, Institutul de Istoria Artei al Academiei Ungare de \u0218tiin\u021be, Budapesta), Marius Babias (director, Neue Berliner Kusntverein), Zdenka Badovinac (director, Muzeul de Art\u0103 Modern\u0103 din Ljubljana), Zoran Eric (curator, Muzeul de Art\u0103 Contemporan\u0103 din Belgrad), Marina Grznic (profesor, Universitatea de Arte Plastice din Viena), Katalin Timar (curator, Muzeul de Art\u0103 Contemporan\u0103 Ludwig din Budpaesta) \u0219i Raluca Voinea (director, Tranzit.ro\/Bucure\u0219ti).<\/p>\n<figure id=\"attachment_87\" aria-describedby=\"caption-attachment-87\" style=\"width: 960px\" class=\"wp-caption aligncenter\"><img loading=\"lazy\" decoding=\"async\" class=\"wp-image-87 size-full\" src=\"http:\/\/www.arteiasi.ro\/cear\/wp-content\/uploads\/2018\/02\/patterns-1_Babias.jpg\" alt=\"PATTERNS LECTURES_Researching and Understanding Recent Cultural History. - Babias\" width=\"960\" height=\"720\" srcset=\"https:\/\/www.arteiasi.ro\/cear\/wp-content\/uploads\/2018\/02\/patterns-1_Babias.jpg 960w, https:\/\/www.arteiasi.ro\/cear\/wp-content\/uploads\/2018\/02\/patterns-1_Babias-300x225.jpg 300w, https:\/\/www.arteiasi.ro\/cear\/wp-content\/uploads\/2018\/02\/patterns-1_Babias-768x576.jpg 768w\" sizes=\"auto, (max-width: 767px) 89vw, (max-width: 1000px) 54vw, (max-width: 1071px) 543px, 580px\" \/><figcaption id=\"caption-attachment-87\" class=\"wp-caption-text\">Marius Babias (director, Neue Berliner Kusntverein)<\/figcaption><\/figure>\n<figure id=\"attachment_88\" aria-describedby=\"caption-attachment-88\" style=\"width: 960px\" class=\"wp-caption aligncenter\"><img loading=\"lazy\" decoding=\"async\" class=\"wp-image-88 size-full\" src=\"http:\/\/www.arteiasi.ro\/cear\/wp-content\/uploads\/2018\/02\/patterns-2_grzinic.jpg\" alt=\"PATTERNS LECTURES_Researching and Understanding Recent Cultural History - Grzinic\" width=\"960\" height=\"640\" srcset=\"https:\/\/www.arteiasi.ro\/cear\/wp-content\/uploads\/2018\/02\/patterns-2_grzinic.jpg 960w, https:\/\/www.arteiasi.ro\/cear\/wp-content\/uploads\/2018\/02\/patterns-2_grzinic-300x200.jpg 300w, https:\/\/www.arteiasi.ro\/cear\/wp-content\/uploads\/2018\/02\/patterns-2_grzinic-768x512.jpg 768w\" sizes=\"auto, (max-width: 767px) 89vw, (max-width: 1000px) 54vw, (max-width: 1071px) 543px, 580px\" \/><figcaption id=\"caption-attachment-88\" class=\"wp-caption-text\">Marina Grznic (profesor, Universitatea de Arte Plastice din Viena)<\/figcaption><\/figure>\n<figure id=\"attachment_89\" aria-describedby=\"caption-attachment-89\" style=\"width: 960px\" class=\"wp-caption aligncenter\"><img loading=\"lazy\" decoding=\"async\" class=\"wp-image-89 size-full\" src=\"http:\/\/www.arteiasi.ro\/cear\/wp-content\/uploads\/2018\/02\/patterns-4-andras-1.jpg\" alt=\"PATTERNS LECTURES_Researching and Understanding Recent Cultural History - Andras\" width=\"960\" height=\"640\" srcset=\"https:\/\/www.arteiasi.ro\/cear\/wp-content\/uploads\/2018\/02\/patterns-4-andras-1.jpg 960w, https:\/\/www.arteiasi.ro\/cear\/wp-content\/uploads\/2018\/02\/patterns-4-andras-1-300x200.jpg 300w, https:\/\/www.arteiasi.ro\/cear\/wp-content\/uploads\/2018\/02\/patterns-4-andras-1-768x512.jpg 768w\" sizes=\"auto, (max-width: 767px) 89vw, (max-width: 1000px) 54vw, (max-width: 1071px) 543px, 580px\" \/><figcaption id=\"caption-attachment-89\" class=\"wp-caption-text\">Edit Andras (cercet\u0103tor senior, Institutul de Istoria Artei al Academiei Ungare de \u0218tiin\u021be, Budapesta)<\/figcaption><\/figure>\n<figure id=\"attachment_90\" aria-describedby=\"caption-attachment-90\" style=\"width: 960px\" class=\"wp-caption aligncenter\"><img loading=\"lazy\" decoding=\"async\" class=\"wp-image-90 size-full\" src=\"http:\/\/www.arteiasi.ro\/cear\/wp-content\/uploads\/2018\/02\/patterns_2-Badovinac.jpg\" alt=\"PATTERNS LECTURES_Researching and Understanding Recent Cultural History - Badovinac\" width=\"960\" height=\"720\" srcset=\"https:\/\/www.arteiasi.ro\/cear\/wp-content\/uploads\/2018\/02\/patterns_2-Badovinac.jpg 960w, https:\/\/www.arteiasi.ro\/cear\/wp-content\/uploads\/2018\/02\/patterns_2-Badovinac-300x225.jpg 300w, https:\/\/www.arteiasi.ro\/cear\/wp-content\/uploads\/2018\/02\/patterns_2-Badovinac-768x576.jpg 768w\" sizes=\"auto, (max-width: 767px) 89vw, (max-width: 1000px) 54vw, (max-width: 1071px) 543px, 580px\" \/><figcaption id=\"caption-attachment-90\" class=\"wp-caption-text\">Zdenka Badovinac (director, Muzeul de Art\u0103 Modern\u0103 din Ljubljana)<\/figcaption><\/figure>\n<p>Detalii despre proiect se pot g\u0103si la urm\u0103toarea adres\u0103: <a href=\"http:\/\/patterns-lectures.erstestiftung.net\/20102011-2\/selected-courses\/\" target=\"_blank\" rel=\"noopener\">http:\/\/patterns-lectures.erstestiftung.net<\/a><\/p>\n<hr \/>\n<h1>2014 &#8211; 2016<\/h1>\n<h2>\u00centre democra\u021bii 1989-2014: Reamintiri, relat\u0103ri \u0219i re-imagin\u0103ri ale trecutului \u00een Estul \u0219i Centrul Europei \u0219i \u00een Africa de Sud<\/h2>\n<p>Proiectul <em>\u00centre democra\u021bii:<\/em> <em>\u00centre democra\u021bii 1989-2014: Reamintiri, relat\u0103ri \u0219i re-imagin\u0103ri ale trecutului \u00een Estul \u0219i Centrul Europei \u0219i \u00een Africa de Sud <\/em>a fost rezultatul colabor\u0103rii dintre Universitatea Na\u021bional\u0103 de Arte George Enescu din Ia\u0219i \u0219i Universitatea din Johannesburg, ini\u021biat\u0103 de Cristian Nae \u0219i Judy Peter, la care s-a ad\u0103ugat Kunsthalle Bratislava. Miza central\u0103 a acestui proiect a fost stabilirea unor puncte de contact pentru analiza comparat\u0103 a politicilor memoriei \u0219i identit\u0103\u021bii \u00een arta contemporan\u0103 din spa\u021biul Europei Centrale \u0219i de Est, impregnat\u0103 de discursul post-socialist \u0219i de analiza transform\u0103rilor sociale \u0219i economice petrecute \u00een urma c\u0103derii Cortinei de Fier, respectiv arta vizual\u0103 produs\u0103 \u00een t\u00e2n\u0103ra na\u021biune Africa de Sud, marcat\u0103 de politicile rasiste ale apartheidului.<\/p>\n<p>\u00cen cadrul proiectului a avut loc o conferin\u021b\u0103 interna\u021bional\u0103 organizat\u0103 la Universitatea din Johannesburg (2015) \u0219i dou\u0103 proiecte expozi\u021bionale realizate la Galeria Aparte din Ia\u0219i (2016) \u0219i la Constitution Hill din Johannesburg (2015).<\/p>\n<p>De asemenea, membrii echipei de cercetare (Cristian Nae, Judy Peter, Richard Gregor \u0219i Karen von Veh) au beneficiat de o scurt\u0103 reziden\u021b\u0103 de cercetare la The Clark Art Institute din Williamstown, SUA (Ianuarie 2016).<\/p>\n<figure id=\"attachment_94\" aria-describedby=\"caption-attachment-94\" style=\"width: 2048px\" class=\"wp-caption aligncenter\"><img loading=\"lazy\" decoding=\"async\" class=\"wp-image-94 size-full\" src=\"http:\/\/www.arteiasi.ro\/cear\/wp-content\/uploads\/2018\/02\/Cercetare-teoretica_Between-Democracies_img.-expo-johannesburg.jpg\" alt=\"\" width=\"2048\" height=\"1296\" srcset=\"https:\/\/www.arteiasi.ro\/cear\/wp-content\/uploads\/2018\/02\/Cercetare-teoretica_Between-Democracies_img.-expo-johannesburg.jpg 2048w, https:\/\/www.arteiasi.ro\/cear\/wp-content\/uploads\/2018\/02\/Cercetare-teoretica_Between-Democracies_img.-expo-johannesburg-300x190.jpg 300w, https:\/\/www.arteiasi.ro\/cear\/wp-content\/uploads\/2018\/02\/Cercetare-teoretica_Between-Democracies_img.-expo-johannesburg-768x486.jpg 768w, https:\/\/www.arteiasi.ro\/cear\/wp-content\/uploads\/2018\/02\/Cercetare-teoretica_Between-Democracies_img.-expo-johannesburg-1024x648.jpg 1024w\" sizes=\"auto, (max-width: 767px) 89vw, (max-width: 1000px) 54vw, (max-width: 1071px) 543px, 580px\" \/><figcaption id=\"caption-attachment-94\" class=\"wp-caption-text\">\u00centre democra\u021bii 1989-2014: Reamintiri, relat\u0103ri \u0219i re-imagin\u0103ri ale trecutului \u00een Estul \u0219i Centrul Europei \u0219i \u00een Africa de Sud<\/figcaption><\/figure>\n","protected":false},"excerpt":{"rendered":"<p>STUDII EXPOZI\u021aIONALE \u0218I MUZEALE 2014 &#8211; 2016 SIMAP Proiect finan\u021bat de UEFISCDI prin programul Parteneriate &#8211; Proiecte Colaborative de Cercetare Aplicativa. (PN- II- PT- PCCA-2013-4-2158) Proiectul \u201eSistem inovativ de mediere artistic\u0103 interactiv\u0103 destinat valorific\u0103rii patrimoniului de art\u0103 al muzeelor din Rom\u00e2nia\u201d (SIMAP) reprezint\u0103 un demers de cercetare colaborativ\u0103 aplicativ\u0103 care propune o nou\u0103 abordare privind &hellip; <\/p>\n<p class=\"link-more\"><a href=\"https:\/\/www.arteiasi.ro\/cear\/cercetare-teoretica\/\" class=\"more-link\">Continue reading<span class=\"screen-reader-text\"> &#8220;Cercetare Teoretic\u0103&#8221;<\/span><\/a><\/p>\n","protected":false},"author":3,"featured_media":0,"parent":0,"menu_order":0,"comment_status":"closed","ping_status":"closed","template":"","meta":{"footnotes":""},"class_list":["post-55","page","type-page","status-publish","hentry"],"_links":{"self":[{"href":"https:\/\/www.arteiasi.ro\/cear\/wp-json\/wp\/v2\/pages\/55","targetHints":{"allow":["GET"]}}],"collection":[{"href":"https:\/\/www.arteiasi.ro\/cear\/wp-json\/wp\/v2\/pages"}],"about":[{"href":"https:\/\/www.arteiasi.ro\/cear\/wp-json\/wp\/v2\/types\/page"}],"author":[{"embeddable":true,"href":"https:\/\/www.arteiasi.ro\/cear\/wp-json\/wp\/v2\/users\/3"}],"replies":[{"embeddable":true,"href":"https:\/\/www.arteiasi.ro\/cear\/wp-json\/wp\/v2\/comments?post=55"}],"version-history":[{"count":14,"href":"https:\/\/www.arteiasi.ro\/cear\/wp-json\/wp\/v2\/pages\/55\/revisions"}],"predecessor-version":[{"id":105,"href":"https:\/\/www.arteiasi.ro\/cear\/wp-json\/wp\/v2\/pages\/55\/revisions\/105"}],"wp:attachment":[{"href":"https:\/\/www.arteiasi.ro\/cear\/wp-json\/wp\/v2\/media?parent=55"}],"curies":[{"name":"wp","href":"https:\/\/api.w.org\/{rel}","templated":true}]}}