{"id":48,"date":"2018-02-09T08:43:04","date_gmt":"2018-02-09T08:43:04","guid":{"rendered":"http:\/\/www.arteiasi.ro\/cear\/?page_id=48"},"modified":"2024-01-31T07:28:03","modified_gmt":"2024-01-31T07:28:03","slug":"despre-cear","status":"publish","type":"page","link":"https:\/\/www.arteiasi.ro\/cear\/despre-cear\/","title":{"rendered":"Despre CEAR"},"content":{"rendered":"<p><strong>Centrul de Cercetare Estetic\u0103 \u0219i Crea\u021bie Artistic\u0103<\/strong> a fost \u00eenfiin\u021bat \u00een anul 1996 de profesorul D. N. Zaharia ca entitate de cercetare asociat\u0103 Facult\u0103\u021bii de Arte Plastice \u0219i Design din Ia\u0219i. Ini\u021bial, centrul a urm\u0103rit extinderea investiga\u021biilor actuale de estetic\u0103 teoretic\u0103 aplicat\u0103 artelor vizuale \u0219i explorarea dimensiunii artistice a cercet\u0103rii vie\u021bii contemporane. \u00cen prezent, structura centrului, coordonat de profesori din cadrul specializ\u0103rii Istoria \u0219i Teoria Artei, p\u0103streaz\u0103 cele dou\u0103 direc\u021bii majore de cercetare, extinz\u00e2ndu-le \u00eens\u0103 c\u0103tre alte zone de interes.<\/p>\n<p>Direc\u021bia teoretic\u0103 se focalizeaz\u0103 asupra studiilor expozi\u021bionale precum \u0219i asupra analizei comparate a imaginii \u0219i culturii vizuale \u0219i a utiliz\u0103rii teoriei critice \u00een teoretizarea \u0219i scrierea istoriei artei contemporane. \u00cen cadrul acestei direc\u021bii de cercetare, CEAR organizeaz\u0103 conferin\u021be, dezbateri, mese rotunde, prezent\u0103ri de carte \u0219i \u00ee\u0219i propune s\u0103 editeze o serie de publica\u021bii.<\/p>\n<p>Cercet\u0103rile practice de tip experimental investigheaz\u0103 procesul creator din perspectiva analizei practicilor \u0219i designului expozi\u021bional, a condi\u021biei post-mediale a artei \u0219i a rela\u021biei dintre epistemologia artelor vizuale \u0219i celelalte \u0219tiin\u021be sociale \u0219i naturale, orient\u00e2ndu-se cu prec\u0103dere asupra jurnalismului estetic \u0219i experimental. Rezultatele acestor cercet\u0103ri sunt prezentate sub forma unor proiecte curatoriale, publicistice \u0219i expozi\u021bionale.<\/p>\n<p><strong>ECHIPA CENTRULUI<\/strong><\/p>\n<p><strong>Director:<\/strong><\/p>\n<p style=\"padding-left: 30px;\">Prof. univ. dr. Cristian Nae<\/p>\n<p><strong>Membri:\u00a0<\/strong><\/p>\n<p style=\"padding-left: 30px;\">Prof. univ. dr. Florin Grigora\u0219<br \/>\nProf. univ. dr. C\u0103t\u0103lin Gheorghe<br \/>\nConf. univ. dr. Dan Acostioaei<br \/>\nConf. univ. dr. Lavinia German<br \/>\nConf. univ. dr. Oana Maria Nae<br \/>\nConf. univ. dr. Mihai Vere\u0219tiuc<br \/>\nConf. univ. dr. L\u0103cr\u0103mioara Stratulat<br \/>\nAsistent univ. dr. Cristina Moraru<br \/>\nConf. dr. C\u0103t\u0103lin Soreanu<\/p>\n","protected":false},"excerpt":{"rendered":"<p>Centrul de Cercetare Estetic\u0103 \u0219i Crea\u021bie Artistic\u0103 a fost \u00eenfiin\u021bat \u00een anul 1996 de profesorul D. N. Zaharia ca entitate de cercetare asociat\u0103 Facult\u0103\u021bii de Arte Plastice \u0219i Design din Ia\u0219i. Ini\u021bial, centrul a urm\u0103rit extinderea investiga\u021biilor actuale de estetic\u0103 teoretic\u0103 aplicat\u0103 artelor vizuale \u0219i explorarea dimensiunii artistice a cercet\u0103rii vie\u021bii contemporane. \u00cen prezent, structura &hellip; <\/p>\n<p class=\"link-more\"><a href=\"https:\/\/www.arteiasi.ro\/cear\/despre-cear\/\" class=\"more-link\">Continue reading<span class=\"screen-reader-text\"> &#8220;Despre CEAR&#8221;<\/span><\/a><\/p>\n","protected":false},"author":3,"featured_media":0,"parent":0,"menu_order":0,"comment_status":"closed","ping_status":"closed","template":"","meta":{"footnotes":""},"class_list":["post-48","page","type-page","status-publish","hentry"],"_links":{"self":[{"href":"https:\/\/www.arteiasi.ro\/cear\/wp-json\/wp\/v2\/pages\/48","targetHints":{"allow":["GET"]}}],"collection":[{"href":"https:\/\/www.arteiasi.ro\/cear\/wp-json\/wp\/v2\/pages"}],"about":[{"href":"https:\/\/www.arteiasi.ro\/cear\/wp-json\/wp\/v2\/types\/page"}],"author":[{"embeddable":true,"href":"https:\/\/www.arteiasi.ro\/cear\/wp-json\/wp\/v2\/users\/3"}],"replies":[{"embeddable":true,"href":"https:\/\/www.arteiasi.ro\/cear\/wp-json\/wp\/v2\/comments?post=48"}],"version-history":[{"count":7,"href":"https:\/\/www.arteiasi.ro\/cear\/wp-json\/wp\/v2\/pages\/48\/revisions"}],"predecessor-version":[{"id":160,"href":"https:\/\/www.arteiasi.ro\/cear\/wp-json\/wp\/v2\/pages\/48\/revisions\/160"}],"wp:attachment":[{"href":"https:\/\/www.arteiasi.ro\/cear\/wp-json\/wp\/v2\/media?parent=48"}],"curies":[{"name":"wp","href":"https:\/\/api.w.org\/{rel}","templated":true}]}}