{"id":2,"date":"2016-11-16T17:49:44","date_gmt":"2016-11-16T17:49:44","guid":{"rendered":"http:\/\/www.arteiasi.ro\/cear\/?page_id=2"},"modified":"2021-03-16T11:32:50","modified_gmt":"2021-03-16T11:32:50","slug":"home-page","status":"publish","type":"page","link":"https:\/\/www.arteiasi.ro\/cear\/","title":{"rendered":"Home"},"content":{"rendered":"<p>Centrul de Cercetare Estetic\u0103 \u0219i Crea\u021bie Artistic\u0103 din cadrul Universit\u0103\u021bii Na\u021bionale de Arte \u201eGeorge Enescu\u201d din Ia\u0219i promoveaz\u0103 studiile vizuale \u0219i expozi\u021bionale comparative, \u00eencurajeaz\u0103 cercet\u0103rile de teorie critic\u0103 \u0219i reflec\u021bia asupra istoria artei moderne \u0219i contemporane \u00een context global \u0219i sus\u021bine produc\u021bia de art\u0103 contemporan\u0103 ce rezult\u0103 \u00een urma unor proiecte de cercetare artistic\u0103. Rezultatele acestor studii sunt prezentate at\u00e2t \u00een cadrul unor publica\u021bii \u0219tiin\u021bifice, conferin\u021be \u0219i ateliere critice, c\u00e2t \u0219i prin intermediul unor expozi\u021bii organizate \u00een cadrul <a href=\"http:\/\/aparte.arteiasi.ro\" target=\"_blank\" rel=\"noopener\">Galeriei Aparte<\/a>.<\/p>\n","protected":false},"excerpt":{"rendered":"<p>Centrul de Cercetare Estetic\u0103 \u0219i Crea\u021bie Artistic\u0103 din cadrul Universit\u0103\u021bii Na\u021bionale de Arte \u201eGeorge Enescu\u201d din Ia\u0219i promoveaz\u0103 studiile vizuale \u0219i expozi\u021bionale comparative, \u00eencurajeaz\u0103 cercet\u0103rile de teorie critic\u0103 \u0219i reflec\u021bia asupra istoria artei moderne \u0219i contemporane \u00een context global \u0219i sus\u021bine produc\u021bia de art\u0103 contemporan\u0103 ce rezult\u0103 \u00een urma unor proiecte de cercetare artistic\u0103. Rezultatele &hellip; <\/p>\n<p class=\"link-more\"><a href=\"https:\/\/www.arteiasi.ro\/cear\/\" class=\"more-link\">Continue reading<span class=\"screen-reader-text\"> &#8220;Home&#8221;<\/span><\/a><\/p>\n","protected":false},"author":1,"featured_media":0,"parent":0,"menu_order":0,"comment_status":"closed","ping_status":"closed","template":"","meta":{"footnotes":""},"class_list":["post-2","page","type-page","status-publish","hentry"],"_links":{"self":[{"href":"https:\/\/www.arteiasi.ro\/cear\/wp-json\/wp\/v2\/pages\/2","targetHints":{"allow":["GET"]}}],"collection":[{"href":"https:\/\/www.arteiasi.ro\/cear\/wp-json\/wp\/v2\/pages"}],"about":[{"href":"https:\/\/www.arteiasi.ro\/cear\/wp-json\/wp\/v2\/types\/page"}],"author":[{"embeddable":true,"href":"https:\/\/www.arteiasi.ro\/cear\/wp-json\/wp\/v2\/users\/1"}],"replies":[{"embeddable":true,"href":"https:\/\/www.arteiasi.ro\/cear\/wp-json\/wp\/v2\/comments?post=2"}],"version-history":[{"count":5,"href":"https:\/\/www.arteiasi.ro\/cear\/wp-json\/wp\/v2\/pages\/2\/revisions"}],"predecessor-version":[{"id":130,"href":"https:\/\/www.arteiasi.ro\/cear\/wp-json\/wp\/v2\/pages\/2\/revisions\/130"}],"wp:attachment":[{"href":"https:\/\/www.arteiasi.ro\/cear\/wp-json\/wp\/v2\/media?parent=2"}],"curies":[{"name":"wp","href":"https:\/\/api.w.org\/{rel}","templated":true}]}}