{"id":15,"date":"2016-11-22T09:20:32","date_gmt":"2016-11-22T09:20:32","guid":{"rendered":"http:\/\/www.arteiasi.ro\/cear\/?page_id=15"},"modified":"2024-01-31T07:29:55","modified_gmt":"2024-01-31T07:29:55","slug":"contact","status":"publish","type":"page","link":"https:\/\/www.arteiasi.ro\/cear\/contact\/","title":{"rendered":"Contact"},"content":{"rendered":"<p>Str. S\u0103r\u0103rie nr. 189, Ia\u015fi 700451, Rom\u00e2nia<\/p>\n<p>Telefon: 0751.511296<\/p>\n","protected":false},"excerpt":{"rendered":"<p>Str. S\u0103r\u0103rie nr. 189, Ia\u015fi 700451, Rom\u00e2nia Telefon: 0751.511296<\/p>\n","protected":false},"author":3,"featured_media":0,"parent":0,"menu_order":0,"comment_status":"closed","ping_status":"closed","template":"","meta":{"footnotes":""},"class_list":["post-15","page","type-page","status-publish","hentry"],"_links":{"self":[{"href":"https:\/\/www.arteiasi.ro\/cear\/wp-json\/wp\/v2\/pages\/15","targetHints":{"allow":["GET"]}}],"collection":[{"href":"https:\/\/www.arteiasi.ro\/cear\/wp-json\/wp\/v2\/pages"}],"about":[{"href":"https:\/\/www.arteiasi.ro\/cear\/wp-json\/wp\/v2\/types\/page"}],"author":[{"embeddable":true,"href":"https:\/\/www.arteiasi.ro\/cear\/wp-json\/wp\/v2\/users\/3"}],"replies":[{"embeddable":true,"href":"https:\/\/www.arteiasi.ro\/cear\/wp-json\/wp\/v2\/comments?post=15"}],"version-history":[{"count":2,"href":"https:\/\/www.arteiasi.ro\/cear\/wp-json\/wp\/v2\/pages\/15\/revisions"}],"predecessor-version":[{"id":161,"href":"https:\/\/www.arteiasi.ro\/cear\/wp-json\/wp\/v2\/pages\/15\/revisions\/161"}],"wp:attachment":[{"href":"https:\/\/www.arteiasi.ro\/cear\/wp-json\/wp\/v2\/media?parent=15"}],"curies":[{"name":"wp","href":"https:\/\/api.w.org\/{rel}","templated":true}]}}