{"id":27,"date":"2016-11-05T21:47:38","date_gmt":"2016-11-05T19:47:38","guid":{"rendered":"http:\/\/www.arteiasi.ro\/cam\/?page_id=27"},"modified":"2016-11-10T21:12:37","modified_gmt":"2016-11-10T19:12:37","slug":"prima-pagina","status":"publish","type":"page","link":"https:\/\/www.arteiasi.ro\/cam\/prima-pagina\/","title":{"rendered":"Prima pagin\u0103"},"content":{"rendered":"<p style=\"text-align: justify;\">Centrul de Cercetare a Artei Medievale \u201eVasile Dr\u0103gu\u021b\u201d s-a constituit \u00een cadrul Universit\u0103\u021bii de Arte \u201eGeorge Enescu\u201d, Ia\u015fi, av\u00e2nd ca director pe doamna prof. univ. dr. Tereza Sinigalia. Obiectivul principal este rena\u0219terea interesului pentru cercetarea \u0219tiin\u021bific\u0103 a perioadei medievale \u0219i revalorizarea artei medievale dintr-o perspectiv\u0103 actual\u0103 prin punerea \u00een eviden\u021b\u0103 a nevoii de cunoa\u0219tere \u0219i de explorare a trecutului pentru a ajunge la o bun\u0103 \u00een\u021belegere a actualit\u0103\u021bii, la o bun\u0103 pozi\u021bionare \u00een contemporaneitate \u0219i la p\u0103strarea valorilor istorice.<\/p>\n<p style=\"text-align: justify;\">Echipa Centrului \u00ee\u0219i propune s\u0103 dezvolte cercet\u0103ri \u00een domeniul artei \u0219i culturii medievale, at\u00e2t \u00een spa\u021biul european, c\u00e2t \u0219i \u00een cel rom\u00e2nesc. Lucr\u0103rile Centrului se orienteaz\u0103 \u00een principal spre studiul apari\u021biei \u0219i dezvolt\u0103rii artei medievale pe teritoriul Rom\u00e2niei ca fenomen original de sintez\u0103 \u00eentre elementele artei bizantine, romanice, gotice \u0219i chiar islamice, ad\u0103ugate fondului artistic autohton. Tendin\u021ba de amestec al elementelor autohtone cu cele provenind din marile centre de iradiere artistic\u0103 nu este un fenomen singular. \u00cel reg\u0103sim \u00een contextul mai larg al teritoriilor \u00eenvecinate ca Polonia, Bulgaria, Cehia, Ucraina sau spa\u021biul ex-iugoslav, unde se pot observa caracteristici similare a artei medievale, cu puternice accente locale.<\/p>\n<p style=\"text-align: justify;\">Activit\u0103\u021bile Centrului privilegiaz\u0103 cercet\u0103rile comparatiste \u0219i transdisciplinare, av\u00e2nd \u00een vedere colaborarea cu cercet\u0103tori din alte domenii ale culturii medievale, pentru a putea oferi o imagine complex\u0103 \u0219i o sesizare corect\u0103 a fenomenului abordat. Din acest punct de vedere Centrul \u00ee\u0219i propune colaborarea cu alte centre de cercetare din \u021bar\u0103 \u0219i str\u0103in\u0103tate. Se dore\u0219te favorizarea interdisciplinarit\u0103\u021bii prin studiul diferitelor aspecte care au marcat via\u021ba intelectualului medieval. Studiile comparatiste vizeaz\u0103 domenii ca filosofia, literatura, muzica, teatrul, arhitectura.<\/p>\n<p>&nbsp;<\/p>\n","protected":false},"excerpt":{"rendered":"<p>Centrul de Cercetare a Artei Medievale \u201eVasile Dr\u0103gu\u021b\u201d s-a constituit \u00een cadrul Universit\u0103\u021bii de Arte \u201eGeorge Enescu\u201d, Ia\u015fi, av\u00e2nd ca director pe doamna prof. univ. dr. Tereza Sinigalia. Obiectivul principal este rena\u0219terea interesului pentru cercetarea \u0219tiin\u021bific\u0103 a perioadei medievale \u0219i revalorizarea artei medievale dintr-o perspectiv\u0103 actual\u0103 prin punerea \u00een eviden\u021b\u0103 a nevoii de cunoa\u0219tere \u0219i &hellip; <a href=\"https:\/\/www.arteiasi.ro\/cam\/prima-pagina\/\" class=\"more-link\">Continue reading <span class=\"screen-reader-text\">Prima pagin\u0103<\/span><\/a><\/p>\n","protected":false},"author":1,"featured_media":0,"parent":0,"menu_order":0,"comment_status":"closed","ping_status":"closed","template":"","meta":{"footnotes":""},"class_list":["post-27","page","type-page","status-publish","hentry"],"yoast_head":"<!-- This site is optimized with the Yoast SEO plugin v27.3 - https:\/\/yoast.com\/product\/yoast-seo-wordpress\/ -->\n<title>Prima pagin\u0103 &#8212; Centrul de Cercetare a Artei Medievale \u201dVasile Dr\u0103gu\u021b\u201d<\/title>\n<meta name=\"robots\" content=\"index, follow, max-snippet:-1, max-image-preview:large, max-video-preview:-1\" \/>\n<link rel=\"canonical\" href=\"https:\/\/www.arteiasi.ro\/cam\/prima-pagina\/\" \/>\n<meta property=\"og:locale\" content=\"en_US\" \/>\n<meta property=\"og:type\" content=\"article\" \/>\n<meta property=\"og:title\" content=\"Prima pagin\u0103 &#8212; Centrul de Cercetare a Artei Medievale \u201dVasile Dr\u0103gu\u021b\u201d\" \/>\n<meta property=\"og:description\" content=\"Centrul de Cercetare a Artei Medievale \u201eVasile Dr\u0103gu\u021b\u201d s-a constituit \u00een cadrul Universit\u0103\u021bii de Arte \u201eGeorge Enescu\u201d, Ia\u015fi, av\u00e2nd ca director pe doamna prof. univ. dr. Tereza Sinigalia. Obiectivul principal este rena\u0219terea interesului pentru cercetarea \u0219tiin\u021bific\u0103 a perioadei medievale \u0219i revalorizarea artei medievale dintr-o perspectiv\u0103 actual\u0103 prin punerea \u00een eviden\u021b\u0103 a nevoii de cunoa\u0219tere \u0219i &hellip; Continue reading Prima pagin\u0103\" \/>\n<meta property=\"og:url\" content=\"https:\/\/www.arteiasi.ro\/cam\/prima-pagina\/\" \/>\n<meta property=\"og:site_name\" content=\"Centrul de Cercetare a Artei Medievale \u201dVasile Dr\u0103gu\u021b\u201d\" \/>\n<meta property=\"article:modified_time\" content=\"2016-11-10T19:12:37+00:00\" \/>\n<meta name=\"twitter:card\" content=\"summary_large_image\" \/>\n<meta name=\"twitter:label1\" content=\"Est. reading time\" \/>\n\t<meta name=\"twitter:data1\" content=\"1 minute\" \/>\n<script type=\"application\/ld+json\" class=\"yoast-schema-graph\">{\"@context\":\"https:\\\/\\\/schema.org\",\"@graph\":[{\"@type\":\"WebPage\",\"@id\":\"https:\\\/\\\/www.arteiasi.ro\\\/cam\\\/prima-pagina\\\/\",\"url\":\"https:\\\/\\\/www.arteiasi.ro\\\/cam\\\/prima-pagina\\\/\",\"name\":\"Prima pagin\u0103 &#8212; Centrul de Cercetare a Artei Medievale \u201dVasile Dr\u0103gu\u021b\u201d\",\"isPartOf\":{\"@id\":\"https:\\\/\\\/www.arteiasi.ro\\\/cam\\\/#website\"},\"datePublished\":\"2016-11-05T19:47:38+00:00\",\"dateModified\":\"2016-11-10T19:12:37+00:00\",\"breadcrumb\":{\"@id\":\"https:\\\/\\\/www.arteiasi.ro\\\/cam\\\/prima-pagina\\\/#breadcrumb\"},\"inLanguage\":\"en-US\",\"potentialAction\":[{\"@type\":\"ReadAction\",\"target\":[\"https:\\\/\\\/www.arteiasi.ro\\\/cam\\\/prima-pagina\\\/\"]}]},{\"@type\":\"BreadcrumbList\",\"@id\":\"https:\\\/\\\/www.arteiasi.ro\\\/cam\\\/prima-pagina\\\/#breadcrumb\",\"itemListElement\":[{\"@type\":\"ListItem\",\"position\":1,\"name\":\"Home\",\"item\":\"https:\\\/\\\/www.arteiasi.ro\\\/cam\\\/\"},{\"@type\":\"ListItem\",\"position\":2,\"name\":\"Prima pagin\u0103\"}]},{\"@type\":\"WebSite\",\"@id\":\"https:\\\/\\\/www.arteiasi.ro\\\/cam\\\/#website\",\"url\":\"https:\\\/\\\/www.arteiasi.ro\\\/cam\\\/\",\"name\":\"Centrul de Cercetare a Artei Medievale \u201dVasile Dr\u0103gu\u021b\u201d\",\"description\":\"Facultatea de Arte Vizuale \u0219i Design\",\"publisher\":{\"@id\":\"https:\\\/\\\/www.arteiasi.ro\\\/cam\\\/#organization\"},\"potentialAction\":[{\"@type\":\"SearchAction\",\"target\":{\"@type\":\"EntryPoint\",\"urlTemplate\":\"https:\\\/\\\/www.arteiasi.ro\\\/cam\\\/?s={search_term_string}\"},\"query-input\":{\"@type\":\"PropertyValueSpecification\",\"valueRequired\":true,\"valueName\":\"search_term_string\"}}],\"inLanguage\":\"en-US\"},{\"@type\":\"Organization\",\"@id\":\"https:\\\/\\\/www.arteiasi.ro\\\/cam\\\/#organization\",\"name\":\"Centrul de arta medievala\",\"url\":\"https:\\\/\\\/www.arteiasi.ro\\\/cam\\\/\",\"logo\":{\"@type\":\"ImageObject\",\"inLanguage\":\"en-US\",\"@id\":\"https:\\\/\\\/www.arteiasi.ro\\\/cam\\\/#\\\/schema\\\/logo\\\/image\\\/\",\"url\":\"http:\\\/\\\/www.arteiasi.ro\\\/cam\\\/wp-content\\\/uploads\\\/2016\\\/11\\\/cropped-sigla.png\",\"contentUrl\":\"http:\\\/\\\/www.arteiasi.ro\\\/cam\\\/wp-content\\\/uploads\\\/2016\\\/11\\\/cropped-sigla.png\",\"width\":248,\"height\":75,\"caption\":\"Centrul de arta medievala\"},\"image\":{\"@id\":\"https:\\\/\\\/www.arteiasi.ro\\\/cam\\\/#\\\/schema\\\/logo\\\/image\\\/\"}}]}<\/script>\n<!-- \/ Yoast SEO plugin. -->","yoast_head_json":{"title":"Prima pagin\u0103 &#8212; Centrul de Cercetare a Artei Medievale \u201dVasile Dr\u0103gu\u021b\u201d","robots":{"index":"index","follow":"follow","max-snippet":"max-snippet:-1","max-image-preview":"max-image-preview:large","max-video-preview":"max-video-preview:-1"},"canonical":"https:\/\/www.arteiasi.ro\/cam\/prima-pagina\/","og_locale":"en_US","og_type":"article","og_title":"Prima pagin\u0103 &#8212; Centrul de Cercetare a Artei Medievale \u201dVasile Dr\u0103gu\u021b\u201d","og_description":"Centrul de Cercetare a Artei Medievale \u201eVasile Dr\u0103gu\u021b\u201d s-a constituit \u00een cadrul Universit\u0103\u021bii de Arte \u201eGeorge Enescu\u201d, Ia\u015fi, av\u00e2nd ca director pe doamna prof. univ. dr. Tereza Sinigalia. Obiectivul principal este rena\u0219terea interesului pentru cercetarea \u0219tiin\u021bific\u0103 a perioadei medievale \u0219i revalorizarea artei medievale dintr-o perspectiv\u0103 actual\u0103 prin punerea \u00een eviden\u021b\u0103 a nevoii de cunoa\u0219tere \u0219i &hellip; Continue reading Prima pagin\u0103","og_url":"https:\/\/www.arteiasi.ro\/cam\/prima-pagina\/","og_site_name":"Centrul de Cercetare a Artei Medievale \u201dVasile Dr\u0103gu\u021b\u201d","article_modified_time":"2016-11-10T19:12:37+00:00","twitter_card":"summary_large_image","twitter_misc":{"Est. reading time":"1 minute"},"schema":{"@context":"https:\/\/schema.org","@graph":[{"@type":"WebPage","@id":"https:\/\/www.arteiasi.ro\/cam\/prima-pagina\/","url":"https:\/\/www.arteiasi.ro\/cam\/prima-pagina\/","name":"Prima pagin\u0103 &#8212; Centrul de Cercetare a Artei Medievale \u201dVasile Dr\u0103gu\u021b\u201d","isPartOf":{"@id":"https:\/\/www.arteiasi.ro\/cam\/#website"},"datePublished":"2016-11-05T19:47:38+00:00","dateModified":"2016-11-10T19:12:37+00:00","breadcrumb":{"@id":"https:\/\/www.arteiasi.ro\/cam\/prima-pagina\/#breadcrumb"},"inLanguage":"en-US","potentialAction":[{"@type":"ReadAction","target":["https:\/\/www.arteiasi.ro\/cam\/prima-pagina\/"]}]},{"@type":"BreadcrumbList","@id":"https:\/\/www.arteiasi.ro\/cam\/prima-pagina\/#breadcrumb","itemListElement":[{"@type":"ListItem","position":1,"name":"Home","item":"https:\/\/www.arteiasi.ro\/cam\/"},{"@type":"ListItem","position":2,"name":"Prima pagin\u0103"}]},{"@type":"WebSite","@id":"https:\/\/www.arteiasi.ro\/cam\/#website","url":"https:\/\/www.arteiasi.ro\/cam\/","name":"Centrul de Cercetare a Artei Medievale \u201dVasile Dr\u0103gu\u021b\u201d","description":"Facultatea de Arte Vizuale \u0219i Design","publisher":{"@id":"https:\/\/www.arteiasi.ro\/cam\/#organization"},"potentialAction":[{"@type":"SearchAction","target":{"@type":"EntryPoint","urlTemplate":"https:\/\/www.arteiasi.ro\/cam\/?s={search_term_string}"},"query-input":{"@type":"PropertyValueSpecification","valueRequired":true,"valueName":"search_term_string"}}],"inLanguage":"en-US"},{"@type":"Organization","@id":"https:\/\/www.arteiasi.ro\/cam\/#organization","name":"Centrul de arta medievala","url":"https:\/\/www.arteiasi.ro\/cam\/","logo":{"@type":"ImageObject","inLanguage":"en-US","@id":"https:\/\/www.arteiasi.ro\/cam\/#\/schema\/logo\/image\/","url":"http:\/\/www.arteiasi.ro\/cam\/wp-content\/uploads\/2016\/11\/cropped-sigla.png","contentUrl":"http:\/\/www.arteiasi.ro\/cam\/wp-content\/uploads\/2016\/11\/cropped-sigla.png","width":248,"height":75,"caption":"Centrul de arta medievala"},"image":{"@id":"https:\/\/www.arteiasi.ro\/cam\/#\/schema\/logo\/image\/"}}]}},"_links":{"self":[{"href":"https:\/\/www.arteiasi.ro\/cam\/wp-json\/wp\/v2\/pages\/27","targetHints":{"allow":["GET"]}}],"collection":[{"href":"https:\/\/www.arteiasi.ro\/cam\/wp-json\/wp\/v2\/pages"}],"about":[{"href":"https:\/\/www.arteiasi.ro\/cam\/wp-json\/wp\/v2\/types\/page"}],"author":[{"embeddable":true,"href":"https:\/\/www.arteiasi.ro\/cam\/wp-json\/wp\/v2\/users\/1"}],"replies":[{"embeddable":true,"href":"https:\/\/www.arteiasi.ro\/cam\/wp-json\/wp\/v2\/comments?post=27"}],"version-history":[{"count":4,"href":"https:\/\/www.arteiasi.ro\/cam\/wp-json\/wp\/v2\/pages\/27\/revisions"}],"predecessor-version":[{"id":53,"href":"https:\/\/www.arteiasi.ro\/cam\/wp-json\/wp\/v2\/pages\/27\/revisions\/53"}],"wp:attachment":[{"href":"https:\/\/www.arteiasi.ro\/cam\/wp-json\/wp\/v2\/media?parent=27"}],"curies":[{"name":"wp","href":"https:\/\/api.w.org\/{rel}","templated":true}]}}