{"id":17,"date":"2016-11-05T17:23:42","date_gmt":"2016-11-05T17:23:42","guid":{"rendered":"http:\/\/www.arteiasi.ro\/cam\/?page_id=17"},"modified":"2021-04-28T09:10:26","modified_gmt":"2021-04-28T07:10:26","slug":"colocvii","status":"publish","type":"page","link":"https:\/\/www.arteiasi.ro\/cam\/colocvii\/","title":{"rendered":"Colocvii na\u021bionale \u0219i interna\u021bionale"},"content":{"rendered":"<p id=\"head2\">2014<\/p>\n<p id=\"txt2\"><b>Arts et liturgie\/Art\u0103 \u0219i liturghie<\/b>, 6-8 noiembrie 2014, Ia\u0219i colocviu interna\u021bional <a href=\"http:\/\/www.arteiasi.ro\/centru-arta-medievala\/public_html\/evenimente\/artlit.html\">Prezentare, program, organizatori<\/a><\/p>\n<p id=\"head2\">2013<\/p>\n<p id=\"txt2\"><b>Semnul sacru<\/b>, 27-28 iunie 2013, Ia\u0219i colocviu na\u021bional cu participare interna\u021bional\u0103 <a href=\"http:\/\/www.arteiasi.ro\/centru-arta-medievala\/public_html\/evenimente\/semn.html\">Prezentare, program, organizatori<\/a><\/p>\n<p id=\"head2\">2012<\/p>\n<p id=\"txt2\"><b>Arta medieval\u0103 \u00een orizontul modernit\u0103\u0163ii<\/b>, 3-5 noiembrie 2012, Ia\u0219i colocviu na\u021bional cu participare interna\u021bional\u0103 <a href=\"http:\/\/www.arteiasi.ro\/centru-arta-medievala\/public_html\/evenimente\/artmed.html\">Prezentare, program, organizatori<\/a><\/p>\n","protected":false},"excerpt":{"rendered":"<p>2014 Arts et liturgie\/Art\u0103 \u0219i liturghie, 6-8 noiembrie 2014, Ia\u0219i colocviu interna\u021bional Prezentare, program, organizatori 2013 Semnul sacru, 27-28 iunie 2013, Ia\u0219i colocviu na\u021bional cu participare interna\u021bional\u0103 Prezentare, program, organizatori 2012 Arta medieval\u0103 \u00een orizontul modernit\u0103\u0163ii, 3-5 noiembrie 2012, Ia\u0219i colocviu na\u021bional cu participare interna\u021bional\u0103 Prezentare, program, organizatori<\/p>\n","protected":false},"author":1,"featured_media":0,"parent":0,"menu_order":0,"comment_status":"closed","ping_status":"closed","template":"","meta":{"footnotes":""},"class_list":["post-17","page","type-page","status-publish","hentry"],"yoast_head":"<!-- This site is optimized with the Yoast SEO plugin v27.3 - https:\/\/yoast.com\/product\/yoast-seo-wordpress\/ -->\n<title>Colocvii na\u021bionale \u0219i interna\u021bionale &#8212; Centrul de Cercetare a Artei Medievale \u201dVasile Dr\u0103gu\u021b\u201d<\/title>\n<meta name=\"robots\" content=\"index, follow, max-snippet:-1, max-image-preview:large, max-video-preview:-1\" \/>\n<link rel=\"canonical\" href=\"https:\/\/www.arteiasi.ro\/cam\/colocvii\/\" \/>\n<meta property=\"og:locale\" content=\"en_US\" \/>\n<meta property=\"og:type\" content=\"article\" \/>\n<meta property=\"og:title\" content=\"Colocvii na\u021bionale \u0219i interna\u021bionale &#8212; Centrul de Cercetare a Artei Medievale \u201dVasile Dr\u0103gu\u021b\u201d\" \/>\n<meta property=\"og:description\" content=\"2014 Arts et liturgie\/Art\u0103 \u0219i liturghie, 6-8 noiembrie 2014, Ia\u0219i colocviu interna\u021bional Prezentare, program, organizatori 2013 Semnul sacru, 27-28 iunie 2013, Ia\u0219i colocviu na\u021bional cu participare interna\u021bional\u0103 Prezentare, program, organizatori 2012 Arta medieval\u0103 \u00een orizontul modernit\u0103\u0163ii, 3-5 noiembrie 2012, Ia\u0219i colocviu na\u021bional cu participare interna\u021bional\u0103 Prezentare, program, organizatori\" \/>\n<meta property=\"og:url\" content=\"https:\/\/www.arteiasi.ro\/cam\/colocvii\/\" \/>\n<meta property=\"og:site_name\" content=\"Centrul de Cercetare a Artei Medievale \u201dVasile Dr\u0103gu\u021b\u201d\" \/>\n<meta property=\"article:modified_time\" content=\"2021-04-28T07:10:26+00:00\" \/>\n<meta name=\"twitter:card\" content=\"summary_large_image\" \/>\n<script type=\"application\/ld+json\" class=\"yoast-schema-graph\">{\"@context\":\"https:\\\/\\\/schema.org\",\"@graph\":[{\"@type\":\"WebPage\",\"@id\":\"https:\\\/\\\/www.arteiasi.ro\\\/cam\\\/colocvii\\\/\",\"url\":\"https:\\\/\\\/www.arteiasi.ro\\\/cam\\\/colocvii\\\/\",\"name\":\"Colocvii na\u021bionale \u0219i interna\u021bionale &#8212; Centrul de Cercetare a Artei Medievale \u201dVasile Dr\u0103gu\u021b\u201d\",\"isPartOf\":{\"@id\":\"https:\\\/\\\/www.arteiasi.ro\\\/cam\\\/#website\"},\"datePublished\":\"2016-11-05T17:23:42+00:00\",\"dateModified\":\"2021-04-28T07:10:26+00:00\",\"breadcrumb\":{\"@id\":\"https:\\\/\\\/www.arteiasi.ro\\\/cam\\\/colocvii\\\/#breadcrumb\"},\"inLanguage\":\"en-US\",\"potentialAction\":[{\"@type\":\"ReadAction\",\"target\":[\"https:\\\/\\\/www.arteiasi.ro\\\/cam\\\/colocvii\\\/\"]}]},{\"@type\":\"BreadcrumbList\",\"@id\":\"https:\\\/\\\/www.arteiasi.ro\\\/cam\\\/colocvii\\\/#breadcrumb\",\"itemListElement\":[{\"@type\":\"ListItem\",\"position\":1,\"name\":\"Home\",\"item\":\"https:\\\/\\\/www.arteiasi.ro\\\/cam\\\/\"},{\"@type\":\"ListItem\",\"position\":2,\"name\":\"Colocvii na\u021bionale \u0219i interna\u021bionale\"}]},{\"@type\":\"WebSite\",\"@id\":\"https:\\\/\\\/www.arteiasi.ro\\\/cam\\\/#website\",\"url\":\"https:\\\/\\\/www.arteiasi.ro\\\/cam\\\/\",\"name\":\"Centrul de Cercetare a Artei Medievale \u201dVasile Dr\u0103gu\u021b\u201d\",\"description\":\"Facultatea de Arte Vizuale \u0219i Design\",\"publisher\":{\"@id\":\"https:\\\/\\\/www.arteiasi.ro\\\/cam\\\/#organization\"},\"potentialAction\":[{\"@type\":\"SearchAction\",\"target\":{\"@type\":\"EntryPoint\",\"urlTemplate\":\"https:\\\/\\\/www.arteiasi.ro\\\/cam\\\/?s={search_term_string}\"},\"query-input\":{\"@type\":\"PropertyValueSpecification\",\"valueRequired\":true,\"valueName\":\"search_term_string\"}}],\"inLanguage\":\"en-US\"},{\"@type\":\"Organization\",\"@id\":\"https:\\\/\\\/www.arteiasi.ro\\\/cam\\\/#organization\",\"name\":\"Centrul de arta medievala\",\"url\":\"https:\\\/\\\/www.arteiasi.ro\\\/cam\\\/\",\"logo\":{\"@type\":\"ImageObject\",\"inLanguage\":\"en-US\",\"@id\":\"https:\\\/\\\/www.arteiasi.ro\\\/cam\\\/#\\\/schema\\\/logo\\\/image\\\/\",\"url\":\"http:\\\/\\\/www.arteiasi.ro\\\/cam\\\/wp-content\\\/uploads\\\/2016\\\/11\\\/cropped-sigla.png\",\"contentUrl\":\"http:\\\/\\\/www.arteiasi.ro\\\/cam\\\/wp-content\\\/uploads\\\/2016\\\/11\\\/cropped-sigla.png\",\"width\":248,\"height\":75,\"caption\":\"Centrul de arta medievala\"},\"image\":{\"@id\":\"https:\\\/\\\/www.arteiasi.ro\\\/cam\\\/#\\\/schema\\\/logo\\\/image\\\/\"}}]}<\/script>\n<!-- \/ Yoast SEO plugin. -->","yoast_head_json":{"title":"Colocvii na\u021bionale \u0219i interna\u021bionale &#8212; Centrul de Cercetare a Artei Medievale \u201dVasile Dr\u0103gu\u021b\u201d","robots":{"index":"index","follow":"follow","max-snippet":"max-snippet:-1","max-image-preview":"max-image-preview:large","max-video-preview":"max-video-preview:-1"},"canonical":"https:\/\/www.arteiasi.ro\/cam\/colocvii\/","og_locale":"en_US","og_type":"article","og_title":"Colocvii na\u021bionale \u0219i interna\u021bionale &#8212; Centrul de Cercetare a Artei Medievale \u201dVasile Dr\u0103gu\u021b\u201d","og_description":"2014 Arts et liturgie\/Art\u0103 \u0219i liturghie, 6-8 noiembrie 2014, Ia\u0219i colocviu interna\u021bional Prezentare, program, organizatori 2013 Semnul sacru, 27-28 iunie 2013, Ia\u0219i colocviu na\u021bional cu participare interna\u021bional\u0103 Prezentare, program, organizatori 2012 Arta medieval\u0103 \u00een orizontul modernit\u0103\u0163ii, 3-5 noiembrie 2012, Ia\u0219i colocviu na\u021bional cu participare interna\u021bional\u0103 Prezentare, program, organizatori","og_url":"https:\/\/www.arteiasi.ro\/cam\/colocvii\/","og_site_name":"Centrul de Cercetare a Artei Medievale \u201dVasile Dr\u0103gu\u021b\u201d","article_modified_time":"2021-04-28T07:10:26+00:00","twitter_card":"summary_large_image","schema":{"@context":"https:\/\/schema.org","@graph":[{"@type":"WebPage","@id":"https:\/\/www.arteiasi.ro\/cam\/colocvii\/","url":"https:\/\/www.arteiasi.ro\/cam\/colocvii\/","name":"Colocvii na\u021bionale \u0219i interna\u021bionale &#8212; Centrul de Cercetare a Artei Medievale \u201dVasile Dr\u0103gu\u021b\u201d","isPartOf":{"@id":"https:\/\/www.arteiasi.ro\/cam\/#website"},"datePublished":"2016-11-05T17:23:42+00:00","dateModified":"2021-04-28T07:10:26+00:00","breadcrumb":{"@id":"https:\/\/www.arteiasi.ro\/cam\/colocvii\/#breadcrumb"},"inLanguage":"en-US","potentialAction":[{"@type":"ReadAction","target":["https:\/\/www.arteiasi.ro\/cam\/colocvii\/"]}]},{"@type":"BreadcrumbList","@id":"https:\/\/www.arteiasi.ro\/cam\/colocvii\/#breadcrumb","itemListElement":[{"@type":"ListItem","position":1,"name":"Home","item":"https:\/\/www.arteiasi.ro\/cam\/"},{"@type":"ListItem","position":2,"name":"Colocvii na\u021bionale \u0219i interna\u021bionale"}]},{"@type":"WebSite","@id":"https:\/\/www.arteiasi.ro\/cam\/#website","url":"https:\/\/www.arteiasi.ro\/cam\/","name":"Centrul de Cercetare a Artei Medievale \u201dVasile Dr\u0103gu\u021b\u201d","description":"Facultatea de Arte Vizuale \u0219i Design","publisher":{"@id":"https:\/\/www.arteiasi.ro\/cam\/#organization"},"potentialAction":[{"@type":"SearchAction","target":{"@type":"EntryPoint","urlTemplate":"https:\/\/www.arteiasi.ro\/cam\/?s={search_term_string}"},"query-input":{"@type":"PropertyValueSpecification","valueRequired":true,"valueName":"search_term_string"}}],"inLanguage":"en-US"},{"@type":"Organization","@id":"https:\/\/www.arteiasi.ro\/cam\/#organization","name":"Centrul de arta medievala","url":"https:\/\/www.arteiasi.ro\/cam\/","logo":{"@type":"ImageObject","inLanguage":"en-US","@id":"https:\/\/www.arteiasi.ro\/cam\/#\/schema\/logo\/image\/","url":"http:\/\/www.arteiasi.ro\/cam\/wp-content\/uploads\/2016\/11\/cropped-sigla.png","contentUrl":"http:\/\/www.arteiasi.ro\/cam\/wp-content\/uploads\/2016\/11\/cropped-sigla.png","width":248,"height":75,"caption":"Centrul de arta medievala"},"image":{"@id":"https:\/\/www.arteiasi.ro\/cam\/#\/schema\/logo\/image\/"}}]}},"_links":{"self":[{"href":"https:\/\/www.arteiasi.ro\/cam\/wp-json\/wp\/v2\/pages\/17","targetHints":{"allow":["GET"]}}],"collection":[{"href":"https:\/\/www.arteiasi.ro\/cam\/wp-json\/wp\/v2\/pages"}],"about":[{"href":"https:\/\/www.arteiasi.ro\/cam\/wp-json\/wp\/v2\/types\/page"}],"author":[{"embeddable":true,"href":"https:\/\/www.arteiasi.ro\/cam\/wp-json\/wp\/v2\/users\/1"}],"replies":[{"embeddable":true,"href":"https:\/\/www.arteiasi.ro\/cam\/wp-json\/wp\/v2\/comments?post=17"}],"version-history":[{"count":4,"href":"https:\/\/www.arteiasi.ro\/cam\/wp-json\/wp\/v2\/pages\/17\/revisions"}],"predecessor-version":[{"id":121,"href":"https:\/\/www.arteiasi.ro\/cam\/wp-json\/wp\/v2\/pages\/17\/revisions\/121"}],"wp:attachment":[{"href":"https:\/\/www.arteiasi.ro\/cam\/wp-json\/wp\/v2\/media?parent=17"}],"curies":[{"name":"wp","href":"https:\/\/api.w.org\/{rel}","templated":true}]}}