{"id":11,"date":"2016-11-05T17:20:36","date_gmt":"2016-11-05T17:20:36","guid":{"rendered":"http:\/\/www.arteiasi.ro\/cam\/?page_id=11"},"modified":"2022-04-18T08:38:24","modified_gmt":"2022-04-18T06:38:24","slug":"publicatii","status":"publish","type":"page","link":"https:\/\/www.arteiasi.ro\/cam\/publicatii\/","title":{"rendered":"Publica\u021bii"},"content":{"rendered":"<p><a href=\"http:\/\/anastasis-review.ro\/\">Revista Anastasis<\/a><\/p>\n<p><strong>DOI:<\/strong> 10.35218\/armca<\/p>\n<p>Revista \u0219tiin\u021bific\u0103 <strong>Anastasis. Research in Medieval Culture and Art<\/strong> este indexat\u0103 \u00een bazele de date:<\/p>\n<p><a href=\"https:\/\/www.scopus.com\/freelookup\/form\/author.uri?zone=&amp;origin=NO%20ORIGIN%20DEFINED\" target=\"_blank\" rel=\"noopener noreferrer\">SCOPUS-Elsevier<\/a><br \/>\n<a href=\"https:\/\/dbh.nsd.uib.no\/publiseringskanaler\/erihplus\/periodical\/info.action?id=489940\" target=\"_blank\" rel=\"noopener noreferrer\">European Reference Index for the Humanities (ERIH PLUS )<\/a>\u00a0<a href=\"https:\/\/www.ceeol.com\/search\/journal-detail?id=1608\">\u00a0<\/a><br \/>\n<a href=\"https:\/\/www.ebsco.com\/\" target=\"_blank\" rel=\"noopener noreferrer\">EBSCO \u2013 EBSCOhost Online Research Databases<\/a><br \/>\n<a href=\"https:\/\/www.ceeol.com\/search\/journal-detail?id=1608\">Central and Eastern European Online Library (CEEOL)<\/a><br \/>\n<a href=\"https:\/\/doaj.org\/toc\/2392-9472?source=%7B%22query%22%3A%7B%22filtered%22%3A%7B%22filter%22%3A%7B%22bool%22%3A%7B%22must%22%3A%5B%7B%22term%22%3A%7B%22index.issn.exact%22%3A%222392-9472%22%7D%7D%2C%7B%22term%22%3A%7B%22_type%22%3A%22article%22%7D%7D%5D%7D%7D%2C%22query%22%3A%7B%22match_all%22%3A%7B%7D%7D%7D%7D%2C%22from%22%3A0%2C%22size%22%3A100%7D\" target=\"_blank\" rel=\"noopener noreferrer\">Directory of Open Access Journals (DOAJ)<\/a><br \/>\n<a href=\"http:\/\/www.sindexs.org\/JournalList.aspx?ID=3314\" target=\"_blank\" rel=\"noopener noreferrer\">Scientific Indexing Services<\/a>\u00a0(SIS)<br \/>\n<a href=\"http:\/\/www.scipio.ro\/web\/anastasis.-research-in-medieval-culture-and-art\" target=\"_blank\" rel=\"noopener noreferrer\">Scientific Publishing &amp; Information Online (SCIPIO)<\/a><\/p>\n","protected":false},"excerpt":{"rendered":"<p>Revista Anastasis DOI: 10.35218\/armca Revista \u0219tiin\u021bific\u0103 Anastasis. Research in Medieval Culture and Art este indexat\u0103 \u00een bazele de date: SCOPUS-Elsevier European Reference Index for the Humanities (ERIH PLUS )\u00a0\u00a0 EBSCO \u2013 EBSCOhost Online Research Databases Central and Eastern European Online Library (CEEOL) Directory of Open Access Journals (DOAJ) Scientific Indexing Services\u00a0(SIS) Scientific Publishing &amp; Information &hellip; <a href=\"https:\/\/www.arteiasi.ro\/cam\/publicatii\/\" class=\"more-link\">Continue reading <span class=\"screen-reader-text\">Publica\u021bii<\/span><\/a><\/p>\n","protected":false},"author":1,"featured_media":0,"parent":0,"menu_order":0,"comment_status":"closed","ping_status":"closed","template":"","meta":{"footnotes":""},"class_list":["post-11","page","type-page","status-publish","hentry"],"yoast_head":"<!-- This site is optimized with the Yoast SEO plugin v27.3 - https:\/\/yoast.com\/product\/yoast-seo-wordpress\/ -->\n<title>Publica\u021bii &#8212; Centrul de Cercetare a Artei Medievale \u201dVasile Dr\u0103gu\u021b\u201d<\/title>\n<meta name=\"robots\" content=\"index, follow, max-snippet:-1, max-image-preview:large, max-video-preview:-1\" \/>\n<link rel=\"canonical\" href=\"https:\/\/www.arteiasi.ro\/cam\/publicatii\/\" \/>\n<meta property=\"og:locale\" content=\"en_US\" \/>\n<meta property=\"og:type\" content=\"article\" \/>\n<meta property=\"og:title\" content=\"Publica\u021bii &#8212; Centrul de Cercetare a Artei Medievale \u201dVasile Dr\u0103gu\u021b\u201d\" \/>\n<meta property=\"og:description\" content=\"Revista Anastasis DOI: 10.35218\/armca Revista \u0219tiin\u021bific\u0103 Anastasis. Research in Medieval Culture and Art este indexat\u0103 \u00een bazele de date: SCOPUS-Elsevier European Reference Index for the Humanities (ERIH PLUS )\u00a0\u00a0 EBSCO \u2013 EBSCOhost Online Research Databases Central and Eastern European Online Library (CEEOL) Directory of Open Access Journals (DOAJ) Scientific Indexing Services\u00a0(SIS) Scientific Publishing &amp; Information &hellip; Continue reading Publica\u021bii\" \/>\n<meta property=\"og:url\" content=\"https:\/\/www.arteiasi.ro\/cam\/publicatii\/\" \/>\n<meta property=\"og:site_name\" content=\"Centrul de Cercetare a Artei Medievale \u201dVasile Dr\u0103gu\u021b\u201d\" \/>\n<meta property=\"article:modified_time\" content=\"2022-04-18T06:38:24+00:00\" \/>\n<meta name=\"twitter:card\" content=\"summary_large_image\" \/>\n<script type=\"application\/ld+json\" class=\"yoast-schema-graph\">{\"@context\":\"https:\\\/\\\/schema.org\",\"@graph\":[{\"@type\":\"WebPage\",\"@id\":\"https:\\\/\\\/www.arteiasi.ro\\\/cam\\\/publicatii\\\/\",\"url\":\"https:\\\/\\\/www.arteiasi.ro\\\/cam\\\/publicatii\\\/\",\"name\":\"Publica\u021bii &#8212; Centrul de Cercetare a Artei Medievale \u201dVasile Dr\u0103gu\u021b\u201d\",\"isPartOf\":{\"@id\":\"https:\\\/\\\/www.arteiasi.ro\\\/cam\\\/#website\"},\"datePublished\":\"2016-11-05T17:20:36+00:00\",\"dateModified\":\"2022-04-18T06:38:24+00:00\",\"breadcrumb\":{\"@id\":\"https:\\\/\\\/www.arteiasi.ro\\\/cam\\\/publicatii\\\/#breadcrumb\"},\"inLanguage\":\"en-US\",\"potentialAction\":[{\"@type\":\"ReadAction\",\"target\":[\"https:\\\/\\\/www.arteiasi.ro\\\/cam\\\/publicatii\\\/\"]}]},{\"@type\":\"BreadcrumbList\",\"@id\":\"https:\\\/\\\/www.arteiasi.ro\\\/cam\\\/publicatii\\\/#breadcrumb\",\"itemListElement\":[{\"@type\":\"ListItem\",\"position\":1,\"name\":\"Home\",\"item\":\"https:\\\/\\\/www.arteiasi.ro\\\/cam\\\/\"},{\"@type\":\"ListItem\",\"position\":2,\"name\":\"Publica\u021bii\"}]},{\"@type\":\"WebSite\",\"@id\":\"https:\\\/\\\/www.arteiasi.ro\\\/cam\\\/#website\",\"url\":\"https:\\\/\\\/www.arteiasi.ro\\\/cam\\\/\",\"name\":\"Centrul de Cercetare a Artei Medievale \u201dVasile Dr\u0103gu\u021b\u201d\",\"description\":\"Facultatea de Arte Vizuale \u0219i Design\",\"publisher\":{\"@id\":\"https:\\\/\\\/www.arteiasi.ro\\\/cam\\\/#organization\"},\"potentialAction\":[{\"@type\":\"SearchAction\",\"target\":{\"@type\":\"EntryPoint\",\"urlTemplate\":\"https:\\\/\\\/www.arteiasi.ro\\\/cam\\\/?s={search_term_string}\"},\"query-input\":{\"@type\":\"PropertyValueSpecification\",\"valueRequired\":true,\"valueName\":\"search_term_string\"}}],\"inLanguage\":\"en-US\"},{\"@type\":\"Organization\",\"@id\":\"https:\\\/\\\/www.arteiasi.ro\\\/cam\\\/#organization\",\"name\":\"Centrul de arta medievala\",\"url\":\"https:\\\/\\\/www.arteiasi.ro\\\/cam\\\/\",\"logo\":{\"@type\":\"ImageObject\",\"inLanguage\":\"en-US\",\"@id\":\"https:\\\/\\\/www.arteiasi.ro\\\/cam\\\/#\\\/schema\\\/logo\\\/image\\\/\",\"url\":\"http:\\\/\\\/www.arteiasi.ro\\\/cam\\\/wp-content\\\/uploads\\\/2016\\\/11\\\/cropped-sigla.png\",\"contentUrl\":\"http:\\\/\\\/www.arteiasi.ro\\\/cam\\\/wp-content\\\/uploads\\\/2016\\\/11\\\/cropped-sigla.png\",\"width\":248,\"height\":75,\"caption\":\"Centrul de arta medievala\"},\"image\":{\"@id\":\"https:\\\/\\\/www.arteiasi.ro\\\/cam\\\/#\\\/schema\\\/logo\\\/image\\\/\"}}]}<\/script>\n<!-- \/ Yoast SEO plugin. -->","yoast_head_json":{"title":"Publica\u021bii &#8212; Centrul de Cercetare a Artei Medievale \u201dVasile Dr\u0103gu\u021b\u201d","robots":{"index":"index","follow":"follow","max-snippet":"max-snippet:-1","max-image-preview":"max-image-preview:large","max-video-preview":"max-video-preview:-1"},"canonical":"https:\/\/www.arteiasi.ro\/cam\/publicatii\/","og_locale":"en_US","og_type":"article","og_title":"Publica\u021bii &#8212; Centrul de Cercetare a Artei Medievale \u201dVasile Dr\u0103gu\u021b\u201d","og_description":"Revista Anastasis DOI: 10.35218\/armca Revista \u0219tiin\u021bific\u0103 Anastasis. Research in Medieval Culture and Art este indexat\u0103 \u00een bazele de date: SCOPUS-Elsevier European Reference Index for the Humanities (ERIH PLUS )\u00a0\u00a0 EBSCO \u2013 EBSCOhost Online Research Databases Central and Eastern European Online Library (CEEOL) Directory of Open Access Journals (DOAJ) Scientific Indexing Services\u00a0(SIS) Scientific Publishing &amp; Information &hellip; Continue reading Publica\u021bii","og_url":"https:\/\/www.arteiasi.ro\/cam\/publicatii\/","og_site_name":"Centrul de Cercetare a Artei Medievale \u201dVasile Dr\u0103gu\u021b\u201d","article_modified_time":"2022-04-18T06:38:24+00:00","twitter_card":"summary_large_image","schema":{"@context":"https:\/\/schema.org","@graph":[{"@type":"WebPage","@id":"https:\/\/www.arteiasi.ro\/cam\/publicatii\/","url":"https:\/\/www.arteiasi.ro\/cam\/publicatii\/","name":"Publica\u021bii &#8212; Centrul de Cercetare a Artei Medievale \u201dVasile Dr\u0103gu\u021b\u201d","isPartOf":{"@id":"https:\/\/www.arteiasi.ro\/cam\/#website"},"datePublished":"2016-11-05T17:20:36+00:00","dateModified":"2022-04-18T06:38:24+00:00","breadcrumb":{"@id":"https:\/\/www.arteiasi.ro\/cam\/publicatii\/#breadcrumb"},"inLanguage":"en-US","potentialAction":[{"@type":"ReadAction","target":["https:\/\/www.arteiasi.ro\/cam\/publicatii\/"]}]},{"@type":"BreadcrumbList","@id":"https:\/\/www.arteiasi.ro\/cam\/publicatii\/#breadcrumb","itemListElement":[{"@type":"ListItem","position":1,"name":"Home","item":"https:\/\/www.arteiasi.ro\/cam\/"},{"@type":"ListItem","position":2,"name":"Publica\u021bii"}]},{"@type":"WebSite","@id":"https:\/\/www.arteiasi.ro\/cam\/#website","url":"https:\/\/www.arteiasi.ro\/cam\/","name":"Centrul de Cercetare a Artei Medievale \u201dVasile Dr\u0103gu\u021b\u201d","description":"Facultatea de Arte Vizuale \u0219i Design","publisher":{"@id":"https:\/\/www.arteiasi.ro\/cam\/#organization"},"potentialAction":[{"@type":"SearchAction","target":{"@type":"EntryPoint","urlTemplate":"https:\/\/www.arteiasi.ro\/cam\/?s={search_term_string}"},"query-input":{"@type":"PropertyValueSpecification","valueRequired":true,"valueName":"search_term_string"}}],"inLanguage":"en-US"},{"@type":"Organization","@id":"https:\/\/www.arteiasi.ro\/cam\/#organization","name":"Centrul de arta medievala","url":"https:\/\/www.arteiasi.ro\/cam\/","logo":{"@type":"ImageObject","inLanguage":"en-US","@id":"https:\/\/www.arteiasi.ro\/cam\/#\/schema\/logo\/image\/","url":"http:\/\/www.arteiasi.ro\/cam\/wp-content\/uploads\/2016\/11\/cropped-sigla.png","contentUrl":"http:\/\/www.arteiasi.ro\/cam\/wp-content\/uploads\/2016\/11\/cropped-sigla.png","width":248,"height":75,"caption":"Centrul de arta medievala"},"image":{"@id":"https:\/\/www.arteiasi.ro\/cam\/#\/schema\/logo\/image\/"}}]}},"_links":{"self":[{"href":"https:\/\/www.arteiasi.ro\/cam\/wp-json\/wp\/v2\/pages\/11","targetHints":{"allow":["GET"]}}],"collection":[{"href":"https:\/\/www.arteiasi.ro\/cam\/wp-json\/wp\/v2\/pages"}],"about":[{"href":"https:\/\/www.arteiasi.ro\/cam\/wp-json\/wp\/v2\/types\/page"}],"author":[{"embeddable":true,"href":"https:\/\/www.arteiasi.ro\/cam\/wp-json\/wp\/v2\/users\/1"}],"replies":[{"embeddable":true,"href":"https:\/\/www.arteiasi.ro\/cam\/wp-json\/wp\/v2\/comments?post=11"}],"version-history":[{"count":3,"href":"https:\/\/www.arteiasi.ro\/cam\/wp-json\/wp\/v2\/pages\/11\/revisions"}],"predecessor-version":[{"id":127,"href":"https:\/\/www.arteiasi.ro\/cam\/wp-json\/wp\/v2\/pages\/11\/revisions\/127"}],"wp:attachment":[{"href":"https:\/\/www.arteiasi.ro\/cam\/wp-json\/wp\/v2\/media?parent=11"}],"curies":[{"name":"wp","href":"https:\/\/api.w.org\/{rel}","templated":true}]}}